{"id":546683,"date":"2025-02-27T10:41:30","date_gmt":"2025-02-27T13:41:30","guid":{"rendered":"https:\/\/fgmdentalgroup.com\/blog\/"},"modified":"2025-02-27T10:47:43","modified_gmt":"2025-02-27T13:47:43","slug":"blog","status":"publish","type":"page","link":"https:\/\/fgmdentalgroup.com\/sv\/blog\/","title":{"rendered":"Blog"},"content":{"rendered":"\t\t<div data-elementor-type=\"wp-page\" data-elementor-id=\"546683\" class=\"elementor elementor-546683 elementor-546678\" data-elementor-post-type=\"page\">\n\t\t\t\t<div class=\"elementor-element elementor-element-4b0ba1c e-flex e-con-boxed e-con e-parent\" data-id=\"4b0ba1c\" data-element_type=\"container\" data-settings=\"{&quot;jet_parallax_layout_list&quot;:[]}\">\n\t\t\t\t\t<div class=\"e-con-inner\">\n\t\t<div class=\"elementor-element elementor-element-7d3c3af e-flex e-con-boxed e-con e-child\" data-id=\"7d3c3af\" data-element_type=\"container\" data-settings=\"{&quot;background_background&quot;:&quot;gradient&quot;,&quot;jet_parallax_layout_list&quot;:[]}\">\n\t\t\t\t\t<div class=\"e-con-inner\">\n\t\t\t\t<div class=\"elementor-element elementor-element-791d369 elementor-widget elementor-widget-heading\" data-id=\"791d369\" data-element_type=\"widget\" data-widget_type=\"heading.default\">\n\t\t\t\t<div class=\"elementor-widget-container\">\n\t\t\t<h1 class=\"elementor-heading-title elementor-size-default\">Blog<\/h1>\t\t<\/div>\n\t\t\t\t<\/div>\n\t\t\t\t\t<\/div>\n\t\t\t\t<\/div>\n\t\t\t\t\t<\/div>\n\t\t\t\t<\/div>\n\t\t<div class=\"elementor-element elementor-element-5d960bf e-flex e-con-boxed e-con e-child\" data-id=\"5d960bf\" data-element_type=\"container\" data-settings=\"{&quot;jet_parallax_layout_list&quot;:[]}\">\n\t\t\t\t\t<div class=\"e-con-inner\">\n\t\t\t\t<div class=\"elementor-element elementor-element-c11d3d0 elementor-widget elementor-widget-jet-listing-grid\" data-id=\"c11d3d0\" data-element_type=\"widget\" data-settings=\"{&quot;columns&quot;:3,&quot;columns_tablet&quot;:&quot;2&quot;,&quot;columns_mobile&quot;:&quot;1&quot;}\" data-widget_type=\"jet-listing-grid.default\">\n\t\t\t\t<div class=\"elementor-widget-container\">\n\t\t\t<div class=\"jet-listing-grid jet-listing\"><div class=\"jet-listing-grid__items grid-col-desk-3 grid-col-tablet-2 grid-col-mobile-1 jet-listing-grid--290075 jet-equal-columns__wrapper\" data-queried-id=\"546683|WP_Post\" data-nav=\"{&quot;enabled&quot;:true,&quot;type&quot;:&quot;click&quot;,&quot;more_el&quot;:&quot;#load_more_blog_BG&quot;,&quot;query&quot;:{&quot;post_status&quot;:[&quot;publish&quot;],&quot;post_type&quot;:&quot;post&quot;,&quot;posts_per_page&quot;:&quot;9&quot;,&quot;paged&quot;:&quot;1&quot;,&quot;ignore_sticky_posts&quot;:&quot;1&quot;,&quot;tax_query&quot;:[{&quot;taxonomy&quot;:&quot;category&quot;,&quot;field&quot;:&quot;name&quot;,&quot;terms&quot;:[&quot;posts&quot;],&quot;operator&quot;:&quot;IN&quot;}],&quot;suppress_filters&quot;:false,&quot;jet_smart_filters&quot;:&quot;jet-engine\\\/default&quot;},&quot;widget_settings&quot;:{&quot;lisitng_id&quot;:290075,&quot;posts_num&quot;:9,&quot;columns&quot;:3,&quot;columns_tablet&quot;:2,&quot;columns_mobile&quot;:1,&quot;is_archive_template&quot;:&quot;&quot;,&quot;post_status&quot;:[&quot;publish&quot;],&quot;use_random_posts_num&quot;:&quot;&quot;,&quot;max_posts_num&quot;:9,&quot;not_found_message&quot;:&quot;No data was found&quot;,&quot;is_masonry&quot;:false,&quot;equal_columns_height&quot;:&quot;yes&quot;,&quot;use_load_more&quot;:&quot;yes&quot;,&quot;load_more_id&quot;:&quot;load_more_blog_BG&quot;,&quot;load_more_type&quot;:&quot;click&quot;,&quot;load_more_offset&quot;:{&quot;unit&quot;:&quot;px&quot;,&quot;size&quot;:0,&quot;sizes&quot;:[]},&quot;use_custom_post_types&quot;:&quot;&quot;,&quot;custom_post_types&quot;:[],&quot;hide_widget_if&quot;:&quot;empty_query&quot;,&quot;carousel_enabled&quot;:&quot;&quot;,&quot;slides_to_scroll&quot;:&quot;1&quot;,&quot;arrows&quot;:&quot;true&quot;,&quot;arrow_icon&quot;:&quot;fa fa-angle-left&quot;,&quot;dots&quot;:&quot;&quot;,&quot;autoplay&quot;:&quot;true&quot;,&quot;pause_on_hover&quot;:&quot;true&quot;,&quot;autoplay_speed&quot;:5000,&quot;infinite&quot;:&quot;true&quot;,&quot;center_mode&quot;:&quot;&quot;,&quot;effect&quot;:&quot;slide&quot;,&quot;speed&quot;:500,&quot;inject_alternative_items&quot;:&quot;&quot;,&quot;injection_items&quot;:[],&quot;scroll_slider_enabled&quot;:&quot;&quot;,&quot;scroll_slider_on&quot;:[&quot;desktop&quot;,&quot;tablet&quot;,&quot;mobile&quot;],&quot;custom_query&quot;:false,&quot;custom_query_id&quot;:&quot;&quot;,&quot;_element_id&quot;:&quot;&quot;}}\" data-page=\"1\" data-pages=\"1\" data-listing-source=\"posts\" data-listing-id=\"290075\" data-query-id=\"\"><div class=\"jet-listing-grid__item jet-listing-dynamic-post-546533 jet-equal-columns\" data-post-id=\"546533\" ><div class=\"jet-engine-listing-overlay-wrap\" data-url=\"https:\/\/fgmdentalgroup.com\/sv\/blog\/posts\/whiteness-perfect-utsedd-till-basta-hemmablekningsmedel-fyra-ar-i-rad-av-dental-advisor-i-usa\/\">\t\t<div data-elementor-type=\"jet-listing-items\" data-elementor-id=\"290075\" class=\"elementor elementor-290075\" data-elementor-post-type=\"jet-engine\">\n\t\t\t\t<a class=\"elementor-element elementor-element-bacac15 e-flex e-con-boxed e-con e-parent\" data-id=\"bacac15\" data-element_type=\"container\" data-settings=\"{&quot;jet_parallax_layout_list&quot;:[]}\" href=\"https:\/\/fgmdentalgroup.com\/sv\/blog\/posts\/whiteness-perfect-utsedd-till-basta-hemmablekningsmedel-fyra-ar-i-rad-av-dental-advisor-i-usa\/\">\n\t\t\t\t\t<div class=\"e-con-inner\">\n\t\t\t\t<div class=\"elementor-element elementor-element-d7aca6a elementor-widget__width-initial elementor-widget elementor-widget-image\" data-id=\"d7aca6a\" data-element_type=\"widget\" data-widget_type=\"image.default\">\n\t\t\t\t<div class=\"elementor-widget-container\">\n\t\t\t\t\t\t\t\t\t\t\t\t\t<img fetchpriority=\"high\" decoding=\"async\" width=\"768\" height=\"240\" src=\"https:\/\/fgmdentalgroup.com\/wp-content\/uploads\/2023\/01\/blog-perfect-selo-1.png\" class=\"attachment-medium_large size-medium_large wp-image-380508\" alt=\"\" srcset=\"https:\/\/fgmdentalgroup.com\/wp-content\/uploads\/2023\/01\/blog-perfect-selo-1.png 1920w, https:\/\/fgmdentalgroup.com\/wp-content\/uploads\/2023\/01\/blog-perfect-selo-1-300x94.png 300w\" sizes=\"(max-width: 768px) 100vw, 768px\" title=\"\">\t\t\t\t\t\t\t\t\t\t\t\t\t<\/div>\n\t\t\t\t<\/div>\n\t\t<div class=\"elementor-element elementor-element-9c08d00 e-flex e-con-boxed e-con e-child\" data-id=\"9c08d00\" data-element_type=\"container\" data-settings=\"{&quot;jet_parallax_layout_list&quot;:[]}\">\n\t\t\t\t\t<div class=\"e-con-inner\">\n\t\t\t\t<div class=\"elementor-element elementor-element-fdf4ea9 elementor-widget elementor-widget-jet-listing-dynamic-terms\" data-id=\"fdf4ea9\" data-element_type=\"widget\" data-widget_type=\"jet-listing-dynamic-terms.default\">\n\t\t\t\t<div class=\"elementor-widget-container\">\n\t\t\t<div class=\"jet-listing jet-listing-dynamic-terms\"><span class=\"jet-listing-dynamic-terms__link\">FGM News<\/span><\/div>\t\t<\/div>\n\t\t\t\t<\/div>\n\t\t\t\t<div class=\"elementor-element elementor-element-2bbd8fb elementor-widget elementor-widget-jet-listing-dynamic-terms\" data-id=\"2bbd8fb\" data-element_type=\"widget\" data-widget_type=\"jet-listing-dynamic-terms.default\">\n\t\t\t\t<div class=\"elementor-widget-container\">\n\t\t\t<div class=\"jet-listing jet-listing-dynamic-terms\"><span class=\"jet-listing-dynamic-terms__link\">blekningsprodukter<\/span><\/div>\t\t<\/div>\n\t\t\t\t<\/div>\n\t\t\t\t\t<\/div>\n\t\t\t\t<\/div>\n\t\t\t\t<div class=\"elementor-element elementor-element-5fbaa42 elementor-widget__width-inherit elementor-widget elementor-widget-jet-listing-dynamic-field\" data-id=\"5fbaa42\" data-element_type=\"widget\" data-widget_type=\"jet-listing-dynamic-field.default\">\n\t\t\t\t<div class=\"elementor-widget-container\">\n\t\t\t<div class=\"jet-listing jet-listing-dynamic-field display-inline\"><div class=\"jet-listing-dynamic-field__inline-wrap\"><h4 class=\"jet-listing-dynamic-field__content\">Whiteness Perfect: Utsedd till b\u00e4sta hemmablekningsmedel fyra \u00e5r i rad av Dental Adviso...<\/h4><\/div><\/div>\t\t<\/div>\n\t\t\t\t<\/div>\n\t\t\t\t<div class=\"elementor-element elementor-element-c878513 elementor-widget elementor-widget-text-editor\" data-id=\"c878513\" data-element_type=\"widget\" data-widget_type=\"text-editor.default\">\n\t\t\t\t<div class=\"elementor-widget-container\">\n\t\t\t\t\t\t\t27\/01\/2023\t\t\t\t\t\t<\/div>\n\t\t\t\t<\/div>\n\t\t\t\t\t<\/div>\n\t\t\t\t<\/a>\n\t\t\t\t<\/div>\n\t\t<a href=\"https:\/\/fgmdentalgroup.com\/sv\/blog\/posts\/whiteness-perfect-utsedd-till-basta-hemmablekningsmedel-fyra-ar-i-rad-av-dental-advisor-i-usa\/\" class=\"jet-engine-listing-overlay-link\"><\/a><\/div><\/div><div class=\"jet-listing-grid__item jet-listing-dynamic-post-504708 jet-equal-columns\" data-post-id=\"504708\" ><div class=\"jet-engine-listing-overlay-wrap\" data-url=\"https:\/\/fgmdentalgroup.com\/sv\/blog\/posts\/hur-man-valjer-blekningsmedel-for-min-patient\/\">\t\t<div data-elementor-type=\"jet-listing-items\" data-elementor-id=\"290075\" class=\"elementor elementor-290075\" data-elementor-post-type=\"jet-engine\">\n\t\t\t\t<a class=\"elementor-element elementor-element-bacac15 e-flex e-con-boxed e-con e-parent\" data-id=\"bacac15\" data-element_type=\"container\" data-settings=\"{&quot;jet_parallax_layout_list&quot;:[]}\" href=\"https:\/\/fgmdentalgroup.com\/sv\/blog\/posts\/hur-man-valjer-blekningsmedel-for-min-patient\/\">\n\t\t\t\t\t<div class=\"e-con-inner\">\n\t\t\t\t<div class=\"elementor-element elementor-element-d7aca6a elementor-widget__width-initial elementor-widget elementor-widget-image\" data-id=\"d7aca6a\" data-element_type=\"widget\" data-widget_type=\"image.default\">\n\t\t\t\t<div class=\"elementor-widget-container\">\n\t\t\t\t\t\t\t\t\t\t\t\t\t<img decoding=\"async\" width=\"768\" height=\"276\" src=\"https:\/\/fgmdentalgroup.com\/wp-content\/uploads\/2022\/07\/f0h1i3dfts8-768x276.jpg\" class=\"attachment-medium_large size-medium_large wp-image-303024\" alt=\"\" srcset=\"https:\/\/fgmdentalgroup.com\/wp-content\/uploads\/2022\/07\/f0h1i3dfts8-768x276.jpg 768w, https:\/\/fgmdentalgroup.com\/wp-content\/uploads\/2022\/07\/f0h1i3dfts8-300x108.jpg 300w, https:\/\/fgmdentalgroup.com\/wp-content\/uploads\/2022\/07\/f0h1i3dfts8-1024x367.jpg 1024w, https:\/\/fgmdentalgroup.com\/wp-content\/uploads\/2022\/07\/f0h1i3dfts8-1536x551.jpg 1536w, https:\/\/fgmdentalgroup.com\/wp-content\/uploads\/2022\/07\/f0h1i3dfts8.jpg 1920w\" sizes=\"(max-width: 768px) 100vw, 768px\" title=\"\">\t\t\t\t\t\t\t\t\t\t\t\t\t<\/div>\n\t\t\t\t<\/div>\n\t\t<div class=\"elementor-element elementor-element-9c08d00 e-flex e-con-boxed e-con e-child\" data-id=\"9c08d00\" data-element_type=\"container\" data-settings=\"{&quot;jet_parallax_layout_list&quot;:[]}\">\n\t\t\t\t\t<div class=\"e-con-inner\">\n\t\t\t\t<div class=\"elementor-element elementor-element-fdf4ea9 elementor-widget elementor-widget-jet-listing-dynamic-terms\" data-id=\"fdf4ea9\" data-element_type=\"widget\" data-widget_type=\"jet-listing-dynamic-terms.default\">\n\t\t\t\t<div class=\"elementor-widget-container\">\n\t\t\t<div class=\"jet-listing jet-listing-dynamic-terms\"><span class=\"jet-listing-dynamic-terms__link\">FGM News<\/span><\/div>\t\t<\/div>\n\t\t\t\t<\/div>\n\t\t\t\t<div class=\"elementor-element elementor-element-2bbd8fb elementor-widget elementor-widget-jet-listing-dynamic-terms\" data-id=\"2bbd8fb\" data-element_type=\"widget\" data-widget_type=\"jet-listing-dynamic-terms.default\">\n\t\t\t\t<div class=\"elementor-widget-container\">\n\t\t\t<div class=\"jet-listing jet-listing-dynamic-terms\"><span class=\"jet-listing-dynamic-terms__link\">blekningsprodukter<\/span><\/div>\t\t<\/div>\n\t\t\t\t<\/div>\n\t\t\t\t\t<\/div>\n\t\t\t\t<\/div>\n\t\t\t\t<div class=\"elementor-element elementor-element-5fbaa42 elementor-widget__width-inherit elementor-widget elementor-widget-jet-listing-dynamic-field\" data-id=\"5fbaa42\" data-element_type=\"widget\" data-widget_type=\"jet-listing-dynamic-field.default\">\n\t\t\t\t<div class=\"elementor-widget-container\">\n\t\t\t<div class=\"jet-listing jet-listing-dynamic-field display-inline\"><div class=\"jet-listing-dynamic-field__inline-wrap\"><h4 class=\"jet-listing-dynamic-field__content\">Hur man v\u00e4ljer blekningsmedel f\u00f6r min patient<\/h4><\/div><\/div>\t\t<\/div>\n\t\t\t\t<\/div>\n\t\t\t\t<div class=\"elementor-element elementor-element-c878513 elementor-widget elementor-widget-text-editor\" data-id=\"c878513\" data-element_type=\"widget\" data-widget_type=\"text-editor.default\">\n\t\t\t\t<div class=\"elementor-widget-container\">\n\t\t\t\t\t\t\t03\/12\/2021\t\t\t\t\t\t<\/div>\n\t\t\t\t<\/div>\n\t\t\t\t\t<\/div>\n\t\t\t\t<\/a>\n\t\t\t\t<\/div>\n\t\t<a href=\"https:\/\/fgmdentalgroup.com\/sv\/blog\/posts\/hur-man-valjer-blekningsmedel-for-min-patient\/\" class=\"jet-engine-listing-overlay-link\"><\/a><\/div><\/div><div class=\"jet-listing-grid__item jet-listing-dynamic-post-542629 jet-equal-columns\" data-post-id=\"542629\" ><div class=\"jet-engine-listing-overlay-wrap\" data-url=\"https:\/\/fgmdentalgroup.com\/sv\/blog\/posts\/kliniskt-protokoll-for-applicering-av-fissur-och-gropforsegling\/\">\t\t<div data-elementor-type=\"jet-listing-items\" data-elementor-id=\"290075\" class=\"elementor elementor-290075\" data-elementor-post-type=\"jet-engine\">\n\t\t\t\t<a class=\"elementor-element elementor-element-bacac15 e-flex e-con-boxed e-con e-parent\" data-id=\"bacac15\" data-element_type=\"container\" data-settings=\"{&quot;jet_parallax_layout_list&quot;:[]}\" href=\"https:\/\/fgmdentalgroup.com\/sv\/blog\/posts\/kliniskt-protokoll-for-applicering-av-fissur-och-gropforsegling\/\">\n\t\t\t\t\t<div class=\"e-con-inner\">\n\t\t\t\t<div class=\"elementor-element elementor-element-d7aca6a elementor-widget__width-initial elementor-widget elementor-widget-image\" data-id=\"d7aca6a\" data-element_type=\"widget\" data-widget_type=\"image.default\">\n\t\t\t\t<div class=\"elementor-widget-container\">\n\t\t\t\t\t\t\t\t\t\t\t\t\t<img decoding=\"async\" width=\"768\" height=\"228\" src=\"https:\/\/fgmdentalgroup.com\/wp-content\/uploads\/2016\/02\/Figura-12-e1690556165754.jpg\" class=\"attachment-medium_large size-medium_large wp-image-426367\" alt=\"Sequ\u00eancia observando a adapta\u00e7\u00e3o do selante Prevent (FGM) no sulco e os prolongamentos resinosos\" title=\"\">\t\t\t\t\t\t\t\t\t\t\t\t\t<\/div>\n\t\t\t\t<\/div>\n\t\t<div class=\"elementor-element elementor-element-9c08d00 e-flex e-con-boxed e-con e-child\" data-id=\"9c08d00\" data-element_type=\"container\" data-settings=\"{&quot;jet_parallax_layout_list&quot;:[]}\">\n\t\t\t\t\t<div class=\"e-con-inner\">\n\t\t\t\t<div class=\"elementor-element elementor-element-fdf4ea9 elementor-widget elementor-widget-jet-listing-dynamic-terms\" data-id=\"fdf4ea9\" data-element_type=\"widget\" data-widget_type=\"jet-listing-dynamic-terms.default\">\n\t\t\t\t<div class=\"elementor-widget-container\">\n\t\t\t<div class=\"jet-listing jet-listing-dynamic-terms\"><span class=\"jet-listing-dynamic-terms__link\">Casos Cl\u00ednicos<\/span><\/div>\t\t<\/div>\n\t\t\t\t<\/div>\n\t\t\t\t<div class=\"elementor-element elementor-element-2bbd8fb elementor-widget elementor-widget-jet-listing-dynamic-terms\" data-id=\"2bbd8fb\" data-element_type=\"widget\" data-widget_type=\"jet-listing-dynamic-terms.default\">\n\t\t\t\t<div class=\"elementor-widget-container\">\n\t\t\t<div class=\"jet-listing jet-listing-dynamic-terms\"><span class=\"jet-listing-dynamic-terms__link\">Estetik<\/span><\/div>\t\t<\/div>\n\t\t\t\t<\/div>\n\t\t\t\t\t<\/div>\n\t\t\t\t<\/div>\n\t\t\t\t<div class=\"elementor-element elementor-element-5fbaa42 elementor-widget__width-inherit elementor-widget elementor-widget-jet-listing-dynamic-field\" data-id=\"5fbaa42\" data-element_type=\"widget\" data-widget_type=\"jet-listing-dynamic-field.default\">\n\t\t\t\t<div class=\"elementor-widget-container\">\n\t\t\t<div class=\"jet-listing jet-listing-dynamic-field display-inline\"><div class=\"jet-listing-dynamic-field__inline-wrap\"><h4 class=\"jet-listing-dynamic-field__content\">Kliniskt protokoll f\u00f6r applicering av fissur- och gropf\u00f6rsegling<\/h4><\/div><\/div>\t\t<\/div>\n\t\t\t\t<\/div>\n\t\t\t\t<div class=\"elementor-element elementor-element-c878513 elementor-widget elementor-widget-text-editor\" data-id=\"c878513\" data-element_type=\"widget\" data-widget_type=\"text-editor.default\">\n\t\t\t\t<div class=\"elementor-widget-container\">\n\t\t\t\t\t\t\t24\/02\/2016\t\t\t\t\t\t<\/div>\n\t\t\t\t<\/div>\n\t\t\t\t\t<\/div>\n\t\t\t\t<\/a>\n\t\t\t\t<\/div>\n\t\t<a href=\"https:\/\/fgmdentalgroup.com\/sv\/blog\/posts\/kliniskt-protokoll-for-applicering-av-fissur-och-gropforsegling\/\" class=\"jet-engine-listing-overlay-link\"><\/a><\/div><\/div><div class=\"jet-listing-grid__item jet-listing-dynamic-post-542624 jet-equal-columns\" data-post-id=\"542624\" ><div class=\"jet-engine-listing-overlay-wrap\" data-url=\"https:\/\/fgmdentalgroup.com\/sv\/blog\/posts\/en-tand-kan-ha-upp-till-fyra-kanaler-forsta-fysiologin\/\">\t\t<div data-elementor-type=\"jet-listing-items\" data-elementor-id=\"290075\" class=\"elementor elementor-290075\" data-elementor-post-type=\"jet-engine\">\n\t\t\t\t<a class=\"elementor-element elementor-element-bacac15 e-flex e-con-boxed e-con e-parent\" data-id=\"bacac15\" data-element_type=\"container\" data-settings=\"{&quot;jet_parallax_layout_list&quot;:[]}\" href=\"https:\/\/fgmdentalgroup.com\/sv\/blog\/posts\/en-tand-kan-ha-upp-till-fyra-kanaler-forsta-fysiologin\/\">\n\t\t\t\t\t<div class=\"e-con-inner\">\n\t\t\t\t<div class=\"elementor-element elementor-element-d7aca6a elementor-widget__width-initial elementor-widget elementor-widget-image\" data-id=\"d7aca6a\" data-element_type=\"widget\" data-widget_type=\"image.default\">\n\t\t\t\t<div class=\"elementor-widget-container\">\n\t\t\t\t\t\t\t\t\t\t\t\t\t<img loading=\"lazy\" decoding=\"async\" width=\"768\" height=\"576\" src=\"https:\/\/fgmdentalgroup.com\/wp-content\/uploads\/2014\/03\/saiba-como-a-tecnologia-faz-a-diferenca-no-tratamento-de-canal.webp\" class=\"attachment-medium_large size-medium_large wp-image-476259\" alt=\"\" srcset=\"https:\/\/fgmdentalgroup.com\/wp-content\/uploads\/2014\/03\/saiba-como-a-tecnologia-faz-a-diferenca-no-tratamento-de-canal.webp 1024w, https:\/\/fgmdentalgroup.com\/wp-content\/uploads\/2014\/03\/saiba-como-a-tecnologia-faz-a-diferenca-no-tratamento-de-canal-300x225.webp 300w\" sizes=\"(max-width: 768px) 100vw, 768px\" title=\"\">\t\t\t\t\t\t\t\t\t\t\t\t\t<\/div>\n\t\t\t\t<\/div>\n\t\t<div class=\"elementor-element elementor-element-9c08d00 e-flex e-con-boxed e-con e-child\" data-id=\"9c08d00\" data-element_type=\"container\" data-settings=\"{&quot;jet_parallax_layout_list&quot;:[]}\">\n\t\t\t\t\t<div class=\"e-con-inner\">\n\t\t\t\t<div class=\"elementor-element elementor-element-fdf4ea9 elementor-widget elementor-widget-jet-listing-dynamic-terms\" data-id=\"fdf4ea9\" data-element_type=\"widget\" data-widget_type=\"jet-listing-dynamic-terms.default\">\n\t\t\t\t<div class=\"elementor-widget-container\">\n\t\t\t<div class=\"jet-listing jet-listing-dynamic-terms\"><span class=\"jet-listing-dynamic-terms__link\">FGM News<\/span><\/div>\t\t<\/div>\n\t\t\t\t<\/div>\n\t\t\t\t<div class=\"elementor-element elementor-element-2bbd8fb elementor-widget elementor-widget-jet-listing-dynamic-terms\" data-id=\"2bbd8fb\" data-element_type=\"widget\" data-widget_type=\"jet-listing-dynamic-terms.default\">\n\t\t\t\t<div class=\"elementor-widget-container\">\n\t\t\t<div class=\"jet-listing jet-listing-dynamic-terms\"><span class=\"jet-listing-dynamic-terms__link\">Estetik<\/span><\/div>\t\t<\/div>\n\t\t\t\t<\/div>\n\t\t\t\t\t<\/div>\n\t\t\t\t<\/div>\n\t\t\t\t<div class=\"elementor-element elementor-element-5fbaa42 elementor-widget__width-inherit elementor-widget elementor-widget-jet-listing-dynamic-field\" data-id=\"5fbaa42\" data-element_type=\"widget\" data-widget_type=\"jet-listing-dynamic-field.default\">\n\t\t\t\t<div class=\"elementor-widget-container\">\n\t\t\t<div class=\"jet-listing jet-listing-dynamic-field display-inline\"><div class=\"jet-listing-dynamic-field__inline-wrap\"><h4 class=\"jet-listing-dynamic-field__content\">En tand kan ha upp till fyra kanaler \u2013 f\u00f6rst\u00e5 fysiologin<\/h4><\/div><\/div>\t\t<\/div>\n\t\t\t\t<\/div>\n\t\t\t\t<div class=\"elementor-element elementor-element-c878513 elementor-widget elementor-widget-text-editor\" data-id=\"c878513\" data-element_type=\"widget\" data-widget_type=\"text-editor.default\">\n\t\t\t\t<div class=\"elementor-widget-container\">\n\t\t\t\t\t\t\t10\/03\/2014\t\t\t\t\t\t<\/div>\n\t\t\t\t<\/div>\n\t\t\t\t\t<\/div>\n\t\t\t\t<\/a>\n\t\t\t\t<\/div>\n\t\t<a href=\"https:\/\/fgmdentalgroup.com\/sv\/blog\/posts\/en-tand-kan-ha-upp-till-fyra-kanaler-forsta-fysiologin\/\" class=\"jet-engine-listing-overlay-link\"><\/a><\/div><\/div><\/div><div class=\"jet-listing-grid__loader\"><div class=\"jet-listing-grid__loader-spinner\"><\/div><div class=\"jet-listing-grid__loader-text\">Carregando mais posts...<\/div><\/div><\/div>\t\t<\/div>\n\t\t\t\t<\/div>\n\t\t\t\t<div class=\"elementor-element elementor-element-aabf206 elementor-widget elementor-widget-button\" data-id=\"aabf206\" data-element_type=\"widget\" data-widget_type=\"button.default\">\n\t\t\t\t<div class=\"elementor-widget-container\">\n\t\t\t\t\t\t\t\t<a class=\"elementor-button elementor-button-link elementor-size-sm\" href=\"#\" id=\"load_more_blog_BG\">\n\t\t\t\t\t\t<span class=\"elementor-button-content-wrapper\">\n\t\t\t\t\t\t\t\t\t<span class=\"elementor-button-text\">Se fler inl\u00e4gg<\/span>\n\t\t\t\t\t<\/span>\n\t\t\t\t\t<\/a>\n\t\t\t\t\t\t<\/div>\n\t\t\t\t<\/div>\n\t\t\t\t\t<\/div>\n\t\t\t\t<\/div>\n\t\t\t\t<\/div>\n\t\t","protected":false},"excerpt":{"rendered":"<p>Blog FGM News blekningsprodukter Whiteness Perfect: Utsedd till b\u00e4sta hemmablekningsmedel fyra \u00e5r i rad av Dental Adviso&#8230; FGM News blekningsprodukter Hur man v\u00e4ljer blekningsmedel f\u00f6r min patient Casos Cl\u00ednicos Estetik Kliniskt protokoll f\u00f6r applicering av fissur- och gropf\u00f6rsegling FGM News Estetik En tand kan ha upp till fyra kanaler \u2013 f\u00f6rst\u00e5 fysiologin Carregando mais posts&#8230; [&hellip;]<\/p>\n","protected":false},"author":15,"featured_media":0,"parent":0,"menu_order":55,"comment_status":"closed","ping_status":"closed","template":"","meta":{"footnotes":""},"class_list":["post-546683","page","type-page","status-publish","hentry"],"_links":{"self":[{"href":"https:\/\/fgmdentalgroup.com\/sv\/wp-json\/wp\/v2\/pages\/546683"}],"collection":[{"href":"https:\/\/fgmdentalgroup.com\/sv\/wp-json\/wp\/v2\/pages"}],"about":[{"href":"https:\/\/fgmdentalgroup.com\/sv\/wp-json\/wp\/v2\/types\/page"}],"author":[{"embeddable":true,"href":"https:\/\/fgmdentalgroup.com\/sv\/wp-json\/wp\/v2\/users\/15"}],"replies":[{"embeddable":true,"href":"https:\/\/fgmdentalgroup.com\/sv\/wp-json\/wp\/v2\/comments?post=546683"}],"version-history":[{"count":4,"href":"https:\/\/fgmdentalgroup.com\/sv\/wp-json\/wp\/v2\/pages\/546683\/revisions"}],"predecessor-version":[{"id":546687,"href":"https:\/\/fgmdentalgroup.com\/sv\/wp-json\/wp\/v2\/pages\/546683\/revisions\/546687"}],"wp:attachment":[{"href":"https:\/\/fgmdentalgroup.com\/sv\/wp-json\/wp\/v2\/media?parent=546683"}],"curies":[{"name":"wp","href":"https:\/\/api.w.org\/{rel}","templated":true}]}}