{"id":361143,"date":"2022-11-14T11:28:28","date_gmt":"2022-11-14T14:28:28","guid":{"rendered":"https:\/\/fgmdentalgroup.com\/politica-de-privacidade\/"},"modified":"2025-02-11T17:23:21","modified_gmt":"2025-02-11T20:23:21","slug":"integritetspolicy","status":"publish","type":"page","link":"https:\/\/fgmdentalgroup.com\/sv\/integritetspolicy\/","title":{"rendered":"Integritetspolicy"},"content":{"rendered":"\t\t<div data-elementor-type=\"wp-page\" data-elementor-id=\"361143\" class=\"elementor elementor-361143 elementor-293566\" data-elementor-post-type=\"page\">\n\t\t\t\t<div class=\"elementor-element elementor-element-541b50e e-flex e-con-boxed e-con e-parent\" data-id=\"541b50e\" data-element_type=\"container\" data-settings=\"{&quot;jet_parallax_layout_list&quot;:[]}\">\n\t\t\t\t\t<div class=\"e-con-inner\">\n\t\t<div class=\"elementor-element elementor-element-cf54fcc e-flex e-con-boxed e-con e-child\" data-id=\"cf54fcc\" data-element_type=\"container\" data-settings=\"{&quot;background_background&quot;:&quot;gradient&quot;,&quot;jet_parallax_layout_list&quot;:[]}\">\n\t\t\t\t\t<div class=\"e-con-inner\">\n\t\t\t\t<div class=\"elementor-element elementor-element-8baa942 elementor-widget elementor-widget-heading\" data-id=\"8baa942\" data-element_type=\"widget\" data-widget_type=\"heading.default\">\n\t\t\t\t<div class=\"elementor-widget-container\">\n\t\t\t<h1 class=\"elementor-heading-title elementor-size-default\">Integritetspolicy<\/h1>\t\t<\/div>\n\t\t\t\t<\/div>\n\t\t\t\t\t<\/div>\n\t\t\t\t<\/div>\n\t\t\t\t\t<\/div>\n\t\t\t\t<\/div>\n\t\t<div class=\"elementor-element elementor-element-a69db8c e-flex e-con-boxed e-con e-parent\" data-id=\"a69db8c\" data-element_type=\"container\" data-settings=\"{&quot;jet_parallax_layout_list&quot;:[]}\">\n\t\t\t\t\t<div class=\"e-con-inner\">\n\t\t\t\t<div class=\"elementor-element elementor-element-b560625 elementor-widget elementor-widget-text-editor\" data-id=\"b560625\" data-element_type=\"widget\" data-widget_type=\"text-editor.default\">\n\t\t\t\t<div class=\"elementor-widget-container\">\n\t\t\t\t\t\t\t<h2 data-start=\"117\" data-end=\"130\">1. Syfte<\/h2>\n<p data-start=\"132\" data-end=\"399\">FGM Dental Groups integritetspolicy (&#8221;Policyn&#8221;) har skapats f\u00f6r att visa v\u00e5rt engagemang f\u00f6r att skydda anv\u00e4ndarnas (&#8221;Anv\u00e4ndare&#8221;) personuppgifter samt f\u00f6r att klarg\u00f6ra hur vi behandlar dessa uppgifter. Denna policy g\u00e4ller f\u00f6r FGM Dental Groups officiella webbplats.<\/p>\n<p data-start=\"401\" data-end=\"549\">L\u00e4s denna policy noggrant, och om du har n\u00e5gra fr\u00e5gor \u00e4r du v\u00e4lkommen att kontakta oss via de supportkanaler som anges i slutet av detta dokument.<\/p>\n<h2 data-start=\"551\" data-end=\"569\">2. Omfattning<\/h2>\n<p data-start=\"571\" data-end=\"638\">Detta dokument g\u00e4ller f\u00f6r FGM Dental Groups officiella webbplats.<\/p>\n<h2 data-start=\"640\" data-end=\"658\">3. Referenser<\/h2>\n<ul data-start=\"660\" data-end=\"723\">\n<li data-start=\"660\" data-end=\"723\">Lag 13.709\/2018 \u2013 Brasiliens allm\u00e4nna dataskyddslag (LGPD).<\/li>\n<\/ul>\n<h2 data-start=\"725\" data-end=\"745\">4. Definitioner<\/h2>\n<ul data-start=\"747\" data-end=\"3031\">\n<li data-start=\"747\" data-end=\"889\"><strong data-start=\"749\" data-end=\"801\">Personuppgiftsansvarig och personuppgiftsbitr\u00e4de<\/strong>: Den personuppgiftsansvarige och det personuppgiftsbitr\u00e4de som behandlar uppgifterna.<\/li>\n<li data-start=\"890\" data-end=\"1051\"><strong data-start=\"892\" data-end=\"918\">Personuppgiftsansvarig<\/strong>: En fysisk eller juridisk person, offentlig eller privat, som best\u00e4mmer syftet med och medlen f\u00f6r behandlingen av personuppgifter.<\/li>\n<li data-start=\"1052\" data-end=\"1259\"><strong data-start=\"1054\" data-end=\"1065\">Cookies<\/strong>: Sm\u00e5 filer som skickas fr\u00e5n FGM Dental Groups webbplatser och lagras p\u00e5 anv\u00e4ndarens enheter. De sparar preferenser och annan information f\u00f6r att anpassa navigeringen efter anv\u00e4ndarens profil.<\/li>\n<li data-start=\"1260\" data-end=\"1435\"><strong data-start=\"1262\" data-end=\"1281\">Personuppgifter<\/strong>: Alla uppgifter som avser en identifierad eller identifierbar fysisk person. Exempel: namn, adress, personnummer, e-post, telefonnummer, IP-adress etc.<\/li>\n<li data-start=\"1436\" data-end=\"1793\"><strong data-start=\"1438\" data-end=\"1466\">K\u00e4nsliga personuppgifter<\/strong>: Personuppgifter som avsl\u00f6jar ras eller etniskt ursprung, religi\u00f6s \u00f6vertygelse, politiska \u00e5sikter, fackf\u00f6reningsmedlemskap eller medlemskap i en religi\u00f6s, filosofisk eller politisk organisation. Detta inkluderar \u00e4ven h\u00e4lsouppgifter, sexuell l\u00e4ggning samt genetiska eller biometriska uppgifter kopplade till en fysisk person.<\/li>\n<li data-start=\"1794\" data-end=\"1952\"><strong data-start=\"1796\" data-end=\"1821\">Dataskyddsombud (DPO)<\/strong>: Den person som fungerar som kontaktpunkt mellan FGM Dental Group, Anv\u00e4ndarna och den brasilianska dataskyddsmyndigheten (ANPD).<\/li>\n<li data-start=\"1953\" data-end=\"2094\"><strong data-start=\"1955\" data-end=\"1982\">Till\u00e4mplig lagstiftning<\/strong>: All lagstiftning relaterad till skydd av personuppgifter och integritet, s\u00e4rskilt lag nr 13.709\/2018 (LGPD).<\/li>\n<li data-start=\"2095\" data-end=\"2173\"><strong data-start=\"2097\" data-end=\"2114\">V\u00e5r webbplats<\/strong>: Den officiella webbplatsen <a href=\"https:\/\/fgmdentalgroup.com\/sv\/\" target=\"_new\" rel=\"noopener\" data-start=\"2143\" data-end=\"2170\">https:\/\/fgmdentalgroup.com\/<\/a>.<\/li>\n<li data-start=\"2174\" data-end=\"2309\"><strong data-start=\"2176\" data-end=\"2201\">Personuppgiftsbitr\u00e4de<\/strong>: En fysisk eller juridisk person som behandlar personuppgifter p\u00e5 uppdrag av den personuppgiftsansvarige.<\/li>\n<li data-start=\"2310\" data-end=\"2433\"><strong data-start=\"2312\" data-end=\"2339\">Registrerad \/ Anv\u00e4ndare<\/strong>: Den fysiska person vars personuppgifter behandlas n\u00e4r de interagerar med FGM Dental Group.<\/li>\n<li data-start=\"2434\" data-end=\"2633\"><strong data-start=\"2436\" data-end=\"2469\">Behandling av personuppgifter<\/strong>: Alla \u00e5tg\u00e4rder som vidtas med personuppgifter, s\u00e5som insamling, lagring, anv\u00e4ndning, \u00f6verf\u00f6ring, \u00e5tkomst, reproduktion, distribution, modifiering eller radering.<\/li>\n<li data-start=\"2634\" data-end=\"2781\"><strong data-start=\"2636\" data-end=\"2669\">Internationell data\u00f6verf\u00f6ring<\/strong>: \u00d6verf\u00f6ring av personuppgifter till ett annat land eller en internationell organisation d\u00e4r landet \u00e4r medlem.<\/li>\n<li data-start=\"2782\" data-end=\"3031\"><strong data-start=\"2784\" data-end=\"2814\">Delning av personuppgifter<\/strong>: Kommunikation, spridning, internationell \u00f6verf\u00f6ring, sammankoppling eller gemensam behandling av personuppgiftsdatabaser mellan offentliga myndigheter eller mellan dessa och privata enheter med s\u00e4rskilt tillst\u00e5nd.<\/li>\n<\/ul>\n<h2 data-start=\"3033\" data-end=\"3047\">5. Ansvar<\/h2>\n<p data-start=\"3049\" data-end=\"3066\">Ej till\u00e4mpligt.<\/p>\n<h2 data-start=\"3068\" data-end=\"3119\">6. Insamling och anv\u00e4ndning av personuppgifter<\/h2>\n<p data-start=\"3121\" data-end=\"3414\">FGM Dental Group m\u00e5ste samla in och behandla personuppgifter f\u00f6r att kunna tillhandah\u00e5lla de tj\u00e4nster som finns tillg\u00e4ngliga p\u00e5 v\u00e5r webbplats samt f\u00f6r att uppfylla lagliga krav. Om anv\u00e4ndaren v\u00e4ljer att inte l\u00e4mna vissa personuppgifter kan vissa funktioner eller tj\u00e4nster vara otillg\u00e4ngliga.<\/p>\n<p data-start=\"3416\" data-end=\"3537\">Vi kan samla in personuppgifter direkt fr\u00e5n anv\u00e4ndaren via formul\u00e4r eller n\u00e4r anv\u00e4ndaren interagerar med v\u00e5r webbplats.<\/p>\n<h2 data-start=\"3539\" data-end=\"3591\">7. Uppdatering och riktighet av personuppgifter<\/h2>\n<p data-start=\"3593\" data-end=\"3876\">Anv\u00e4ndaren \u00e4r ensam ansvarig f\u00f6r att de personuppgifter som l\u00e4mnas \u00e4r korrekta, sanna och uppdaterade. Vi \u00e4r inte skyldiga att behandla personuppgifter om vi anser att behandlingen kan strida mot g\u00e4llande lagstiftning eller om anv\u00e4ndaren anv\u00e4nder v\u00e5r webbplats f\u00f6r olagliga syften.<\/p>\n<h2 data-start=\"3878\" data-end=\"3893\">8. Databas<\/h2>\n<p data-start=\"3895\" data-end=\"4100\">Den databas som skapas genom insamlingen av personuppgifter tillh\u00f6r och kontrolleras av oss. \u00c5tkomst och delning av information kommer endast att ske inom de ramar och syften som beskrivs i denna policy.<\/p>\n<h2 data-start=\"4102\" data-end=\"4124\">9. Sociala medier<\/h2>\n<p data-start=\"4126\" data-end=\"4420\">FGM Dental Group har sidor p\u00e5 sociala medieplattformar som Facebook, Instagram, LinkedIn, WhatsApp och YouTube f\u00f6r att marknadsf\u00f6ra f\u00f6retaget, dess produkter och interagera med anv\u00e4ndare. Dessa plattformar har sina egna integritetspolicyer, som anv\u00e4ndaren b\u00f6r granska p\u00e5 respektive webbplats.<\/p>\n<p data-start=\"4422\" data-end=\"4536\">FGM Dental Group ansvarar inte f\u00f6r tredje parts integritetspolicyer eller f\u00f6r inneh\u00e5llet p\u00e5 externa webbplatser.<\/p>\n<h2 data-start=\"4538\" data-end=\"4583\">10. L\u00e4nkar till tredje parts webbplatser<\/h2>\n<p data-start=\"4585\" data-end=\"4809\">V\u00e5r webbplats kan l\u00e4nka anv\u00e4ndaren till tredje parts webbplatser, till exempel f\u00f6r jobbans\u00f6kningar eller \u00e5tkomst till sociala medier. Dessa webbplatser har sina egna integritetspolicyer, som anv\u00e4ndaren b\u00f6r granska separat.<\/p>\n<p data-start=\"4811\" data-end=\"4925\">FGM Dental Group ansvarar inte f\u00f6r tredje parts integritetspolicyer eller f\u00f6r inneh\u00e5llet p\u00e5 externa webbplatser.<\/p>\n<h2 data-start=\"4927\" data-end=\"4957\">11. Anv\u00e4ndning av cookies<\/h2>\n<p data-start=\"4959\" data-end=\"5117\">Cookies \u00e4r sm\u00e5 textfiler som lagras p\u00e5 din enhet av webbl\u00e4saren och som inneh\u00e5ller information om dina preferenser, s\u00e5som spr\u00e5k, plats och sessionens l\u00e4ngd.<\/p>\n<p data-start=\"5119\" data-end=\"5138\">Typer av cookies:<\/p>\n<ul data-start=\"5140\" data-end=\"5653\">\n<li data-start=\"5140\" data-end=\"5252\"><strong data-start=\"5142\" data-end=\"5164\">N\u00f6dv\u00e4ndiga cookies<\/strong>: M\u00f6jligg\u00f6r grundl\u00e4ggande navigering och \u00e5tkomst till skyddade omr\u00e5den p\u00e5 webbplatsen.<\/li>\n<li data-start=\"5253\" data-end=\"5367\"><strong data-start=\"5255\" data-end=\"5277\">Analytiska cookies<\/strong>: Samlar in anonyma statistiska uppgifter f\u00f6r att analysera anv\u00e4ndningen av webbplatsen.<\/li>\n<li data-start=\"5368\" data-end=\"5474\"><strong data-start=\"5370\" data-end=\"5394\">Funktionella cookies<\/strong>: Sparar anv\u00e4ndarens inst\u00e4llningar och tillhandah\u00e5ller ytterligare funktioner.<\/li>\n<li data-start=\"5475\" data-end=\"5558\"><strong data-start=\"5477\" data-end=\"5503\">Marknadsf\u00f6ringscookies<\/strong>: Anpassar annonser baserat p\u00e5 anv\u00e4ndarens intressen.<\/li>\n<li data-start=\"5559\" data-end=\"5653\"><strong data-start=\"5561\" data-end=\"5581\">Prestandacookies<\/strong>: Samlar in information om hur anv\u00e4ndaren interagerar med webbplatsen.<\/li>\n<\/ul>\n<h2 data-start=\"5655\" data-end=\"5690\">12. Lagring av personuppgifter<\/h2>\n<ul data-start=\"5692\" data-end=\"6069\">\n<li data-start=\"5692\" data-end=\"5853\"><strong data-start=\"5694\" data-end=\"5711\">Lagringsplats<\/strong>: Personuppgifter lagras i en s\u00e4ker milj\u00f6 p\u00e5 servrar i Brasilien eller i molntj\u00e4nster, vilket kan inneb\u00e4ra internationella data\u00f6verf\u00f6ringar.<\/li>\n<li data-start=\"5854\" data-end=\"5933\"><strong data-start=\"5856\" data-end=\"5874\">Lagringsperiod<\/strong>: Uppgifter lagras endast s\u00e5 l\u00e4nge som det \u00e4r n\u00f6dv\u00e4ndigt.<\/li>\n<li data-start=\"5934\" data-end=\"6069\"><strong data-start=\"5936\" data-end=\"5961\">Radering av uppgifter<\/strong>: N\u00e4r lagringsperioden l\u00f6per ut raderas personuppgifter s\u00e4kert eller anonymiseras f\u00f6r statistiska \u00e4ndam\u00e5l.<\/li>\n<\/ul>\n<h2 data-start=\"6071\" data-end=\"6087\">13. Kontakt<\/h2>\n<ul data-start=\"6089\" data-end=\"6267\">\n<li data-start=\"6089\" data-end=\"6154\"><strong data-start=\"6091\" data-end=\"6116\">Dataskyddsombud (DPO)<\/strong>: Wentz Vieira Advocacia Empresarial<\/li>\n<li data-start=\"6155\" data-end=\"6193\"><strong data-start=\"6157\" data-end=\"6167\">E-post<\/strong>: <a rel=\"noopener\" data-start=\"6169\" data-end=\"6191\">dpo@fgmdentalgroup.com<\/a><\/li>\n<li data-start=\"6194\" data-end=\"6267\"><strong data-start=\"6196\" data-end=\"6206\">Adress<\/strong>: Av. Edgar Nelson Meister, 474 \u2013 Joinville \u2013 SC, Brasilien<\/li>\n<\/ul>\n<p data-start=\"6269\" data-end=\"6306\"><em data-start=\"6269\" data-end=\"6304\">Senast uppdaterad: 14 april 2023.<\/em><\/p>\n\t\t\t\t\t\t<\/div>\n\t\t\t\t<\/div>\n\t\t\t\t\t<\/div>\n\t\t\t\t<\/div>\n\t\t\t\t<\/div>\n\t\t","protected":false},"excerpt":{"rendered":"<p>Integritetspolicy 1. Syfte FGM Dental Groups integritetspolicy (&#8221;Policyn&#8221;) har skapats f\u00f6r att visa v\u00e5rt engagemang f\u00f6r att skydda anv\u00e4ndarnas (&#8221;Anv\u00e4ndare&#8221;) personuppgifter samt f\u00f6r att klarg\u00f6ra hur vi behandlar dessa uppgifter. Denna policy g\u00e4ller f\u00f6r FGM Dental Groups officiella webbplats. L\u00e4s denna policy noggrant, och om du har n\u00e5gra fr\u00e5gor \u00e4r du v\u00e4lkommen att kontakta oss [&hellip;]<\/p>\n","protected":false},"author":15,"featured_media":0,"parent":0,"menu_order":0,"comment_status":"closed","ping_status":"closed","template":"elementor_header_footer","meta":{"footnotes":""},"class_list":["post-361143","page","type-page","status-publish","hentry"],"_links":{"self":[{"href":"https:\/\/fgmdentalgroup.com\/sv\/wp-json\/wp\/v2\/pages\/361143"}],"collection":[{"href":"https:\/\/fgmdentalgroup.com\/sv\/wp-json\/wp\/v2\/pages"}],"about":[{"href":"https:\/\/fgmdentalgroup.com\/sv\/wp-json\/wp\/v2\/types\/page"}],"author":[{"embeddable":true,"href":"https:\/\/fgmdentalgroup.com\/sv\/wp-json\/wp\/v2\/users\/15"}],"replies":[{"embeddable":true,"href":"https:\/\/fgmdentalgroup.com\/sv\/wp-json\/wp\/v2\/comments?post=361143"}],"version-history":[{"count":12,"href":"https:\/\/fgmdentalgroup.com\/sv\/wp-json\/wp\/v2\/pages\/361143\/revisions"}],"predecessor-version":[{"id":542463,"href":"https:\/\/fgmdentalgroup.com\/sv\/wp-json\/wp\/v2\/pages\/361143\/revisions\/542463"}],"wp:attachment":[{"href":"https:\/\/fgmdentalgroup.com\/sv\/wp-json\/wp\/v2\/media?parent=361143"}],"curies":[{"name":"wp","href":"https:\/\/api.w.org\/{rel}","templated":true}]}}