{"id":361142,"date":"2022-11-14T11:28:28","date_gmt":"2022-11-14T14:28:28","guid":{"rendered":"https:\/\/fgmdentalgroup.com\/politica-de-privacidade\/"},"modified":"2025-02-11T17:23:47","modified_gmt":"2025-02-11T20:23:47","slug":"polityka-prywatnosci","status":"publish","type":"page","link":"https:\/\/fgmdentalgroup.com\/pl\/polityka-prywatnosci\/","title":{"rendered":"Polityka Prywatno\u015bci"},"content":{"rendered":"\t\t<div data-elementor-type=\"wp-page\" data-elementor-id=\"361142\" class=\"elementor elementor-361142 elementor-293566\" data-elementor-post-type=\"page\">\n\t\t\t\t<div class=\"elementor-element elementor-element-541b50e e-flex e-con-boxed e-con e-parent\" data-id=\"541b50e\" data-element_type=\"container\" data-settings=\"{&quot;jet_parallax_layout_list&quot;:[]}\">\n\t\t\t\t\t<div class=\"e-con-inner\">\n\t\t<div class=\"elementor-element elementor-element-cf54fcc e-flex e-con-boxed e-con e-child\" data-id=\"cf54fcc\" data-element_type=\"container\" data-settings=\"{&quot;background_background&quot;:&quot;gradient&quot;,&quot;jet_parallax_layout_list&quot;:[]}\">\n\t\t\t\t\t<div class=\"e-con-inner\">\n\t\t\t\t<div class=\"elementor-element elementor-element-8baa942 elementor-widget elementor-widget-heading\" data-id=\"8baa942\" data-element_type=\"widget\" data-widget_type=\"heading.default\">\n\t\t\t\t<div class=\"elementor-widget-container\">\n\t\t\t<h1 class=\"elementor-heading-title elementor-size-default\">Polityka Prywatno\u015bci<\/h1>\t\t<\/div>\n\t\t\t\t<\/div>\n\t\t\t\t\t<\/div>\n\t\t\t\t<\/div>\n\t\t\t\t\t<\/div>\n\t\t\t\t<\/div>\n\t\t<div class=\"elementor-element elementor-element-a69db8c e-flex e-con-boxed e-con e-parent\" data-id=\"a69db8c\" data-element_type=\"container\" data-settings=\"{&quot;jet_parallax_layout_list&quot;:[]}\">\n\t\t\t\t\t<div class=\"e-con-inner\">\n\t\t\t\t<div class=\"elementor-element elementor-element-b560625 elementor-widget elementor-widget-text-editor\" data-id=\"b560625\" data-element_type=\"widget\" data-widget_type=\"text-editor.default\">\n\t\t\t\t<div class=\"elementor-widget-container\">\n\t\t\t\t\t\t\t<h2 data-start=\"124\" data-end=\"135\">1. Cel<\/h2>\n<p data-start=\"137\" data-end=\"481\">Polityka Prywatno\u015bci FGM Dental Group (\u201ePolityka\u201d) zosta\u0142a stworzona w celu wykazania naszego zaanga\u017cowania w ochron\u0119 prywatno\u015bci i bezpiecze\u0144stwa danych osobowych u\u017cytkownik\u00f3w (\u201eU\u017cytkownicy\u201d) oraz wyja\u015bnienia, w jaki spos\u00f3b przetwarzamy ich dane osobowe. Niniejsza Polityka ma zastosowanie do oficjalnej strony internetowej FGM Dental Group.<\/p>\n<p data-start=\"483\" data-end=\"661\">Prosimy o uwa\u017cne zapoznanie si\u0119 z niniejsz\u0105 Polityk\u0105. Je\u015bli masz jakiekolwiek pytania, skontaktuj si\u0119 z nami za po\u015brednictwem kana\u0142\u00f3w wsparcia podanych na ko\u0144cu tego dokumentu.<\/p>\n<h2 data-start=\"663\" data-end=\"677\">2. Zakres<\/h2>\n<p data-start=\"679\" data-end=\"756\">Niniejszy dokument dotyczy oficjalnej strony internetowej FGM Dental Group.<\/p>\n<h2 data-start=\"758\" data-end=\"777\">3. Odniesienia<\/h2>\n<ul data-start=\"779\" data-end=\"865\">\n<li data-start=\"779\" data-end=\"865\">Ustawa nr 13.709\/2018 \u2013 Og\u00f3lna Ustawa o Ochronie Danych Osobowych Brazylii (LGPD).<\/li>\n<\/ul>\n<h2 data-start=\"867\" data-end=\"884\">4. Definicje<\/h2>\n<ul data-start=\"886\" data-end=\"3202\">\n<li data-start=\"886\" data-end=\"985\"><strong data-start=\"888\" data-end=\"930\">Administrator i podmiot przetwarzaj\u0105cy<\/strong>: Administrator danych i podmiot przetwarzaj\u0105cy dane.<\/li>\n<li data-start=\"986\" data-end=\"1127\"><strong data-start=\"988\" data-end=\"1012\">Administrator danych<\/strong>: Osoba fizyczna lub prawna, publiczna lub prywatna, kt\u00f3ra okre\u015bla cele i sposoby przetwarzania danych osobowych.<\/li>\n<li data-start=\"1128\" data-end=\"1349\"><strong data-start=\"1130\" data-end=\"1141\">Cookies<\/strong>: Ma\u0142e pliki wysy\u0142ane przez strony internetowe FGM Dental Group, zapisywane na urz\u0105dzeniach U\u017cytkownika, kt\u00f3re przechowuj\u0105 preferencje i inne informacje w celu dostosowania nawigacji do profilu U\u017cytkownika.<\/li>\n<li data-start=\"1350\" data-end=\"1569\"><strong data-start=\"1352\" data-end=\"1368\">Dane osobowe<\/strong>: Ka\u017cda informacja dotycz\u0105ca zidentyfikowanej lub mo\u017cliwej do zidentyfikowania osoby fizycznej. Przyk\u0142ady: imi\u0119, nazwisko, adres, numer identyfikacji podatkowej, e-mail, numer telefonu, adres IP itp.<\/li>\n<li data-start=\"1570\" data-end=\"1937\"><strong data-start=\"1572\" data-end=\"1597\">Wra\u017cliwe dane osobowe<\/strong>: Dane osobowe ujawniaj\u0105ce pochodzenie rasowe lub etniczne, przekonania religijne, pogl\u0105dy polityczne, przynale\u017cno\u015b\u0107 do zwi\u0105zk\u00f3w zawodowych lub organizacji o charakterze religijnym, filozoficznym lub politycznym. Obejmuje to r\u00f3wnie\u017c dane dotycz\u0105ce zdrowia, orientacji seksualnej, dane genetyczne i biometryczne powi\u0105zane z osob\u0105 fizyczn\u0105.<\/li>\n<li data-start=\"1938\" data-end=\"2093\"><strong data-start=\"1940\" data-end=\"1974\">Inspektor Ochrony Danych (DPO)<\/strong>: Osoba wyznaczona do kontaktu pomi\u0119dzy FGM Dental Group, U\u017cytkownikami i Brazylijskim Urz\u0119dem Ochrony Danych (ANPD).<\/li>\n<li data-start=\"2094\" data-end=\"2238\"><strong data-start=\"2096\" data-end=\"2121\">Obowi\u0105zuj\u0105ce przepisy<\/strong>: Wszelkie przepisy dotycz\u0105ce prywatno\u015bci i ochrony danych osobowych, w szczeg\u00f3lno\u015bci Ustawa nr 13.709\/2018 (LGPD).<\/li>\n<li data-start=\"2239\" data-end=\"2318\"><strong data-start=\"2241\" data-end=\"2257\">Nasza Strona<\/strong>: Oficjalna strona internetowa <a href=\"https:\/\/fgmdentalgroup.com\/pl\/\" target=\"_new\" rel=\"noopener\" data-start=\"2288\" data-end=\"2315\">https:\/\/fgmdentalgroup.com\/<\/a>.<\/li>\n<li data-start=\"2319\" data-end=\"2469\"><strong data-start=\"2321\" data-end=\"2352\">Podmiot przetwarzaj\u0105cy dane<\/strong>: Osoba fizyczna lub prawna, publiczna lub prywatna, kt\u00f3ra przetwarza dane osobowe w imieniu administratora danych.<\/li>\n<li data-start=\"2470\" data-end=\"2597\"><strong data-start=\"2472\" data-end=\"2503\">Podmiot danych \/ U\u017cytkownik<\/strong>: Osoba fizyczna, kt\u00f3rej dane osobowe s\u0105 przetwarzane podczas interakcji z FGM Dental Group.<\/li>\n<li data-start=\"2598\" data-end=\"2809\"><strong data-start=\"2600\" data-end=\"2624\">Przetwarzanie danych<\/strong>: Ka\u017cda operacja wykonywana na danych osobowych, taka jak gromadzenie, przechowywanie, wykorzystywanie, przesy\u0142anie, dost\u0119p, powielanie, rozpowszechnianie, modyfikowanie lub usuwanie.<\/li>\n<li data-start=\"2810\" data-end=\"2962\"><strong data-start=\"2812\" data-end=\"2846\">Mi\u0119dzynarodowy transfer danych<\/strong>: Przekazywanie danych osobowych do innego kraju lub organizacji mi\u0119dzynarodowej, kt\u00f3rej cz\u0142onkiem jest dany kraj.<\/li>\n<li data-start=\"2963\" data-end=\"3202\"><strong data-start=\"2965\" data-end=\"2989\">Udost\u0119pnianie danych<\/strong>: Komunikacja, rozpowszechnianie, mi\u0119dzynarodowy transfer, \u0142\u0105czenie baz danych lub wsp\u00f3lne przetwarzanie danych osobowych przez organy publiczne lub mi\u0119dzy nimi a podmiotami prywatnymi za specjalnym zezwoleniem.<\/li>\n<\/ul>\n<h2 data-start=\"3204\" data-end=\"3228\">5. Odpowiedzialno\u015b\u0107<\/h2>\n<p data-start=\"3230\" data-end=\"3244\">Nie dotyczy.<\/p>\n<h2 data-start=\"3246\" data-end=\"3300\">6. Gromadzenie i wykorzystywanie danych osobowych<\/h2>\n<p data-start=\"3302\" data-end=\"3574\">FGM Dental Group musi gromadzi\u0107 i przetwarza\u0107 dane osobowe, aby \u015bwiadczy\u0107 us\u0142ugi dost\u0119pne na Naszej Stronie oraz w celu spe\u0142nienia wymog\u00f3w prawnych. Je\u015bli U\u017cytkownik zdecyduje si\u0119 nie podawa\u0107 niekt\u00f3rych danych osobowych, niekt\u00f3re funkcje lub us\u0142ugi mog\u0105 by\u0107 niedost\u0119pne.<\/p>\n<p data-start=\"3576\" data-end=\"3694\">Mo\u017cemy gromadzi\u0107 dane osobowe bezpo\u015brednio od U\u017cytkownika poprzez formularze lub w wyniku interakcji z Nasz\u0105 Stron\u0105.<\/p>\n<h2 data-start=\"3696\" data-end=\"3746\">7. Aktualizacja i dok\u0142adno\u015b\u0107 danych osobowych<\/h2>\n<p data-start=\"3748\" data-end=\"4070\">U\u017cytkownik ponosi wy\u0142\u0105czn\u0105 odpowiedzialno\u015b\u0107 za dok\u0142adno\u015b\u0107, prawdziwo\u015b\u0107 i aktualizacj\u0119 podanych danych osobowych. Nie jeste\u015bmy zobowi\u0105zani do przetwarzania danych osobowych, je\u015bli uznamy, \u017ce ich przetwarzanie mo\u017ce narusza\u0107 obowi\u0105zuj\u0105ce przepisy lub je\u015bli U\u017cytkownik korzysta z Naszej Strony w celach niezgodnych z prawem.<\/p>\n<h2 data-start=\"4072\" data-end=\"4091\">8. Baza danych<\/h2>\n<p data-start=\"4093\" data-end=\"4329\">Baza danych utworzona w wyniku gromadzenia danych osobowych stanowi nasz\u0105 w\u0142asno\u015b\u0107 i znajduje si\u0119 pod nasz\u0105 kontrol\u0105. Dost\u0119p i udost\u0119pnianie informacji b\u0119d\u0105 odbywa\u0107 si\u0119 wy\u0142\u0105cznie w granicach i celach okre\u015blonych w niniejszej Polityce.<\/p>\n<h2 data-start=\"4331\" data-end=\"4360\">9. Media spo\u0142eczno\u015bciowe<\/h2>\n<p data-start=\"4362\" data-end=\"4676\">FGM Dental Group posiada profile na platformach spo\u0142eczno\u015bciowych, takich jak Facebook, Instagram, LinkedIn, WhatsApp i YouTube, w celu promowania firmy, jej produkt\u00f3w oraz interakcji z U\u017cytkownikami. Te platformy maj\u0105 w\u0142asne polityki prywatno\u015bci, kt\u00f3re U\u017cytkownik powinien sprawdzi\u0107 na ich oficjalnych stronach.<\/p>\n<p data-start=\"4678\" data-end=\"4802\">FGM Dental Group nie ponosi odpowiedzialno\u015bci za polityki prywatno\u015bci podmiot\u00f3w trzecich ani za tre\u015bci stron zewn\u0119trznych.<\/p>\n<h2 data-start=\"4804\" data-end=\"4836\">10. Linki do stron trzecich<\/h2>\n<p data-start=\"4838\" data-end=\"5123\">Nasza Strona mo\u017ce przekierowywa\u0107 U\u017cytkownika na strony internetowe podmiot\u00f3w trzecich, np. w celu sk\u0142adania poda\u0144 o prac\u0119 lub uzyskiwania dost\u0119pu do platform medi\u00f3w spo\u0142eczno\u015bciowych. Te strony maj\u0105 w\u0142asne polityki prywatno\u015bci, kt\u00f3re U\u017cytkownik powinien indywidualnie przeanalizowa\u0107.<\/p>\n<p data-start=\"5125\" data-end=\"5249\">FGM Dental Group nie ponosi odpowiedzialno\u015bci za polityki prywatno\u015bci podmiot\u00f3w trzecich ani za tre\u015bci stron zewn\u0119trznych.<\/p>\n<h2 data-start=\"5251\" data-end=\"5288\">11. Wykorzystanie plik\u00f3w cookies<\/h2>\n<p data-start=\"5290\" data-end=\"5484\">Cookies to ma\u0142e pliki tekstowe przechowywane na Twoim urz\u0105dzeniu przez przegl\u0105dark\u0119 internetow\u0105, kt\u00f3re zawieraj\u0105 informacje o Twoich preferencjach, np. j\u0119zyk, lokalizacja i czas trwania sesji.<\/p>\n<p data-start=\"5486\" data-end=\"5511\">Rodzaje plik\u00f3w cookies:<\/p>\n<ul data-start=\"5513\" data-end=\"6016\">\n<li data-start=\"5513\" data-end=\"5630\"><strong data-start=\"5515\" data-end=\"5536\">Niezb\u0119dne cookies<\/strong>: Umo\u017cliwiaj\u0105 podstawow\u0105 nawigacj\u0119 i dost\u0119p do zabezpieczonych obszar\u00f3w strony internetowej.<\/li>\n<li data-start=\"5631\" data-end=\"5734\"><strong data-start=\"5633\" data-end=\"5656\">Analityczne cookies<\/strong>: Gromadz\u0105 anonimowe dane statystyczne w celu analizy korzystania ze strony.<\/li>\n<li data-start=\"5735\" data-end=\"5831\"><strong data-start=\"5737\" data-end=\"5761\">Funkcjonalne cookies<\/strong>: Przechowuj\u0105 ustawienia u\u017cytkownika i zapewniaj\u0105 dodatkowe funkcje.<\/li>\n<li data-start=\"5832\" data-end=\"5908\"><strong data-start=\"5834\" data-end=\"5855\">Reklamowe cookies<\/strong>: Dostosowuj\u0105 reklamy do zainteresowa\u0144 U\u017cytkownika.<\/li>\n<li data-start=\"5909\" data-end=\"6016\"><strong data-start=\"5911\" data-end=\"5936\">Cookies wydajno\u015bciowe<\/strong>: Zbieraj\u0105 informacje o sposobie interakcji U\u017cytkownika ze stron\u0105 internetow\u0105.<\/li>\n<\/ul>\n<h2 data-start=\"6018\" data-end=\"6058\">12. Przechowywanie danych osobowych<\/h2>\n<ul data-start=\"6060\" data-end=\"6496\">\n<li data-start=\"6060\" data-end=\"6247\"><strong data-start=\"6062\" data-end=\"6088\">Miejsce przechowywania<\/strong>: Dane osobowe s\u0105 przechowywane w bezpiecznym \u015brodowisku na serwerach w Brazylii lub w us\u0142ugach chmurowych, co mo\u017ce obejmowa\u0107 mi\u0119dzynarodowy transfer danych.<\/li>\n<li data-start=\"6248\" data-end=\"6351\"><strong data-start=\"6250\" data-end=\"6274\">Okres przechowywania<\/strong>: Dane s\u0105 przechowywane tylko przez czas niezb\u0119dny do realizacji ich cel\u00f3w.<\/li>\n<li data-start=\"6352\" data-end=\"6496\"><strong data-start=\"6354\" data-end=\"6374\">Usuni\u0119cie danych<\/strong>: Po up\u0142ywie okresu przechowywania dane osobowe zostan\u0105 bezpiecznie usuni\u0119te lub zanonimizowane do cel\u00f3w statystycznych.<\/li>\n<\/ul>\n<h2 data-start=\"6498\" data-end=\"6514\">13. Kontakt<\/h2>\n<ul data-start=\"6516\" data-end=\"6701\">\n<li data-start=\"6516\" data-end=\"6590\"><strong data-start=\"6518\" data-end=\"6552\">Inspektor Ochrony Danych (DPO)<\/strong>: Wentz Vieira Advocacia Empresarial<\/li>\n<li data-start=\"6591\" data-end=\"6629\"><strong data-start=\"6593\" data-end=\"6603\">E-mail<\/strong>: <a rel=\"noopener\" data-start=\"6605\" data-end=\"6627\">dpo@fgmdentalgroup.com<\/a><\/li>\n<li data-start=\"6630\" data-end=\"6701\"><strong data-start=\"6632\" data-end=\"6641\">Adres<\/strong>: Av. Edgar Nelson Meister, 474 \u2013 Joinville \u2013 SC, Brazylia<\/li>\n<\/ul>\n<p data-start=\"6703\" data-end=\"6749\"><em data-start=\"6703\" data-end=\"6747\">Ostatnia aktualizacja: 14 kwietnia 2023 r.<\/em><\/p>\n\t\t\t\t\t\t<\/div>\n\t\t\t\t<\/div>\n\t\t\t\t\t<\/div>\n\t\t\t\t<\/div>\n\t\t\t\t<\/div>\n\t\t","protected":false},"excerpt":{"rendered":"<p>Polityka Prywatno\u015bci 1. Cel Polityka Prywatno\u015bci FGM Dental Group (\u201ePolityka\u201d) zosta\u0142a stworzona w celu wykazania naszego zaanga\u017cowania w ochron\u0119 prywatno\u015bci i bezpiecze\u0144stwa danych osobowych u\u017cytkownik\u00f3w (\u201eU\u017cytkownicy\u201d) oraz wyja\u015bnienia, w jaki spos\u00f3b przetwarzamy ich dane osobowe. Niniejsza Polityka ma zastosowanie do oficjalnej strony internetowej FGM Dental Group. Prosimy o uwa\u017cne zapoznanie si\u0119 z niniejsz\u0105 Polityk\u0105. Je\u015bli [&hellip;]<\/p>\n","protected":false},"author":15,"featured_media":0,"parent":0,"menu_order":0,"comment_status":"closed","ping_status":"closed","template":"elementor_header_footer","meta":{"footnotes":""},"class_list":["post-361142","page","type-page","status-publish","hentry"],"_links":{"self":[{"href":"https:\/\/fgmdentalgroup.com\/pl\/wp-json\/wp\/v2\/pages\/361142"}],"collection":[{"href":"https:\/\/fgmdentalgroup.com\/pl\/wp-json\/wp\/v2\/pages"}],"about":[{"href":"https:\/\/fgmdentalgroup.com\/pl\/wp-json\/wp\/v2\/types\/page"}],"author":[{"embeddable":true,"href":"https:\/\/fgmdentalgroup.com\/pl\/wp-json\/wp\/v2\/users\/15"}],"replies":[{"embeddable":true,"href":"https:\/\/fgmdentalgroup.com\/pl\/wp-json\/wp\/v2\/comments?post=361142"}],"version-history":[{"count":12,"href":"https:\/\/fgmdentalgroup.com\/pl\/wp-json\/wp\/v2\/pages\/361142\/revisions"}],"predecessor-version":[{"id":542464,"href":"https:\/\/fgmdentalgroup.com\/pl\/wp-json\/wp\/v2\/pages\/361142\/revisions\/542464"}],"wp:attachment":[{"href":"https:\/\/fgmdentalgroup.com\/pl\/wp-json\/wp\/v2\/media?parent=361142"}],"curies":[{"name":"wp","href":"https:\/\/api.w.org\/{rel}","templated":true}]}}