{"id":369846,"date":"2022-12-14T10:46:47","date_gmt":"2022-12-14T13:46:47","guid":{"rendered":"https:\/\/fgmdentalgroup.com\/?page_id=369846"},"modified":"2026-04-14T09:49:21","modified_gmt":"2026-04-14T12:49:21","slug":"encontra-su-distribuidor","status":"publish","type":"page","link":"https:\/\/fgmdentalgroup.com\/latam\/encontra-su-distribuidor\/","title":{"rendered":"Encontra su distribuidor"},"content":{"rendered":"\t\t<div data-elementor-type=\"wp-page\" data-elementor-id=\"369846\" class=\"elementor elementor-369846\" data-elementor-post-type=\"page\">\n\t\t\t\t<div class=\"elementor-element elementor-element-ce75d82 e-flex e-con-boxed e-con e-parent\" data-id=\"ce75d82\" data-element_type=\"container\" data-settings=\"{&quot;background_background&quot;:&quot;classic&quot;,&quot;background_motion_fx_motion_fx_mouse&quot;:&quot;yes&quot;,&quot;jet_parallax_layout_list&quot;:[],&quot;shape_divider_bottom&quot;:&quot;curve-asymmetrical&quot;,&quot;shape_divider_bottom_negative&quot;:&quot;yes&quot;}\">\n\t\t\t\t\t<div class=\"e-con-inner\">\n\t\t\t\t<div class=\"elementor-shape elementor-shape-bottom\" data-negative=\"true\">\n\t\t\t<svg xmlns=\"http:\/\/www.w3.org\/2000\/svg\" viewBox=\"0 0 1000 100\" preserveAspectRatio=\"none\">\n\t<path class=\"elementor-shape-fill\" d=\"M615.2,96.7C240.2,97.8,0,18.9,0,0v100h1000V0C1000,19.2,989.8,96,615.2,96.7z\"\/>\n<\/svg>\t\t<\/div>\n\t\t<div class=\"elementor-element elementor-element-fb63ce8 e-con-full e-flex e-con e-child\" data-id=\"fb63ce8\" data-element_type=\"container\" data-settings=\"{&quot;jet_parallax_layout_list&quot;:[]}\">\n\t\t\t\t<div class=\"elementor-element elementor-element-356cd04 elementor-widget elementor-widget-heading\" data-id=\"356cd04\" data-element_type=\"widget\" data-widget_type=\"heading.default\">\n\t\t\t\t<div class=\"elementor-widget-container\">\n\t\t\t<h1 class=\"elementor-heading-title elementor-size-default\">FGM m\u00e1s cercana<\/h1>\t\t<\/div>\n\t\t\t\t<\/div>\n\t\t\t\t<div class=\"elementor-element elementor-element-b162deb elementor-widget__width-initial elementor-widget elementor-widget-heading\" data-id=\"b162deb\" data-element_type=\"widget\" data-widget_type=\"heading.default\">\n\t\t\t\t<div class=\"elementor-widget-container\">\n\t\t\t<h2 class=\"elementor-heading-title elementor-size-default\">Contacte un distribuidor <br> oficial en su pa\u00eds<\/h2>\t\t<\/div>\n\t\t\t\t<\/div>\n\t\t\t\t<div class=\"elementor-element elementor-element-e05b8b7 elementor-widget elementor-widget-text-editor\" data-id=\"e05b8b7\" data-element_type=\"widget\" data-widget_type=\"text-editor.default\">\n\t\t\t\t<div class=\"elementor-widget-container\">\n\t\t\t\t\t\t\tTransformando sonrisas por el mundo, <b>FGM Dental Group<\/b> est\u00e1 presente en m\u00e1s de 100 pa\u00eds. Para encontrar el distribuidor m\u00e1s cercano, seleccione el pa\u00eds en el campo de abajo.\t\t\t\t\t\t<\/div>\n\t\t\t\t<\/div>\n\t\t\t\t<div class=\"elementor-element elementor-element-cd6e059 elementor-widget elementor-widget-html\" data-id=\"cd6e059\" data-element_type=\"widget\" data-widget_type=\"html.default\">\n\t\t\t\t<div class=\"elementor-widget-container\">\n\t\t\t<!doctype html>\r\n<html>\r\n<head>\r\n<meta charset=\"utf-8\">\r\n<\/head>\r\n\t\r\n\t<style>\r\n\t\t\r\n\t    \r\n\t    \r\n\t\t\r\n\t\tselect {\r\n\t\t\tborder-radius: 5px;\r\n\t\t\tpadding: 20px;\r\n\t\t\tfont-size: 16px;\r\n\t\t\twidth: 300px;\r\n\t\t\tdisplay: inline-block;\r\n\t\t\t\r\n\t\t}\r\n\t\t\r\n\t\r\n\t\t\r\n\t\t.btnmenu1 {\r\n\t\t\tborder: none;\r\n\t\t\tborder-radius: 5px;\r\n\t\t\tmargin-left:10px;\r\n\t\t}\r\n\t\t\r\n\t\t\r\n\t<\/style>\r\n\r\n<body>\r\n\t<div class=\"formulario\">\r\n   <select name ='menu1' id ='menu1' class = 'menu1'>\r\n\t <option value = \"#\">Selecciona su pa\u00eds<\/option>\r\n      <option value = \"https:\/\/api.whatsapp.com\/send?phone=5491121731297\">Argentina<\/option>\r\n      <option value = \"https:\/\/api.whatsapp.com\/send?phone=59170110539\">Bolivia<\/option>\r\n      <option value = \"https:\/\/www.mayordent.cl\/?s=fgm&post%5C_type=product%5D\">MayorDent Chile<\/option>\r\n       <option value = \"https:\/\/spdental.cl\/\">SP Dental Chile<\/option>\r\n      <option value = \"https:\/\/api.whatsapp.com\/send?phone=573104248729\">Colombia<\/option>\r\n\t   <option value = \"https:\/\/api.whatsapp.com\/send?phone=573222445701\">Colombia<\/option>\r\n\t   <option value = \"https:\/\/api.whatsapp.com\/send\/?phone=573206736524&text=Hola%2C+quiero+m%C3%A1s+informaci%C3%B3n+sobre+productos+de+FGM&type=phone_number&app_absent=0\">Colombia<\/option>\r\n      <option value = \"https:\/\/api.whatsapp.com\/send?phone=50671195035\">Costa Rica<\/option>\r\n      <option value = \"https:\/\/api.whatsapp.com\/send?phone=50378606402\">El Salvador<\/option>\r\n      <option value = \"https:\/\/api.whatsapp.com\/send?phone=593959943849\">Equador - Est\u00e9tica <\/option>\r\n        <option value = \"https:\/\/api.whatsapp.com\/send?phone=593998974555\">Equador - Implantes <\/option>\r\n      <option value = \"https:\/\/www.americanmyd.es\/\">Espa\u00f1a - Est\u00e9tica<\/option>\r\n      <option value = \"https:\/\/api.whatsapp.com\/send?phone=351913676018\">Espa\u00f1a - Implantes<\/option>\r\n      <option value = \"https:\/\/api.whatsapp.com\/send?phone=50240404900\">Guatemala<\/option>\r\n      <option value = \"https:\/\/api.whatsapp.com\/send?phone=50487318630\">Honduras<\/option>\r\n      <option value = \"https:\/\/api.whatsapp.com\/send?phone=5215581710063\">M\u00e9xico<\/option>\r\n      <option value = \"https:\/\/api.whatsapp.com\/send?phone=50589921014\">Nicaragua<\/option>\r\n      <option value = \"https:\/\/api.whatsapp.com\/send?phone=50762613682\">Panam\u00e1<\/option>\r\n      <option value = \"https:\/\/api.whatsapp.com\/send?phone=595983188000\">Paraguay<\/option>\r\n      <option value = \"https:\/\/api.whatsapp.com\/send?phone=51994137369\">Peru<\/option>\r\n      <option value = \"https:\/\/api.whatsapp.com\/send?phone=18294529253\">Rep\u00fablica Dominicana<\/option>\r\n      <option value = \"https:\/\/api.whatsapp.com\/send?phone=59899510559\">Uruguay<\/option>\r\n      <option value = \"https:\/\/api.whatsapp.com\/send?phone=584144951312\">Venezuela<\/option>\r\n     \r\n   <\/select>\r\n   <input type = 'button' id = 'btnmenu1' class = 'btnmenu1' style = \"color: #FFFFFF;font-family: Arial;font-size: 16px;font-style: normal;background-color: #091235;padding: 20px;cursor: pointer\" onmouseover = \"this.style.backgroundColor = '#88a9c3'\"  onmouseout = \"this.style.backgroundColor = '#91235'\"  onclick = 'window.open(document.getElementById(\"menu1\").options[document.getElementById(\"menu1\").selectedIndex].value)' value = 'Contacte' \/>\r\n<\/div>\r\n<!-- End Dropdown menu -->\r\n<\/body>\r\n<\/html>\r\n\t\t<\/div>\n\t\t\t\t<\/div>\n\t\t\t\t<div class=\"elementor-element elementor-element-2d1a089 elementor-widget__width-initial elementor-widget elementor-widget-text-editor\" data-id=\"2d1a089\" data-element_type=\"widget\" data-widget_type=\"text-editor.default\">\n\t\t\t\t<div class=\"elementor-widget-container\">\n\t\t\t\t\t\t\tSi no hay distribuidores en su regi\u00f3n, puede contactar a nuestro equipo de exportaci\u00f3n: <b>export@fgmdentalgroup.com\t\t\t\t\t\t<\/div>\n\t\t\t\t<\/div>\n\t\t\t\t<\/div>\n\t\t\t\t\t<\/div>\n\t\t\t\t<\/div>\n\t\t<div class=\"elementor-element elementor-element-685d39f e-flex e-con-boxed e-con e-parent\" data-id=\"685d39f\" data-element_type=\"container\" data-settings=\"{&quot;jet_parallax_layout_list&quot;:[]}\">\n\t\t\t\t\t<div class=\"e-con-inner\">\n\t\t\t\t<div class=\"elementor-element elementor-element-f48a997 elementor-widget__width-initial elementor-widget-mobile__width-initial elementor-widget elementor-widget-heading\" data-id=\"f48a997\" data-element_type=\"widget\" data-widget_type=\"heading.default\">\n\t\t\t\t<div class=\"elementor-widget-container\">\n\t\t\t<h1 class=\"elementor-heading-title elementor-size-default\">FGM trabaja para que personas de todo el mundo puedan sonre\u00edr m\u00e1s y mejor, sin miedo de ser felices<\/h1>\t\t<\/div>\n\t\t\t\t<\/div>\n\t\t\t\t\t<\/div>\n\t\t\t\t<\/div>\n\t\t<div class=\"elementor-element elementor-element-d8b4254 e-flex e-con-boxed e-con e-parent\" data-id=\"d8b4254\" data-element_type=\"container\" data-settings=\"{&quot;jet_parallax_layout_list&quot;:[],&quot;shape_divider_bottom&quot;:&quot;curve-asymmetrical&quot;,&quot;shape_divider_bottom_negative&quot;:&quot;yes&quot;}\">\n\t\t\t\t\t<div class=\"e-con-inner\">\n\t\t\t\t<div class=\"elementor-shape elementor-shape-bottom\" data-negative=\"true\">\n\t\t\t<svg xmlns=\"http:\/\/www.w3.org\/2000\/svg\" viewBox=\"0 0 1000 100\" preserveAspectRatio=\"none\">\n\t<path class=\"elementor-shape-fill\" d=\"M615.2,96.7C240.2,97.8,0,18.9,0,0v100h1000V0C1000,19.2,989.8,96,615.2,96.7z\"\/>\n<\/svg>\t\t<\/div>\n\t\t\t\t<div class=\"elementor-element elementor-element-6ab3ee7 elementor-widget__width-initial elementor-widget elementor-widget-video\" data-id=\"6ab3ee7\" data-element_type=\"widget\" data-settings=\"{&quot;youtube_url&quot;:&quot;https:\\\/\\\/youtu.be\\\/oi9nq3F5dqI?si=D_HWNW34y4VZC1go&quot;,&quot;autoplay&quot;:&quot;yes&quot;,&quot;play_on_mobile&quot;:&quot;yes&quot;,&quot;mute&quot;:&quot;yes&quot;,&quot;video_type&quot;:&quot;youtube&quot;,&quot;controls&quot;:&quot;yes&quot;}\" data-widget_type=\"video.default\">\n\t\t\t\t<div class=\"elementor-widget-container\">\n\t\t\t\t\t<div class=\"elementor-wrapper elementor-open-inline\">\n\t\t\t<div class=\"elementor-video\"><\/div>\t\t<\/div>\n\t\t\t\t<\/div>\n\t\t\t\t<\/div>\n\t\t<div class=\"elementor-element elementor-element-2e558b3 e-con-full e-flex elementor-invisible e-con e-child\" data-id=\"2e558b3\" data-element_type=\"container\" data-settings=\"{&quot;animation&quot;:&quot;fadeInRight&quot;,&quot;jet_parallax_layout_list&quot;:[]}\">\n\t\t\t\t<div class=\"elementor-element elementor-element-1182a4f elementor-widget elementor-widget-text-editor\" data-id=\"1182a4f\" data-element_type=\"widget\" data-widget_type=\"text-editor.default\">\n\t\t\t\t<div class=\"elementor-widget-container\">\n\t\t\t\t\t\t\t<b>La historia de la empresa comenz\u00f3 en 1996<\/b>, con el desarrollo del primer blanqueador dental genuinamente brasile\u00f1o, hoy mundialmente conocido: Whiteness Perfect. Desde all\u00e1 para ac\u00e1, mucha cosa ha cambiado, pero la esencia es la misma: <b>somos la marca de la sonrisa.<\/b>\t\t\t\t\t\t<\/div>\n\t\t\t\t<\/div>\n\t\t\t\t<\/div>\n\t\t\t\t\t<\/div>\n\t\t\t\t<\/div>\n\t\t<div class=\"elementor-element elementor-element-30590bd e-flex e-con-boxed e-con e-parent\" data-id=\"30590bd\" data-element_type=\"container\" data-settings=\"{&quot;background_background&quot;:&quot;classic&quot;,&quot;jet_parallax_layout_list&quot;:[]}\">\n\t\t\t\t\t<div class=\"e-con-inner\">\n\t\t<div class=\"elementor-element elementor-element-1871d2f e-flex e-con-boxed e-con e-child\" data-id=\"1871d2f\" data-element_type=\"container\" data-settings=\"{&quot;jet_parallax_layout_list&quot;:[]}\">\n\t\t\t\t\t<div class=\"e-con-inner\">\n\t\t\t\t<div class=\"elementor-element elementor-element-fe1a6f0 elementor-widget elementor-widget-counter\" data-id=\"fe1a6f0\" data-element_type=\"widget\" data-widget_type=\"counter.default\">\n\t\t\t\t<div class=\"elementor-widget-container\">\n\t\t\t\t\t<div class=\"elementor-counter\">\n\t\t\t<div class=\"elementor-counter-title\">PRODUCTOS<\/div>\t\t\t<div class=\"elementor-counter-number-wrapper\">\n\t\t\t\t<span class=\"elementor-counter-number-prefix\">+<\/span>\n\t\t\t\t<span class=\"elementor-counter-number\" data-duration=\"2000\" data-to-value=\"400\" data-from-value=\"0\" data-delimiter=\".\">0<\/span>\n\t\t\t\t<span class=\"elementor-counter-number-suffix\"><\/span>\n\t\t\t<\/div>\n\t\t<\/div>\n\t\t\t\t<\/div>\n\t\t\t\t<\/div>\n\t\t\t\t<div class=\"elementor-element elementor-element-debaf7a elementor-widget__width-initial elementor-widget elementor-widget-text-editor\" data-id=\"debaf7a\" data-element_type=\"widget\" data-widget_type=\"text-editor.default\">\n\t\t\t\t<div class=\"elementor-widget-container\">\n\t\t\t\t\t\t\tCon un equipo de profesionales e investigadores, <B>FGM tiene un portafolio completo.<\/B>\t\t\t\t\t\t<\/div>\n\t\t\t\t<\/div>\n\t\t\t\t\t<\/div>\n\t\t\t\t<\/div>\n\t\t<div class=\"elementor-element elementor-element-9fbf496 e-flex e-con-boxed e-con e-child\" data-id=\"9fbf496\" data-element_type=\"container\" data-settings=\"{&quot;jet_parallax_layout_list&quot;:[]}\">\n\t\t\t\t\t<div class=\"e-con-inner\">\n\t\t\t\t<div class=\"elementor-element elementor-element-46278cf elementor-widget elementor-widget-counter\" data-id=\"46278cf\" data-element_type=\"widget\" data-widget_type=\"counter.default\">\n\t\t\t\t<div class=\"elementor-widget-container\">\n\t\t\t\t\t<div class=\"elementor-counter\">\n\t\t\t<div class=\"elementor-counter-title\">PA\u00cdSES<\/div>\t\t\t<div class=\"elementor-counter-number-wrapper\">\n\t\t\t\t<span class=\"elementor-counter-number-prefix\">+<\/span>\n\t\t\t\t<span class=\"elementor-counter-number\" data-duration=\"2000\" data-to-value=\"100\" data-from-value=\"0\" data-delimiter=\".\">0<\/span>\n\t\t\t\t<span class=\"elementor-counter-number-suffix\"><\/span>\n\t\t\t<\/div>\n\t\t<\/div>\n\t\t\t\t<\/div>\n\t\t\t\t<\/div>\n\t\t\t\t<div class=\"elementor-element elementor-element-5022d31 elementor-widget__width-initial elementor-widget elementor-widget-text-editor\" data-id=\"5022d31\" data-element_type=\"widget\" data-widget_type=\"text-editor.default\">\n\t\t\t\t<div class=\"elementor-widget-container\">\n\t\t\t\t\t\t\tFGM extrapola fronteras. <b>Est\u00e1 presente en m\u00e1s de 100 pa\u00edses<\/b>, siendo l\u00edder de ventas en varios de ellos.\t\t\t\t\t\t<\/div>\n\t\t\t\t<\/div>\n\t\t\t\t\t<\/div>\n\t\t\t\t<\/div>\n\t\t<div class=\"elementor-element elementor-element-ca97bbe e-flex e-con-boxed e-con e-child\" data-id=\"ca97bbe\" data-element_type=\"container\" data-settings=\"{&quot;jet_parallax_layout_list&quot;:[]}\">\n\t\t\t\t\t<div class=\"e-con-inner\">\n\t\t\t\t<div class=\"elementor-element elementor-element-84e6dc4 elementor-widget elementor-widget-counter\" data-id=\"84e6dc4\" data-element_type=\"widget\" data-widget_type=\"counter.default\">\n\t\t\t\t<div class=\"elementor-widget-container\">\n\t\t\t\t\t<div class=\"elementor-counter\">\n\t\t\t<div class=\"elementor-counter-title\">PROFESIONALES POR A\u00d1O<\/div>\t\t\t<div class=\"elementor-counter-number-wrapper\">\n\t\t\t\t<span class=\"elementor-counter-number-prefix\">+<\/span>\n\t\t\t\t<span class=\"elementor-counter-number\" data-duration=\"2000\" data-to-value=\"50000\" data-from-value=\"0\" data-delimiter=\".\">0<\/span>\n\t\t\t\t<span class=\"elementor-counter-number-suffix\"><\/span>\n\t\t\t<\/div>\n\t\t<\/div>\n\t\t\t\t<\/div>\n\t\t\t\t<\/div>\n\t\t\t\t<div class=\"elementor-element elementor-element-c390b51 elementor-widget__width-initial elementor-widget elementor-widget-text-editor\" data-id=\"c390b51\" data-element_type=\"widget\" data-widget_type=\"text-editor.default\">\n\t\t\t\t<div class=\"elementor-widget-container\">\n\t\t\t\t\t\t\tCompartiendo conocimiento y experiencias <b>en aproximadamente 2.000 cursos realizados anualmente.<\/b>\t\t\t\t\t\t<\/div>\n\t\t\t\t<\/div>\n\t\t\t\t\t<\/div>\n\t\t\t\t<\/div>\n\t\t\t\t\t<\/div>\n\t\t\t\t<\/div>\n\t\t<div class=\"elementor-element elementor-element-5d8202d e-con-full e-flex e-con e-parent\" data-id=\"5d8202d\" data-element_type=\"container\" data-settings=\"{&quot;background_background&quot;:&quot;classic&quot;,&quot;jet_parallax_layout_list&quot;:[]}\">\n\t\t\t\t<div class=\"elementor-element elementor-element-69dbcd0 elementor-widget__width-initial elementor-widget elementor-widget-image\" data-id=\"69dbcd0\" data-element_type=\"widget\" data-widget_type=\"image.default\">\n\t\t\t\t<div class=\"elementor-widget-container\">\n\t\t\t\t\t\t\t\t\t\t\t\t\t<img fetchpriority=\"high\" decoding=\"async\" width=\"577\" height=\"242\" src=\"https:\/\/fgmdentalgroup.com\/wp-content\/uploads\/2025\/02\/MENTORIA-EST-Escuro-Sozinha.png\" class=\"attachment-large size-large wp-image-542069\" alt=\"\" srcset=\"https:\/\/fgmdentalgroup.com\/wp-content\/uploads\/2025\/02\/MENTORIA-EST-Escuro-Sozinha.png 577w, https:\/\/fgmdentalgroup.com\/wp-content\/uploads\/2025\/02\/MENTORIA-EST-Escuro-Sozinha-300x126.png 300w\" sizes=\"(max-width: 577px) 100vw, 577px\" title=\"\">\t\t\t\t\t\t\t\t\t\t\t\t\t<\/div>\n\t\t\t\t<\/div>\n\t\t<div class=\"elementor-element elementor-element-44d720e e-con-full e-flex e-con e-child\" data-id=\"44d720e\" data-element_type=\"container\" data-settings=\"{&quot;jet_parallax_layout_list&quot;:[]}\">\n\t\t\t\t<div class=\"elementor-element elementor-element-6a91f28 elementor-widget__width-initial elementor-widget elementor-widget-text-editor\" data-id=\"6a91f28\" data-element_type=\"widget\" data-widget_type=\"text-editor.default\">\n\t\t\t\t<div class=\"elementor-widget-container\">\n\t\t\t\t\t\t\t<p>Mucha informaci\u00f3n y conocimiento para agregar a sus resultados cl\u00ednicos<\/p>\t\t\t\t\t\t<\/div>\n\t\t\t\t<\/div>\n\t\t\t\t<div class=\"elementor-element elementor-element-28b1d20 elementor-align-left elementor-mobile-align-center elementor-widget-mobile__width-initial elementor-widget elementor-widget-button\" data-id=\"28b1d20\" data-element_type=\"widget\" data-widget_type=\"button.default\">\n\t\t\t\t<div class=\"elementor-widget-container\">\n\t\t\t\t\t\t\t\t<a class=\"elementor-button elementor-button-link elementor-size-sm elementor-animation-grow\" href=\"https:\/\/fgmdentalgroup.com\/latam\/mentoria-est\/\" target=\"_blank\">\n\t\t\t\t\t\t<span class=\"elementor-button-content-wrapper\">\n\t\t\t\t\t\t\t\t\t<span class=\"elementor-button-text\">Suscribirse - Est\u00e9tica<\/span>\n\t\t\t\t\t<\/span>\n\t\t\t\t\t<\/a>\n\t\t\t\t\t\t<\/div>\n\t\t\t\t<\/div>\n\t\t\t\t<div class=\"elementor-element elementor-element-e030434 elementor-align-left elementor-mobile-align-center elementor-widget-mobile__width-initial elementor-widget elementor-widget-button\" data-id=\"e030434\" data-element_type=\"widget\" data-widget_type=\"button.default\">\n\t\t\t\t<div class=\"elementor-widget-container\">\n\t\t\t\t\t\t\t\t<a class=\"elementor-button elementor-button-link elementor-size-sm elementor-animation-grow\" href=\"https:\/\/fgmdentalgroup.com\/latam\/mentoria-fgm-imp\/\" target=\"_blank\">\n\t\t\t\t\t\t<span class=\"elementor-button-content-wrapper\">\n\t\t\t\t\t\t\t\t\t<span class=\"elementor-button-text\">Suscribirse - Implantes<\/span>\n\t\t\t\t\t<\/span>\n\t\t\t\t\t<\/a>\n\t\t\t\t\t\t<\/div>\n\t\t\t\t<\/div>\n\t\t\t\t<\/div>\n\t\t\t\t<\/div>\n\t\t\t\t<\/div>\n\t\t","protected":false},"excerpt":{"rendered":"<p>FGM m\u00e1s cercana Contacte un distribuidor oficial en su pa\u00eds Transformando sonrisas por el mundo, FGM Dental Group est\u00e1 presente en m\u00e1s de 100 pa\u00eds. Para encontrar el distribuidor m\u00e1s cercano, seleccione el pa\u00eds en el campo de abajo. Selecciona su pa\u00edsArgentinaBoliviaMayorDent ChileSP Dental ChileColombiaColombiaColombiaCosta RicaEl SalvadorEquador &#8211; Est\u00e9tica Equador &#8211; Implantes Espa\u00f1a &#8211; Est\u00e9ticaEspa\u00f1a [&hellip;]<\/p>\n","protected":false},"author":15,"featured_media":0,"parent":0,"menu_order":0,"comment_status":"closed","ping_status":"closed","template":"elementor_header_footer","meta":{"footnotes":""},"class_list":["post-369846","page","type-page","status-publish","hentry"],"_links":{"self":[{"href":"https:\/\/fgmdentalgroup.com\/latam\/wp-json\/wp\/v2\/pages\/369846"}],"collection":[{"href":"https:\/\/fgmdentalgroup.com\/latam\/wp-json\/wp\/v2\/pages"}],"about":[{"href":"https:\/\/fgmdentalgroup.com\/latam\/wp-json\/wp\/v2\/types\/page"}],"author":[{"embeddable":true,"href":"https:\/\/fgmdentalgroup.com\/latam\/wp-json\/wp\/v2\/users\/15"}],"replies":[{"embeddable":true,"href":"https:\/\/fgmdentalgroup.com\/latam\/wp-json\/wp\/v2\/comments?post=369846"}],"version-history":[{"count":15,"href":"https:\/\/fgmdentalgroup.com\/latam\/wp-json\/wp\/v2\/pages\/369846\/revisions"}],"predecessor-version":[{"id":564576,"href":"https:\/\/fgmdentalgroup.com\/latam\/wp-json\/wp\/v2\/pages\/369846\/revisions\/564576"}],"wp:attachment":[{"href":"https:\/\/fgmdentalgroup.com\/latam\/wp-json\/wp\/v2\/media?parent=369846"}],"curies":[{"name":"wp","href":"https:\/\/api.w.org\/{rel}","templated":true}]}}