{"id":353306,"date":"2022-10-24T01:32:03","date_gmt":"2022-10-24T04:32:03","guid":{"rendered":"https:\/\/fgmdentalgroup.com\/quem-somos\/"},"modified":"2025-01-21T10:04:38","modified_gmt":"2025-01-21T13:04:38","slug":"quien-somos","status":"publish","type":"page","link":"https:\/\/fgmdentalgroup.com\/latam\/quien-somos\/","title":{"rendered":"Quien somos"},"content":{"rendered":"\t\t<div data-elementor-type=\"wp-page\" data-elementor-id=\"353306\" class=\"elementor elementor-353306 elementor-13\" data-elementor-post-type=\"page\">\n\t\t\t\t<div class=\"elementor-element elementor-element-7e898c3 e-flex e-con-boxed e-con e-parent\" data-id=\"7e898c3\" data-element_type=\"container\" data-settings=\"{&quot;jet_parallax_layout_list&quot;:[]}\">\n\t\t\t\t\t<div class=\"e-con-inner\">\n\t\t<div class=\"elementor-element elementor-element-a826079 e-con-full e-flex elementor-invisible e-con e-child\" data-id=\"a826079\" data-element_type=\"container\" data-settings=\"{&quot;animation&quot;:&quot;fadeInUp&quot;,&quot;jet_parallax_layout_list&quot;:[]}\">\n\t\t\t\t<div class=\"elementor-element elementor-element-c36372a elementor-widget__width-initial elementor-widget elementor-widget-text-editor\" data-id=\"c36372a\" data-element_type=\"widget\" data-widget_type=\"text-editor.default\">\n\t\t\t\t<div class=\"elementor-widget-container\">\n\t\t\t\t\t\t\tLa marca de la sonrisa\t\t\t\t\t\t<\/div>\n\t\t\t\t<\/div>\n\t\t\t\t<div class=\"elementor-element elementor-element-968d51f elementor-widget__width-initial elementor-widget elementor-widget-heading\" data-id=\"968d51f\" data-element_type=\"widget\" data-widget_type=\"heading.default\">\n\t\t\t\t<div class=\"elementor-widget-container\">\n\t\t\t<h2 class=\"elementor-heading-title elementor-size-default\">FGM trabaja para que personas de todo el mundo puedan sonre\u00edr m\u00e1s y mejor, sin miedo de ser felices.<\/h2>\t\t<\/div>\n\t\t\t\t<\/div>\n\t\t\t\t<div class=\"elementor-element elementor-element-a94fcbf elementor-widget__width-initial elementor-widget elementor-widget-text-editor\" data-id=\"a94fcbf\" data-element_type=\"widget\" data-widget_type=\"text-editor.default\">\n\t\t\t\t<div class=\"elementor-widget-container\">\n\t\t\t\t\t\t\tLa historia de la empresa comenz\u00f3 en 1996, con el desarrollo del primer blanqueador dental genuinamente brasile\u00f1o, hoy mundialmente conocido: Whiteness Perfect. Desde all\u00e1 para ac\u00e1, mucha cosa ha cambiado, pero la esencia es la misma: somos la marca de la sonrisa.\t\t\t\t\t\t<\/div>\n\t\t\t\t<\/div>\n\t\t\t\t<\/div>\n\t\t\t\t<div class=\"elementor-element elementor-element-656a6d8 elementor-widget__width-initial elementor-widget elementor-widget-image\" data-id=\"656a6d8\" data-element_type=\"widget\" data-widget_type=\"image.default\">\n\t\t\t\t<div class=\"elementor-widget-container\">\n\t\t\t\t\t\t\t\t\t\t\t\t\t<img fetchpriority=\"high\" decoding=\"async\" width=\"800\" height=\"805\" src=\"https:\/\/fgmdentalgroup.com\/wp-content\/uploads\/2025\/01\/Loira-e-lucas.png\" class=\"attachment-large size-large wp-image-537656\" alt=\"\" srcset=\"https:\/\/fgmdentalgroup.com\/wp-content\/uploads\/2025\/01\/Loira-e-lucas.png 818w, https:\/\/fgmdentalgroup.com\/wp-content\/uploads\/2025\/01\/Loira-e-lucas-298x300.png 298w, https:\/\/fgmdentalgroup.com\/wp-content\/uploads\/2025\/01\/Loira-e-lucas-150x150.png 150w\" sizes=\"(max-width: 800px) 100vw, 800px\" title=\"\">\t\t\t\t\t\t\t\t\t\t\t\t\t<\/div>\n\t\t\t\t<\/div>\n\t\t\t\t\t<\/div>\n\t\t\t\t<\/div>\n\t\t<div class=\"elementor-element elementor-element-e82001c e-con-full e-flex e-con e-parent\" data-id=\"e82001c\" data-element_type=\"container\" data-settings=\"{&quot;background_background&quot;:&quot;gradient&quot;,&quot;jet_parallax_layout_list&quot;:[]}\">\n\t\t<div class=\"elementor-element elementor-element-cfdc7d2 e-flex e-con-boxed e-con e-child\" data-id=\"cfdc7d2\" data-element_type=\"container\" data-settings=\"{&quot;jet_parallax_layout_list&quot;:[]}\">\n\t\t\t\t\t<div class=\"e-con-inner\">\n\t\t<div class=\"elementor-element elementor-element-9ebb95c e-con-full animated-slow e-flex elementor-invisible e-con e-child\" data-id=\"9ebb95c\" data-element_type=\"container\" data-settings=\"{&quot;animation&quot;:&quot;fadeInUp&quot;,&quot;jet_parallax_layout_list&quot;:[]}\">\n\t\t\t\t<div class=\"elementor-element elementor-element-ea566b7 elementor-widget elementor-widget-heading\" data-id=\"ea566b7\" data-element_type=\"widget\" data-widget_type=\"heading.default\">\n\t\t\t\t<div class=\"elementor-widget-container\">\n\t\t\t<h2 class=\"elementor-heading-title elementor-size-default\">+400<\/h2>\t\t<\/div>\n\t\t\t\t<\/div>\n\t\t\t\t<div class=\"elementor-element elementor-element-5e84bdc elementor-widget elementor-widget-text-editor\" data-id=\"5e84bdc\" data-element_type=\"widget\" data-widget_type=\"text-editor.default\">\n\t\t\t\t<div class=\"elementor-widget-container\">\n\t\t\t\t\t\t\tPRODUCTOS\t\t\t\t\t\t<\/div>\n\t\t\t\t<\/div>\n\t\t\t\t<div class=\"elementor-element elementor-element-4d17189 elementor-widget__width-initial elementor-widget elementor-widget-text-editor\" data-id=\"4d17189\" data-element_type=\"widget\" data-widget_type=\"text-editor.default\">\n\t\t\t\t<div class=\"elementor-widget-container\">\n\t\t\t\t\t\t\tCon un equipo de profesionales e investigadores, FGM tiene una cartera completa.\t\t\t\t\t\t<\/div>\n\t\t\t\t<\/div>\n\t\t\t\t<\/div>\n\t\t<div class=\"elementor-element elementor-element-52abf68 e-con-full animated-slow e-flex elementor-invisible e-con e-child\" data-id=\"52abf68\" data-element_type=\"container\" data-settings=\"{&quot;animation&quot;:&quot;fadeInUp&quot;,&quot;jet_parallax_layout_list&quot;:[]}\">\n\t\t\t\t<div class=\"elementor-element elementor-element-1c725c0 elementor-widget elementor-widget-heading\" data-id=\"1c725c0\" data-element_type=\"widget\" data-widget_type=\"heading.default\">\n\t\t\t\t<div class=\"elementor-widget-container\">\n\t\t\t<h2 class=\"elementor-heading-title elementor-size-default\">+100<\/h2>\t\t<\/div>\n\t\t\t\t<\/div>\n\t\t\t\t<div class=\"elementor-element elementor-element-53035a3 elementor-widget elementor-widget-text-editor\" data-id=\"53035a3\" data-element_type=\"widget\" data-widget_type=\"text-editor.default\">\n\t\t\t\t<div class=\"elementor-widget-container\">\n\t\t\t\t\t\t\t<p>PA\u00cdSES<\/p>\n\t\t\t\t\t\t<\/div>\n\t\t\t\t<\/div>\n\t\t\t\t<div class=\"elementor-element elementor-element-2add04c elementor-widget__width-initial elementor-widget elementor-widget-text-editor\" data-id=\"2add04c\" data-element_type=\"widget\" data-widget_type=\"text-editor.default\">\n\t\t\t\t<div class=\"elementor-widget-container\">\n\t\t\t\t\t\t\tFGM traspasa fronteras. Est\u00e1 presente en m\u00e1s de 100 pa\u00edses, siendo l\u00edder de ventas en varios de ellos.\t\t\t\t\t\t<\/div>\n\t\t\t\t<\/div>\n\t\t\t\t<\/div>\n\t\t<div class=\"elementor-element elementor-element-d5fab55 e-con-full animated-slow e-flex elementor-invisible e-con e-child\" data-id=\"d5fab55\" data-element_type=\"container\" data-settings=\"{&quot;animation&quot;:&quot;fadeInUp&quot;,&quot;jet_parallax_layout_list&quot;:[]}\">\n\t\t\t\t<div class=\"elementor-element elementor-element-0a6c67e elementor-widget elementor-widget-heading\" data-id=\"0a6c67e\" data-element_type=\"widget\" data-widget_type=\"heading.default\">\n\t\t\t\t<div class=\"elementor-widget-container\">\n\t\t\t<h2 class=\"elementor-heading-title elementor-size-default\">+50.000<\/h2>\t\t<\/div>\n\t\t\t\t<\/div>\n\t\t\t\t<div class=\"elementor-element elementor-element-36c7d1d elementor-widget elementor-widget-text-editor\" data-id=\"36c7d1d\" data-element_type=\"widget\" data-widget_type=\"text-editor.default\">\n\t\t\t\t<div class=\"elementor-widget-container\">\n\t\t\t\t\t\t\tPROFESIONALES\t\t\t\t\t\t<\/div>\n\t\t\t\t<\/div>\n\t\t\t\t<div class=\"elementor-element elementor-element-a0f30f3 elementor-widget__width-initial elementor-widget elementor-widget-text-editor\" data-id=\"a0f30f3\" data-element_type=\"widget\" data-widget_type=\"text-editor.default\">\n\t\t\t\t<div class=\"elementor-widget-container\">\n\t\t\t\t\t\t\tCompartiendo conocimiento y experiencias en aproximadamente 2.000 cursos realizados anualmente por la empresa.\t\t\t\t\t\t<\/div>\n\t\t\t\t<\/div>\n\t\t\t\t<\/div>\n\t\t\t\t\t<\/div>\n\t\t\t\t<\/div>\n\t\t<div class=\"elementor-element elementor-element-b63dc0b e-con-full e-flex e-con e-child\" data-id=\"b63dc0b\" data-element_type=\"container\" data-settings=\"{&quot;jet_parallax_layout_list&quot;:[]}\">\n\t\t\t\t<div class=\"elementor-element elementor-element-7d9609d elementor-widget elementor-widget-image\" data-id=\"7d9609d\" data-element_type=\"widget\" data-widget_type=\"image.default\">\n\t\t\t\t<div class=\"elementor-widget-container\">\n\t\t\t\t\t\t\t\t\t\t\t\t\t<img decoding=\"async\" width=\"1919\" height=\"961\" src=\"https:\/\/fgmdentalgroup.com\/wp-content\/uploads\/2022\/12\/mapa-azul-es.png\" class=\"attachment-full size-full wp-image-359192\" alt=\"\" title=\"\">\t\t\t\t\t\t\t\t\t\t\t\t\t<\/div>\n\t\t\t\t<\/div>\n\t\t\t\t<div class=\"elementor-element elementor-element-8e5982a elementor-widget elementor-widget-video\" data-id=\"8e5982a\" data-element_type=\"widget\" data-settings=\"{&quot;video_type&quot;:&quot;hosted&quot;,&quot;autoplay&quot;:&quot;yes&quot;,&quot;play_on_mobile&quot;:&quot;yes&quot;,&quot;mute&quot;:&quot;yes&quot;,&quot;loop&quot;:&quot;yes&quot;}\" data-widget_type=\"video.default\">\n\t\t\t\t<div class=\"elementor-widget-container\">\n\t\t\t\t\t<div class=\"e-hosted-video elementor-wrapper elementor-open-inline\">\n\t\t\t\t\t<video class=\"elementor-video\" src=\"https:\/\/fgmdentalgroup.com\/wp-content\/uploads\/2022\/12\/mapa-paises-es.webm\" autoplay=\"\" loop=\"\" muted=\"muted\" playsinline=\"\" controlsList=\"nodownload\"><\/video>\n\t\t\t\t<\/div>\n\t\t\t\t<\/div>\n\t\t\t\t<\/div>\n\t\t\t\t<\/div>\n\t\t\t\t<\/div>\n\t\t<div class=\"elementor-element elementor-element-7637e3c e-flex e-con-boxed e-con e-parent\" data-id=\"7637e3c\" data-element_type=\"container\" data-settings=\"{&quot;background_background&quot;:&quot;classic&quot;,&quot;jet_parallax_layout_list&quot;:[]}\">\n\t\t\t\t\t<div class=\"e-con-inner\">\n\t\t<div class=\"elementor-element elementor-element-8b6bb5f e-con-full e-flex e-con e-child\" data-id=\"8b6bb5f\" data-element_type=\"container\" data-settings=\"{&quot;jet_parallax_layout_list&quot;:[]}\">\n\t\t\t\t<div class=\"elementor-element elementor-element-f66ea29 elementor-widget elementor-widget-heading\" data-id=\"f66ea29\" data-element_type=\"widget\" data-widget_type=\"heading.default\">\n\t\t\t\t<div class=\"elementor-widget-container\">\n\t\t\t<h3 class=\"elementor-heading-title elementor-size-default\">Misi\u00f3n<\/h3>\t\t<\/div>\n\t\t\t\t<\/div>\n\t\t\t\t<div class=\"elementor-element elementor-element-17a1bed elementor-widget__width-initial elementor-widget elementor-widget-text-editor\" data-id=\"17a1bed\" data-element_type=\"widget\" data-widget_type=\"text-editor.default\">\n\t\t\t\t<div class=\"elementor-widget-container\">\n\t\t\t\t\t\t\tOfrecer soluciones seguras e innovadoras para los profesionales de la odontolog\u00eda, promoviendo la salud y est\u00e9tica bucal de los consumidores.\t\t\t\t\t\t<\/div>\n\t\t\t\t<\/div>\n\t\t\t\t<div class=\"elementor-element elementor-element-aa54b77 elementor-widget elementor-widget-heading\" data-id=\"aa54b77\" data-element_type=\"widget\" data-widget_type=\"heading.default\">\n\t\t\t\t<div class=\"elementor-widget-container\">\n\t\t\t<h3 class=\"elementor-heading-title elementor-size-default\">Visi\u00f3n<\/h3>\t\t<\/div>\n\t\t\t\t<\/div>\n\t\t\t\t<div class=\"elementor-element elementor-element-e0895e9 elementor-widget__width-initial elementor-widget elementor-widget-text-editor\" data-id=\"e0895e9\" data-element_type=\"widget\" data-widget_type=\"text-editor.default\">\n\t\t\t\t<div class=\"elementor-widget-container\">\n\t\t\t\t\t\t\tEstar entre las principales marcas mundiales que presentan las mejores soluciones odontol\u00f3gicas.\t\t\t\t\t\t<\/div>\n\t\t\t\t<\/div>\n\t\t\t\t<\/div>\n\t\t<div class=\"elementor-element elementor-element-a09db7d e-con-full e-flex e-con e-child\" data-id=\"a09db7d\" data-element_type=\"container\" data-settings=\"{&quot;jet_parallax_layout_list&quot;:[]}\">\n\t\t\t\t<div class=\"elementor-element elementor-element-c375390 elementor-widget elementor-widget-heading\" data-id=\"c375390\" data-element_type=\"widget\" data-widget_type=\"heading.default\">\n\t\t\t\t<div class=\"elementor-widget-container\">\n\t\t\t<h3 class=\"elementor-heading-title elementor-size-default\">Valores<\/h3>\t\t<\/div>\n\t\t\t\t<\/div>\n\t\t\t\t<div class=\"elementor-element elementor-element-2190d68 elementor-widget__width-initial elementor-widget elementor-widget-text-editor\" data-id=\"2190d68\" data-element_type=\"widget\" data-widget_type=\"text-editor.default\">\n\t\t\t\t<div class=\"elementor-widget-container\">\n\t\t\t\t\t\t\t<b>Innovaci\u00f3n:<\/b> ir m\u00e1s all\u00e1;\t\t\t\t\t\t<\/div>\n\t\t\t\t<\/div>\n\t\t\t\t<div class=\"elementor-element elementor-element-1bb563f elementor-widget__width-initial elementor-widget elementor-widget-text-editor\" data-id=\"1bb563f\" data-element_type=\"widget\" data-widget_type=\"text-editor.default\">\n\t\t\t\t<div class=\"elementor-widget-container\">\n\t\t\t\t\t\t\t<b>Desempe\u00f1o:<\/b> capacidad de lograr excelentes resultados, generando la satisfacci\u00f3n de los clientes en funci\u00f3n de la entrega de productos y servicios de calidad y confiable;\n\t\t\t\t\t\t<\/div>\n\t\t\t\t<\/div>\n\t\t\t\t<div class=\"elementor-element elementor-element-3537c81 elementor-widget__width-initial elementor-widget elementor-widget-text-editor\" data-id=\"3537c81\" data-element_type=\"widget\" data-widget_type=\"text-editor.default\">\n\t\t\t\t<div class=\"elementor-widget-container\">\n\t\t\t\t\t\t\t<b>Pasi\u00f3n:<\/b> personas apasionadas y con determinaci\u00f3n, con el prop\u00f3sito de transformar sonrisas, comprometidas todos los d\u00edas con las mejores pr\u00e1cticas y resultados, contagiando actitudes constructivas;\n\t\t\t\t\t\t<\/div>\n\t\t\t\t<\/div>\n\t\t\t\t<div class=\"elementor-element elementor-element-56c230f elementor-widget__width-initial elementor-widget elementor-widget-text-editor\" data-id=\"56c230f\" data-element_type=\"widget\" data-widget_type=\"text-editor.default\">\n\t\t\t\t<div class=\"elementor-widget-container\">\n\t\t\t\t\t\t\t<b>Base cient\u00edfica:<\/b> estudios cient\u00edficos que demuestran la eficacia y seguridad de los productos;\t\t\t\t\t\t<\/div>\n\t\t\t\t<\/div>\n\t\t\t\t<div class=\"elementor-element elementor-element-c412234 elementor-widget__width-initial elementor-widget elementor-widget-text-editor\" data-id=\"c412234\" data-element_type=\"widget\" data-widget_type=\"text-editor.default\">\n\t\t\t\t<div class=\"elementor-widget-container\">\n\t\t\t\t\t\t\t<b>Agilidad:<\/b> cultura de respuesta en el menor tiempo posible;\n\t\t\t\t\t\t<\/div>\n\t\t\t\t<\/div>\n\t\t\t\t<\/div>\n\t\t\t\t\t<\/div>\n\t\t\t\t<\/div>\n\t\t<div class=\"elementor-element elementor-element-16ed010 e-flex e-con-boxed e-con e-parent\" data-id=\"16ed010\" data-element_type=\"container\" data-settings=\"{&quot;jet_parallax_layout_list&quot;:[]}\">\n\t\t\t\t\t<div class=\"e-con-inner\">\n\t\t<div class=\"elementor-element elementor-element-ff3735f e-con-full e-flex elementor-invisible e-con e-child\" data-id=\"ff3735f\" data-element_type=\"container\" data-settings=\"{&quot;animation&quot;:&quot;fadeInUp&quot;,&quot;jet_parallax_layout_list&quot;:[]}\">\n\t\t\t\t<div class=\"elementor-element elementor-element-9723d4a elementor-widget elementor-widget-text-editor\" data-id=\"9723d4a\" data-element_type=\"widget\" data-widget_type=\"text-editor.default\">\n\t\t\t\t<div class=\"elementor-widget-container\">\n\t\t\t\t\t\t\tPol\u00edtica de Calidad\t\t\t\t\t\t<\/div>\n\t\t\t\t<\/div>\n\t\t\t\t<div class=\"elementor-element elementor-element-c8a8d14 elementor-widget elementor-widget-heading\" data-id=\"c8a8d14\" data-element_type=\"widget\" data-widget_type=\"heading.default\">\n\t\t\t\t<div class=\"elementor-widget-container\">\n\t\t\t<h3 class=\"elementor-heading-title elementor-size-default\">FGM Dental Group est\u00e1 continuamente comprometida en satisfacerles las expectativas a las partes interesadas, empe\u00f1\u00e1ndose en:<\/h3>\t\t<\/div>\n\t\t\t\t<\/div>\n\t\t\t\t<div class=\"elementor-element elementor-element-ef55cf6 elementor-widget elementor-widget-text-editor\" data-id=\"ef55cf6\" data-element_type=\"widget\" data-widget_type=\"text-editor.default\">\n\t\t\t\t<div class=\"elementor-widget-container\">\n\t\t\t\t\t\t\t<ul>\n<li>Diseminar el conocimiento t\u00e9cnico y cient\u00edfico.<\/li>\n<li>Incentivar la mejor\u00eda continua de los procesos para promover excelencia organizacional.<\/li>\n<li>Proporcionar condiciones de trabajo seguros y saludables, de forma sostenible, protegiendo al medio ambiente y los recursos naturales disponibles.<\/li>\n<li>Cumplir los requisitos regulatorios y mantener la eficacia del sistema de gesti\u00f3n de la calidad.<\/li>\n<li>Garantizar el reconocimiento de la marca por clientes y profesionales en el mercado de la odontolog\u00eda.<\/li>\n<\/ul>\n\t\t\t\t\t\t<\/div>\n\t\t\t\t<\/div>\n\t\t\t\t<div class=\"elementor-element elementor-element-f260f76 elementor-widget-divider--view-line elementor-widget elementor-widget-divider\" data-id=\"f260f76\" data-element_type=\"widget\" data-widget_type=\"divider.default\">\n\t\t\t\t<div class=\"elementor-widget-container\">\n\t\t\t\t\t<div class=\"elementor-divider\">\n\t\t\t<span class=\"elementor-divider-separator\">\n\t\t\t\t\t\t<\/span>\n\t\t<\/div>\n\t\t\t\t<\/div>\n\t\t\t\t<\/div>\n\t\t\t\t<div class=\"elementor-element elementor-element-de89da9 elementor-widget elementor-widget-text-editor\" data-id=\"de89da9\" data-element_type=\"widget\" data-widget_type=\"text-editor.default\">\n\t\t\t\t<div class=\"elementor-widget-container\">\n\t\t\t\t\t\t\t<p><strong>MQ20<\/strong><br \/><strong>Revis\u00e3o:<\/strong> 16<br \/><strong>Data:<\/strong> 22\/11\/2021<\/p>\n\t\t\t\t\t\t<\/div>\n\t\t\t\t<\/div>\n\t\t\t\t<\/div>\n\t\t\t\t<div class=\"elementor-element elementor-element-a75f80f elementor-widget elementor-widget-image\" data-id=\"a75f80f\" data-element_type=\"widget\" data-widget_type=\"image.default\">\n\t\t\t\t<div class=\"elementor-widget-container\">\n\t\t\t\t\t\t\t\t\t\t\t\t\t<img decoding=\"async\" width=\"800\" height=\"737\" src=\"https:\/\/fgmdentalgroup.com\/wp-content\/uploads\/2022\/11\/policy-quality-bf39d5b107af795e0ab15d2e1fde2a28f8cde27d6e906e0c28411ef0fcef26a2-1024x943.jpg\" class=\"attachment-large size-large wp-image-322572\" alt=\"\" srcset=\"https:\/\/fgmdentalgroup.com\/wp-content\/uploads\/2022\/11\/policy-quality-bf39d5b107af795e0ab15d2e1fde2a28f8cde27d6e906e0c28411ef0fcef26a2-1024x943.jpg 1024w, https:\/\/fgmdentalgroup.com\/wp-content\/uploads\/2022\/11\/policy-quality-bf39d5b107af795e0ab15d2e1fde2a28f8cde27d6e906e0c28411ef0fcef26a2-300x276.jpg 300w, https:\/\/fgmdentalgroup.com\/wp-content\/uploads\/2022\/11\/policy-quality-bf39d5b107af795e0ab15d2e1fde2a28f8cde27d6e906e0c28411ef0fcef26a2-768x707.jpg 768w, https:\/\/fgmdentalgroup.com\/wp-content\/uploads\/2022\/11\/policy-quality-bf39d5b107af795e0ab15d2e1fde2a28f8cde27d6e906e0c28411ef0fcef26a2.jpg 1136w\" sizes=\"(max-width: 800px) 100vw, 800px\" title=\"\">\t\t\t\t\t\t\t\t\t\t\t\t\t<\/div>\n\t\t\t\t<\/div>\n\t\t\t\t\t<\/div>\n\t\t\t\t<\/div>\n\t\t\t\t<\/div>\n\t\t","protected":false},"excerpt":{"rendered":"<p>La marca de la sonrisa FGM trabaja para que personas de todo el mundo puedan sonre\u00edr m\u00e1s y mejor, sin miedo de ser felices. La historia de la empresa comenz\u00f3 en 1996, con el desarrollo del primer blanqueador dental genuinamente brasile\u00f1o, hoy mundialmente conocido: Whiteness Perfect. Desde all\u00e1 para ac\u00e1, mucha cosa ha cambiado, pero [&hellip;]<\/p>\n","protected":false},"author":16,"featured_media":0,"parent":0,"menu_order":0,"comment_status":"closed","ping_status":"closed","template":"","meta":{"footnotes":""},"class_list":["post-353306","page","type-page","status-publish","hentry"],"_links":{"self":[{"href":"https:\/\/fgmdentalgroup.com\/latam\/wp-json\/wp\/v2\/pages\/353306"}],"collection":[{"href":"https:\/\/fgmdentalgroup.com\/latam\/wp-json\/wp\/v2\/pages"}],"about":[{"href":"https:\/\/fgmdentalgroup.com\/latam\/wp-json\/wp\/v2\/types\/page"}],"author":[{"embeddable":true,"href":"https:\/\/fgmdentalgroup.com\/latam\/wp-json\/wp\/v2\/users\/16"}],"replies":[{"embeddable":true,"href":"https:\/\/fgmdentalgroup.com\/latam\/wp-json\/wp\/v2\/comments?post=353306"}],"version-history":[{"count":3,"href":"https:\/\/fgmdentalgroup.com\/latam\/wp-json\/wp\/v2\/pages\/353306\/revisions"}],"predecessor-version":[{"id":538486,"href":"https:\/\/fgmdentalgroup.com\/latam\/wp-json\/wp\/v2\/pages\/353306\/revisions\/538486"}],"wp:attachment":[{"href":"https:\/\/fgmdentalgroup.com\/latam\/wp-json\/wp\/v2\/media?parent=353306"}],"curies":[{"name":"wp","href":"https:\/\/api.w.org\/{rel}","templated":true}]}}