{"id":361139,"date":"2022-11-14T11:28:28","date_gmt":"2022-11-14T14:28:28","guid":{"rendered":"https:\/\/fgmdentalgroup.com\/politica-de-privacidade\/"},"modified":"2025-02-11T16:51:02","modified_gmt":"2025-02-11T19:51:02","slug":"politica-sulla-privacy","status":"publish","type":"page","link":"https:\/\/fgmdentalgroup.com\/it\/politica-sulla-privacy\/","title":{"rendered":"Informativa sulla Privacy"},"content":{"rendered":"\t\t<div data-elementor-type=\"wp-page\" data-elementor-id=\"361139\" class=\"elementor elementor-361139 elementor-293566\" data-elementor-post-type=\"page\">\n\t\t\t\t<div class=\"elementor-element elementor-element-541b50e e-flex e-con-boxed e-con e-parent\" data-id=\"541b50e\" data-element_type=\"container\" data-settings=\"{&quot;jet_parallax_layout_list&quot;:[]}\">\n\t\t\t\t\t<div class=\"e-con-inner\">\n\t\t<div class=\"elementor-element elementor-element-cf54fcc e-flex e-con-boxed e-con e-child\" data-id=\"cf54fcc\" data-element_type=\"container\" data-settings=\"{&quot;background_background&quot;:&quot;gradient&quot;,&quot;jet_parallax_layout_list&quot;:[]}\">\n\t\t\t\t\t<div class=\"e-con-inner\">\n\t\t\t\t<div class=\"elementor-element elementor-element-8baa942 elementor-widget elementor-widget-heading\" data-id=\"8baa942\" data-element_type=\"widget\" data-widget_type=\"heading.default\">\n\t\t\t\t<div class=\"elementor-widget-container\">\n\t\t\t<h1 class=\"elementor-heading-title elementor-size-default\">Informativa sulla Privacy<\/h1>\t\t<\/div>\n\t\t\t\t<\/div>\n\t\t\t\t\t<\/div>\n\t\t\t\t<\/div>\n\t\t\t\t\t<\/div>\n\t\t\t\t<\/div>\n\t\t<div class=\"elementor-element elementor-element-a69db8c e-flex e-con-boxed e-con e-parent\" data-id=\"a69db8c\" data-element_type=\"container\" data-settings=\"{&quot;jet_parallax_layout_list&quot;:[]}\">\n\t\t\t\t\t<div class=\"e-con-inner\">\n\t\t\t\t<div class=\"elementor-element elementor-element-b560625 elementor-widget elementor-widget-text-editor\" data-id=\"b560625\" data-element_type=\"widget\" data-widget_type=\"text-editor.default\">\n\t\t\t\t<div class=\"elementor-widget-container\">\n\t\t\t\t\t\t\t<h2 data-start=\"128\" data-end=\"143\">1. Obiettivo<\/h2>\n<p data-start=\"145\" data-end=\"475\">L\u2019Informativa sulla Privacy di FGM Dental Group (&#8220;Informativa&#8221;) \u00e8 stata creata per dimostrare il nostro impegno nella tutela della privacy e della protezione dei dati personali degli utenti (&#8220;Utenti&#8221;) e per chiarire come trattiamo i loro dati personali. Questa Informativa si applica al sito web istituzionale di FGM Dental Group.<\/p>\n<p data-start=\"477\" data-end=\"648\">Si prega di leggere attentamente questa Informativa e, in caso di domande, non esitate a contattarci tramite i canali di assistenza indicati alla fine di questo documento.<\/p>\n<h2 data-start=\"650\" data-end=\"678\">2. Ambito di Applicazione<\/h2>\n<p data-start=\"680\" data-end=\"754\">Questo documento si applica al sito web istituzionale di FGM Dental Group.<\/p>\n<h2 data-start=\"756\" data-end=\"773\">3. Riferimenti<\/h2>\n<ul data-start=\"775\" data-end=\"855\">\n<li data-start=\"775\" data-end=\"855\">Legge 13.709\/2018 \u2013 Legge Generale sulla Protezione dei Dati Personali (LGPD).<\/li>\n<\/ul>\n<h2 data-start=\"857\" data-end=\"874\">4. Definizioni<\/h2>\n<ul data-start=\"876\" data-end=\"3317\">\n<li data-start=\"876\" data-end=\"979\"><strong data-start=\"878\" data-end=\"906\">Titolari del Trattamento<\/strong>: Il responsabile del trattamento e il responsabile del trattamento dati.<\/li>\n<li data-start=\"980\" data-end=\"1135\"><strong data-start=\"982\" data-end=\"1014\">Responsabile del Trattamento<\/strong>: Persona fisica o giuridica, pubblica o privata, che determina le finalit\u00e0 e i mezzi del trattamento dei dati personali.<\/li>\n<li data-start=\"1136\" data-end=\"1355\"><strong data-start=\"1138\" data-end=\"1148\">Cookie<\/strong>: Piccoli file inviati dai siti web di FGM Dental Group, salvati sui dispositivi dell\u2019Utente, che memorizzano preferenze e altre informazioni per personalizzare la navigazione in base al profilo dell\u2019Utente.<\/li>\n<li data-start=\"1356\" data-end=\"1549\"><strong data-start=\"1358\" data-end=\"1376\">Dato Personale<\/strong>: Qualsiasi informazione relativa a una persona fisica identificata o identificabile. Esempi: nome, indirizzo, codice fiscale, e-mail, numero di telefono, indirizzo IP, ecc.<\/li>\n<li data-start=\"1550\" data-end=\"1884\"><strong data-start=\"1552\" data-end=\"1580\">Dato Personale Sensibile<\/strong>: Informazioni personali relative all&#8217;origine razziale o etnica, convinzioni religiose, opinioni politiche, appartenenza a sindacati o organizzazioni religiose, filosofiche o politiche. Comprende anche i dati sulla salute, la vita sessuale, i dati genetici o biometrici se collegati a una persona fisica.<\/li>\n<li data-start=\"1885\" data-end=\"2078\"><strong data-start=\"1887\" data-end=\"1935\">Responsabile della Protezione dei Dati (DPO)<\/strong>: Persona designata per fungere da punto di contatto tra FGM Dental Group, gli Utenti e l\u2019Autorit\u00e0 Nazionale per la Protezione dei Dati (ANPD).<\/li>\n<li data-start=\"2079\" data-end=\"2237\"><strong data-start=\"2081\" data-end=\"2109\">Legislazione Applicabile<\/strong>: Qualsiasi normativa relativa alla privacy e alla protezione dei Dati Personali, in particolare la Legge n\u00ba 13.709\/2018 (LGPD).<\/li>\n<li data-start=\"2238\" data-end=\"2313\"><strong data-start=\"2240\" data-end=\"2259\">Nostro Ambiente<\/strong>: L\u2019indirizzo elettronico <a href=\"https:\/\/fgmdentalgroup.com\/it\/\" target=\"_new\" rel=\"noopener\" data-start=\"2285\" data-end=\"2312\">https:\/\/fgmdentalgroup.com\/<\/a>.<\/li>\n<li data-start=\"2314\" data-end=\"2474\"><strong data-start=\"2316\" data-end=\"2353\">Responsabile del Trattamento Dati<\/strong>: Persona fisica o giuridica, pubblica o privata, che tratta i dati personali per conto del responsabile del trattamento.<\/li>\n<li data-start=\"2475\" data-end=\"2619\"><strong data-start=\"2477\" data-end=\"2501\">Interessato \/ Utente<\/strong>: Persona fisica a cui si riferiscono i Dati Personali quando interagisce con FGM Dental Group fornendo i propri dati.<\/li>\n<li data-start=\"2620\" data-end=\"2916\"><strong data-start=\"2622\" data-end=\"2637\">Trattamento<\/strong>: Qualsiasi operazione effettuata con i Dati Personali, come raccolta, produzione, ricezione, classificazione, utilizzo, accesso, riproduzione, trasmissione, distribuzione, archiviazione, eliminazione, valutazione, modifica, comunicazione, trasferimento, diffusione o estrazione.<\/li>\n<li data-start=\"2917\" data-end=\"3074\"><strong data-start=\"2919\" data-end=\"2960\">Trasferimento Internazionale dei Dati<\/strong>: Trasferimento di dati personali verso un paese straniero o un organismo internazionale di cui il paese \u00e8 membro.<\/li>\n<li data-start=\"3075\" data-end=\"3317\"><strong data-start=\"3077\" data-end=\"3102\">Condivisione dei Dati<\/strong>: Comunicazione, diffusione, trasferimento internazionale, interconnessione o trattamento condiviso delle banche dati personali tra enti pubblici o tra questi e soggetti privati, sempre con autorizzazione specifica.<\/li>\n<\/ul>\n<h2 data-start=\"3319\" data-end=\"3339\">5. Responsabilit\u00e0<\/h2>\n<p data-start=\"3341\" data-end=\"3357\">Non applicabile.<\/p>\n<h2 data-start=\"3359\" data-end=\"3403\">6. Raccolta e Utilizzo dei Dati Personali<\/h2>\n<p data-start=\"3405\" data-end=\"3686\">FGM Dental Group deve raccogliere e trattare i Dati Personali per fornire i servizi disponibili nel Nostro Ambiente e per adempiere agli obblighi legali. Se l\u2019Utente sceglie di non fornire determinati Dati Personali, alcune funzionalit\u00e0 o servizi potrebbero non essere disponibili.<\/p>\n<p data-start=\"3688\" data-end=\"3808\">Possiamo raccogliere Dati Personali direttamente dall\u2019Utente tramite moduli o quando interagisce con il Nostro Ambiente.<\/p>\n<h2 data-start=\"3810\" data-end=\"3862\">7. Aggiornamento e Accuratezza dei Dati Personali<\/h2>\n<p data-start=\"3864\" data-end=\"4171\">L\u2019Utente \u00e8 l\u2019unico responsabile dell\u2019accuratezza, veridicit\u00e0 e aggiornamento dei Dati Personali forniti. Non siamo obbligati a trattare i Dati Personali se riteniamo che il trattamento possa comportare una violazione di una normativa applicabile o se l\u2019Utente utilizza il Nostro Ambiente per scopi illeciti.<\/p>\n<h2 data-start=\"4173\" data-end=\"4189\">8. Banca Dati<\/h2>\n<p data-start=\"4191\" data-end=\"4431\">La banca dati formata attraverso la raccolta dei Dati Personali \u00e8 di nostra propriet\u00e0 e sotto la nostra responsabilit\u00e0. L\u2019uso, l\u2019accesso e la condivisione saranno effettuati solo nei limiti e per le finalit\u00e0 descritte in questa Informativa.<\/p>\n<h2 data-start=\"4433\" data-end=\"4451\">9. Social Media<\/h2>\n<p data-start=\"4453\" data-end=\"4745\">FGM Dental Group possiede pagine su social media come Facebook, Instagram, LinkedIn, WhatsApp e YouTube per promuovere l\u2019azienda, i suoi prodotti e interagire con gli Utenti. Questi social network hanno le proprie Politiche sulla Privacy, che l\u2019Utente dovrebbe consultare sui rispettivi siti.<\/p>\n<p data-start=\"4747\" data-end=\"4871\">FGM Dental Group non \u00e8 responsabile delle Politiche sulla Privacy di terze parti n\u00e9 del contenuto di siti o servizi esterni.<\/p>\n<h2 data-start=\"4873\" data-end=\"4905\">10. Collegamenti a Siti Terzi<\/h2>\n<p data-start=\"4907\" data-end=\"5158\">Il Nostro Ambiente pu\u00f2 indirizzare l\u2019Utente verso siti web di terze parti, ad esempio, per elaborare candidature di lavoro o accedere a piattaforme social. Tali siti hanno le proprie Politiche sulla Privacy, che l\u2019Utente deve consultare singolarmente.<\/p>\n<p data-start=\"5160\" data-end=\"5268\">FGM Dental Group non \u00e8 responsabile delle Politiche sulla Privacy di terzi n\u00e9 del contenuto di siti esterni.<\/p>\n<h2 data-start=\"5270\" data-end=\"5291\">11. Uso dei Cookie<\/h2>\n<p data-start=\"5293\" data-end=\"5535\">I cookie sono piccoli file di testo memorizzati sul tuo dispositivo dal browser Internet e che conservano informazioni sulle tue preferenze, come lingua, posizione, frequenza delle sessioni e altre variabili per ottimizzare la tua esperienza.<\/p>\n<p data-start=\"5537\" data-end=\"5557\">Tipologie di cookie:<\/p>\n<ul data-start=\"5559\" data-end=\"6037\">\n<li data-start=\"5559\" data-end=\"5647\"><strong data-start=\"5561\" data-end=\"5581\">Cookie Necessari<\/strong>: Consentono la navigazione e l\u2019accesso alle aree sicure del sito.<\/li>\n<li data-start=\"5648\" data-end=\"5742\"><strong data-start=\"5650\" data-end=\"5670\">Cookie Analitici<\/strong>: Raccolgono dati statistici anonimi per analizzare l\u2019utilizzo del sito.<\/li>\n<li data-start=\"5743\" data-end=\"5850\"><strong data-start=\"5745\" data-end=\"5771\">Cookie di Funzionalit\u00e0<\/strong>: Garantiscono funzionalit\u00e0 aggiuntive e memorizzano le preferenze dell\u2019Utente.<\/li>\n<li data-start=\"5851\" data-end=\"5942\"><strong data-start=\"5853\" data-end=\"5876\">Cookie Pubblicitari<\/strong>: Personalizzano la pubblicit\u00e0 in base agli interessi dell\u2019Utente.<\/li>\n<li data-start=\"5943\" data-end=\"6037\"><strong data-start=\"5945\" data-end=\"5970\">Cookie di Performance<\/strong>: Raccolgono informazioni sull\u2019interazione dell\u2019Utente con il sito.<\/li>\n<\/ul>\n<h2 data-start=\"6039\" data-end=\"6077\">12. Condivisione dei Dati Personali<\/h2>\n<p data-start=\"6079\" data-end=\"6121\">I Dati Personali possono essere condivisi:<\/p>\n<ul data-start=\"6123\" data-end=\"6397\">\n<li data-start=\"6123\" data-end=\"6179\"><strong data-start=\"6125\" data-end=\"6141\">Internamente<\/strong>, con i nostri dipartimenti aziendali.<\/li>\n<li data-start=\"6180\" data-end=\"6266\"><strong data-start=\"6182\" data-end=\"6201\">Con terze parti<\/strong>, per il reclutamento, la selezione, l\u2019emissione di fatture, ecc.<\/li>\n<li data-start=\"6267\" data-end=\"6356\"><strong data-start=\"6269\" data-end=\"6327\">Con autorit\u00e0 giudiziarie, amministrative o governative<\/strong>, in caso di obblighi legali.<\/li>\n<li data-start=\"6357\" data-end=\"6397\"><strong data-start=\"6359\" data-end=\"6396\">In caso di fusioni o acquisizioni<\/strong>.<\/li>\n<\/ul>\n<p data-start=\"6399\" data-end=\"6524\">Non trasferiamo i Dati Personali a terzi per scopi diversi da quelli previsti in questa Informativa, salvo obblighi di legge.<\/p>\n<h2 data-start=\"6526\" data-end=\"6565\">13. Conservazione dei Dati Personali<\/h2>\n<ul data-start=\"6567\" data-end=\"6993\">\n<li data-start=\"6567\" data-end=\"6719\"><strong data-start=\"6569\" data-end=\"6595\">Luogo di archiviazione<\/strong>: I dati vengono archiviati su server situati in Brasile o nel cloud, il che pu\u00f2 comportare un trasferimento internazionale.<\/li>\n<li data-start=\"6720\" data-end=\"6839\"><strong data-start=\"6722\" data-end=\"6750\">Periodo di conservazione<\/strong>: Conserviamo i dati solo per il tempo necessario agli scopi per cui sono stati raccolti.<\/li>\n<li data-start=\"6840\" data-end=\"6993\"><strong data-start=\"6842\" data-end=\"6867\">Eliminazione dei dati<\/strong>: Alla scadenza del periodo di conservazione, i dati vengono eliminati in modo sicuro o anonimizzati per finalit\u00e0 statistiche.<\/li>\n<\/ul>\n<h2 data-start=\"6995\" data-end=\"7021\">14. Diritti dell\u2019Utente<\/h2>\n<p data-start=\"7023\" data-end=\"7066\">L\u2019Utente pu\u00f2 esercitare i seguenti diritti:<\/p>\n<ul data-start=\"7068\" data-end=\"7653\">\n<li data-start=\"7068\" data-end=\"7144\"><strong data-start=\"7070\" data-end=\"7092\">Accesso e Conferma<\/strong>: Richiedere informazioni sui propri dati personali.<\/li>\n<li data-start=\"7145\" data-end=\"7213\"><strong data-start=\"7147\" data-end=\"7160\">Rettifica<\/strong>: Richiedere la correzione di dati errati o obsoleti.<\/li>\n<li data-start=\"7214\" data-end=\"7327\"><strong data-start=\"7216\" data-end=\"7258\">Anonimizzazione, Blocco o Eliminazione<\/strong>: Richiedere la anonimizzazione, il blocco o l\u2019eliminazione dei dati.<\/li>\n<li data-start=\"7328\" data-end=\"7397\"><strong data-start=\"7330\" data-end=\"7353\">Revoca del Consenso<\/strong>: Revocare il consenso in qualsiasi momento.<\/li>\n<li data-start=\"7398\" data-end=\"7474\"><strong data-start=\"7400\" data-end=\"7415\">Opposizione<\/strong>: Opporsi al trattamento dei dati in caso di uso improprio.<\/li>\n<li data-start=\"7475\" data-end=\"7552\"><strong data-start=\"7477\" data-end=\"7492\">Portabilit\u00e0<\/strong>: Richiedere il trasferimento dei dati a un altro fornitore.<\/li>\n<li data-start=\"7553\" data-end=\"7653\"><strong data-start=\"7555\" data-end=\"7598\">Revisione delle Decisioni Automatizzate<\/strong>: Chiedere una revisione delle decisioni automatizzate.<\/li>\n<\/ul>\n<h2 data-start=\"7655\" data-end=\"7670\">15. Contatti<\/h2>\n<ul data-start=\"7672\" data-end=\"7873\">\n<li data-start=\"7672\" data-end=\"7760\"><strong data-start=\"7674\" data-end=\"7722\">Responsabile della Protezione dei Dati (DPO)<\/strong>: Wentz Vieira Advocacia Empresarial<\/li>\n<li data-start=\"7761\" data-end=\"7798\"><strong data-start=\"7763\" data-end=\"7772\">Email<\/strong>: <a rel=\"noopener\" data-start=\"7774\" data-end=\"7796\">dpo@fgmdentalgroup.com<\/a><\/li>\n<li data-start=\"7799\" data-end=\"7873\"><strong data-start=\"7801\" data-end=\"7814\">Indirizzo<\/strong>: Av. Edgar Nelson Meister, 474 \u2013 Joinville \u2013 SC, Brasile<\/li>\n<\/ul>\n<p data-start=\"7875\" data-end=\"7914\"><em data-start=\"7875\" data-end=\"7914\">Ultimo aggiornamento: 14 aprile 2023.<\/em><\/p>\n\t\t\t\t\t\t<\/div>\n\t\t\t\t<\/div>\n\t\t\t\t\t<\/div>\n\t\t\t\t<\/div>\n\t\t\t\t<\/div>\n\t\t","protected":false},"excerpt":{"rendered":"<p>Informativa sulla Privacy 1. Obiettivo L\u2019Informativa sulla Privacy di FGM Dental Group (&#8220;Informativa&#8221;) \u00e8 stata creata per dimostrare il nostro impegno nella tutela della privacy e della protezione dei dati personali degli utenti (&#8220;Utenti&#8221;) e per chiarire come trattiamo i loro dati personali. Questa Informativa si applica al sito web istituzionale di FGM Dental Group. [&hellip;]<\/p>\n","protected":false},"author":15,"featured_media":0,"parent":0,"menu_order":0,"comment_status":"closed","ping_status":"closed","template":"elementor_header_footer","meta":{"footnotes":""},"class_list":["post-361139","page","type-page","status-publish","hentry"],"_links":{"self":[{"href":"https:\/\/fgmdentalgroup.com\/it\/wp-json\/wp\/v2\/pages\/361139"}],"collection":[{"href":"https:\/\/fgmdentalgroup.com\/it\/wp-json\/wp\/v2\/pages"}],"about":[{"href":"https:\/\/fgmdentalgroup.com\/it\/wp-json\/wp\/v2\/types\/page"}],"author":[{"embeddable":true,"href":"https:\/\/fgmdentalgroup.com\/it\/wp-json\/wp\/v2\/users\/15"}],"replies":[{"embeddable":true,"href":"https:\/\/fgmdentalgroup.com\/it\/wp-json\/wp\/v2\/comments?post=361139"}],"version-history":[{"count":2,"href":"https:\/\/fgmdentalgroup.com\/it\/wp-json\/wp\/v2\/pages\/361139\/revisions"}],"predecessor-version":[{"id":542442,"href":"https:\/\/fgmdentalgroup.com\/it\/wp-json\/wp\/v2\/pages\/361139\/revisions\/542442"}],"wp:attachment":[{"href":"https:\/\/fgmdentalgroup.com\/it\/wp-json\/wp\/v2\/media?parent=361139"}],"curies":[{"name":"wp","href":"https:\/\/api.w.org\/{rel}","templated":true}]}}