{"id":361134,"date":"2022-11-14T11:28:28","date_gmt":"2022-11-14T14:28:28","guid":{"rendered":"https:\/\/fgmdentalgroup.com\/politica-de-privacidade\/"},"modified":"2025-02-11T16:49:50","modified_gmt":"2025-02-11T19:49:50","slug":"politique-de-confidentialite","status":"publish","type":"page","link":"https:\/\/fgmdentalgroup.com\/fr\/politique-de-confidentialite\/","title":{"rendered":"Politique de confidentialit\u00e9"},"content":{"rendered":"\t\t<div data-elementor-type=\"wp-page\" data-elementor-id=\"361134\" class=\"elementor elementor-361134 elementor-293566\" data-elementor-post-type=\"page\">\n\t\t\t\t<div class=\"elementor-element elementor-element-541b50e e-flex e-con-boxed e-con e-parent\" data-id=\"541b50e\" data-element_type=\"container\" data-settings=\"{&quot;jet_parallax_layout_list&quot;:[]}\">\n\t\t\t\t\t<div class=\"e-con-inner\">\n\t\t<div class=\"elementor-element elementor-element-cf54fcc e-flex e-con-boxed e-con e-child\" data-id=\"cf54fcc\" data-element_type=\"container\" data-settings=\"{&quot;background_background&quot;:&quot;gradient&quot;,&quot;jet_parallax_layout_list&quot;:[]}\">\n\t\t\t\t\t<div class=\"e-con-inner\">\n\t\t\t\t<div class=\"elementor-element elementor-element-8baa942 elementor-widget elementor-widget-heading\" data-id=\"8baa942\" data-element_type=\"widget\" data-widget_type=\"heading.default\">\n\t\t\t\t<div class=\"elementor-widget-container\">\n\t\t\t<h1 class=\"elementor-heading-title elementor-size-default\">Politique de Confidentialit\u00e9<\/h1>\t\t<\/div>\n\t\t\t\t<\/div>\n\t\t\t\t\t<\/div>\n\t\t\t\t<\/div>\n\t\t\t\t\t<\/div>\n\t\t\t\t<\/div>\n\t\t<div class=\"elementor-element elementor-element-a69db8c e-flex e-con-boxed e-con e-parent\" data-id=\"a69db8c\" data-element_type=\"container\" data-settings=\"{&quot;jet_parallax_layout_list&quot;:[]}\">\n\t\t\t\t\t<div class=\"e-con-inner\">\n\t\t\t\t<div class=\"elementor-element elementor-element-b560625 elementor-widget elementor-widget-text-editor\" data-id=\"b560625\" data-element_type=\"widget\" data-widget_type=\"text-editor.default\">\n\t\t\t\t<div class=\"elementor-widget-container\">\n\t\t\t\t\t\t\t<h2 data-start=\"135\" data-end=\"149\">1. Objectif<\/h2>\n<p data-start=\"151\" data-end=\"515\">La Politique de Confidentialit\u00e9 de FGM Dental Group (\u00ab Politique \u00bb) a \u00e9t\u00e9 cr\u00e9\u00e9e pour d\u00e9montrer notre engagement \u00e0 prot\u00e9ger la confidentialit\u00e9 et la s\u00e9curit\u00e9 des donn\u00e9es personnelles des utilisateurs (\u00ab Utilisateurs \u00bb) et pour clarifier la mani\u00e8re dont nous traitons leurs donn\u00e9es personnelles. Cette Politique s\u2019applique au site institutionnel de FGM Dental Group.<\/p>\n<p data-start=\"517\" data-end=\"680\">Veuillez lire attentivement cette Politique et, en cas de questions, n\u2019h\u00e9sitez pas \u00e0 nous contacter via les canaux d\u2019assistance mentionn\u00e9s \u00e0 la fin de ce document.<\/p>\n<h2 data-start=\"682\" data-end=\"694\">2. Port\u00e9e<\/h2>\n<p data-start=\"696\" data-end=\"762\">Ce document s\u2019applique au site institutionnel de FGM Dental Group.<\/p>\n<h2 data-start=\"764\" data-end=\"780\">3. R\u00e9f\u00e9rences<\/h2>\n<ul data-start=\"782\" data-end=\"865\">\n<li data-start=\"782\" data-end=\"865\">Loi 13.709\/2018 \u2013 Loi G\u00e9n\u00e9rale sur la Protection des Donn\u00e9es Personnelles (LGPD).<\/li>\n<\/ul>\n<h2 data-start=\"867\" data-end=\"884\">4. D\u00e9finitions<\/h2>\n<ul data-start=\"886\" data-end=\"3504\">\n<li data-start=\"886\" data-end=\"964\"><strong data-start=\"888\" data-end=\"912\">Agents de traitement<\/strong> : Le responsable du traitement et le sous-traitant.<\/li>\n<li data-start=\"965\" data-end=\"1129\"><strong data-start=\"967\" data-end=\"996\">Responsable du traitement<\/strong> : Personne physique ou morale, publique ou priv\u00e9e, qui d\u00e9termine les finalit\u00e9s et les moyens du traitement des donn\u00e9es personnelles.<\/li>\n<li data-start=\"1130\" data-end=\"1373\"><strong data-start=\"1132\" data-end=\"1143\">Cookies<\/strong> : Petits fichiers envoy\u00e9s par les sites de FGM Dental Group, stock\u00e9s sur les appareils de l\u2019Utilisateur, qui enregistrent les pr\u00e9f\u00e9rences et d\u2019autres informations pour personnaliser la navigation selon le profil de l\u2019Utilisateur.<\/li>\n<li data-start=\"1374\" data-end=\"1571\"><strong data-start=\"1376\" data-end=\"1398\">Donn\u00e9e Personnelle<\/strong> : Toute information relative \u00e0 une personne physique identifi\u00e9e ou identifiable. Exemples : nom, adresse, CPF (num\u00e9ro fiscal br\u00e9silien), e-mail, t\u00e9l\u00e9phone, adresse IP, etc.<\/li>\n<li data-start=\"1572\" data-end=\"1982\"><strong data-start=\"1574\" data-end=\"1605\">Donn\u00e9e Personnelle Sensible<\/strong> : Donn\u00e9e personnelle r\u00e9v\u00e9lant l\u2019origine raciale ou ethnique, les convictions religieuses, les opinions politiques, l\u2019affiliation syndicale ou l\u2019appartenance \u00e0 une organisation religieuse, philosophique ou politique. Cela inclut \u00e9galement les donn\u00e9es relatives \u00e0 la sant\u00e9, la vie sexuelle, les donn\u00e9es g\u00e9n\u00e9tiques ou biom\u00e9triques lorsqu&rsquo;elles sont li\u00e9es \u00e0 une personne physique.<\/li>\n<li data-start=\"1983\" data-end=\"2173\"><strong data-start=\"1985\" data-end=\"2030\">D\u00e9l\u00e9gu\u00e9 \u00e0 la Protection des Donn\u00e9es (DPO)<\/strong> : Personne d\u00e9sign\u00e9e pour assurer la liaison entre FGM Dental Group, les Utilisateurs et l\u2019Autorit\u00e9 Nationale de Protection des Donn\u00e9es (ANPD).<\/li>\n<li data-start=\"2174\" data-end=\"2340\"><strong data-start=\"2176\" data-end=\"2202\">L\u00e9gislation Applicable<\/strong> : Toute r\u00e9glementation relative \u00e0 la confidentialit\u00e9 et \u00e0 la protection des Donn\u00e9es Personnelles, notamment la Loi n\u00ba 13.709\/2018 (LGPD).<\/li>\n<li data-start=\"2341\" data-end=\"2420\"><strong data-start=\"2343\" data-end=\"2366\">Notre Environnement<\/strong> : L\u2019adresse \u00e9lectronique <a href=\"https:\/\/fgmdentalgroup.com\/fr\/\" target=\"_new\" rel=\"noopener\" data-start=\"2392\" data-end=\"2419\">https:\/\/fgmdentalgroup.com\/<\/a>.<\/li>\n<li data-start=\"2421\" data-end=\"2572\"><strong data-start=\"2423\" data-end=\"2440\">Sous-traitant<\/strong> : Personne physique ou morale, publique ou priv\u00e9e, qui traite les donn\u00e9es personnelles pour le compte du responsable du traitement.<\/li>\n<li data-start=\"2573\" data-end=\"2758\"><strong data-start=\"2575\" data-end=\"2611\">Personne Concern\u00e9e \/ Utilisateur<\/strong> : Personne physique \u00e0 laquelle se rapportent les Donn\u00e9es Personnelles lorsqu\u2019elle interagit avec FGM Dental Group en fournissant ses informations.<\/li>\n<li data-start=\"2759\" data-end=\"3102\"><strong data-start=\"2761\" data-end=\"2775\">Traitement<\/strong> : Toute op\u00e9ration effectu\u00e9e sur les Donn\u00e9es Personnelles, telles que la collecte, la production, la r\u00e9ception, la classification, l\u2019utilisation, l\u2019acc\u00e8s, la reproduction, la transmission, la distribution, le stockage, la suppression, l\u2019\u00e9valuation, la modification, la communication, le transfert, la diffusion ou l\u2019extraction.<\/li>\n<li data-start=\"3103\" data-end=\"3256\"><strong data-start=\"3105\" data-end=\"3143\">Transfert International de Donn\u00e9es<\/strong> : Transfert de donn\u00e9es personnelles vers un pays \u00e9tranger ou un organisme international dont le pays est membre.<\/li>\n<li data-start=\"3257\" data-end=\"3504\"><strong data-start=\"3259\" data-end=\"3281\">Partage de Donn\u00e9es<\/strong> : Communication, diffusion, transfert international, interconnexion ou traitement partag\u00e9 des bases de donn\u00e9es personnelles entre autorit\u00e9s publiques ou entre celles-ci et des entit\u00e9s priv\u00e9es, sous autorisation sp\u00e9cifique.<\/li>\n<\/ul>\n<h2 data-start=\"3506\" data-end=\"3527\">5. Responsabilit\u00e9s<\/h2>\n<p data-start=\"3529\" data-end=\"3544\">Non applicable.<\/p>\n<h2 data-start=\"3546\" data-end=\"3600\">6. Collecte et Utilisation des Donn\u00e9es Personnelles<\/h2>\n<p data-start=\"3602\" data-end=\"3916\">FGM Dental Group doit collecter et traiter des Donn\u00e9es Personnelles pour fournir les services disponibles dans Notre Environnement et respecter les obligations l\u00e9gales. Si l\u2019Utilisateur choisit de ne pas fournir certaines Donn\u00e9es Personnelles, certaines fonctionnalit\u00e9s ou services peuvent ne pas \u00eatre disponibles.<\/p>\n<p data-start=\"3918\" data-end=\"4070\">Nous pouvons collecter des Donn\u00e9es Personnelles directement aupr\u00e8s de l\u2019Utilisateur via des formulaires ou lorsqu\u2019il interagit avec Notre Environnement.<\/p>\n<h2 data-start=\"4072\" data-end=\"4128\">7. Mise \u00e0 Jour et Exactitude des Donn\u00e9es Personnelles<\/h2>\n<p data-start=\"4130\" data-end=\"4474\">L\u2019Utilisateur est seul responsable de l\u2019exactitude, de la v\u00e9racit\u00e9 et de la mise \u00e0 jour des Donn\u00e9es Personnelles fournies. Nous ne sommes pas tenus de traiter des Donn\u00e9es Personnelles si nous estimons que leur traitement pourrait entra\u00eener une violation d\u2019une loi applicable ou si l\u2019Utilisateur utilise Notre Environnement \u00e0 des fins ill\u00e9gales.<\/p>\n<h2 data-start=\"4476\" data-end=\"4497\">8. Base de Donn\u00e9es<\/h2>\n<p data-start=\"4499\" data-end=\"4745\">La base de donn\u00e9es constitu\u00e9e par la collecte de Donn\u00e9es Personnelles est notre propri\u00e9t\u00e9 et sous notre responsabilit\u00e9. Son utilisation, son acc\u00e8s et son partage ne seront effectu\u00e9s que dans les limites et finalit\u00e9s d\u00e9finies dans cette Politique.<\/p>\n<h2 data-start=\"4747\" data-end=\"4768\">9. R\u00e9seaux Sociaux<\/h2>\n<p data-start=\"4770\" data-end=\"5075\">FGM Dental Group poss\u00e8de des pages sur des r\u00e9seaux sociaux tels que Facebook, Instagram, LinkedIn, WhatsApp et YouTube pour promouvoir l\u2019entreprise, ses produits et interagir avec les Utilisateurs. Ces plateformes disposent de leurs propres Politiques de Confidentialit\u00e9, que l\u2019Utilisateur doit consulter.<\/p>\n<p data-start=\"5077\" data-end=\"5204\">FGM Dental Group n\u2019est pas responsable des Politiques de Confidentialit\u00e9 de tiers ni du contenu des sites ou services externes.<\/p>\n<h2 data-start=\"5206\" data-end=\"5239\">10. Liens vers des Sites Tiers<\/h2>\n<p data-start=\"5241\" data-end=\"5519\">Notre Environnement peut rediriger l\u2019Utilisateur vers des sites tiers, par exemple, pour postuler \u00e0 des offres d\u2019emploi ou acc\u00e9der \u00e0 des plateformes de r\u00e9seaux sociaux. Ces sites ont leurs propres Politiques de Confidentialit\u00e9, que l\u2019Utilisateur doit consulter individuellement.<\/p>\n<p data-start=\"5521\" data-end=\"5637\">FGM Dental Group n\u2019est pas responsable des Politiques de Confidentialit\u00e9 des tiers ni du contenu des sites externes.<\/p>\n<h2 data-start=\"5639\" data-end=\"5669\">11. Utilisation des Cookies<\/h2>\n<p data-start=\"5671\" data-end=\"5985\">Les cookies sont de petits fichiers texte stock\u00e9s sur votre appareil (ordinateur, smartphone, tablette, etc.) par le navigateur Internet et qui enregistrent des informations sur vos pr\u00e9f\u00e9rences, telles que la langue, la localisation, la fr\u00e9quence des sessions et d\u2019autres variables pour optimiser votre exp\u00e9rience.<\/p>\n<p data-start=\"5987\" data-end=\"6005\">Types de cookies :<\/p>\n<ul data-start=\"6007\" data-end=\"6561\">\n<li data-start=\"6007\" data-end=\"6100\"><strong data-start=\"6009\" data-end=\"6032\">Cookies N\u00e9cessaires<\/strong> : Permettent la navigation et l\u2019acc\u00e8s aux zones s\u00e9curis\u00e9es du site.<\/li>\n<li data-start=\"6101\" data-end=\"6210\"><strong data-start=\"6103\" data-end=\"6126\">Cookies Analytiques<\/strong> : Collectent des donn\u00e9es statistiques anonymes pour analyser l\u2019utilisation du site.<\/li>\n<li data-start=\"6211\" data-end=\"6359\"><strong data-start=\"6213\" data-end=\"6242\">Cookies de Fonctionnalit\u00e9<\/strong> : Garantissent la disponibilit\u00e9 de fonctionnalit\u00e9s suppl\u00e9mentaires et enregistrent les pr\u00e9f\u00e9rences de l\u2019Utilisateur.<\/li>\n<li data-start=\"6360\" data-end=\"6453\"><strong data-start=\"6362\" data-end=\"6387\">Cookies Publicitaires<\/strong> : Ciblent la publicit\u00e9 en fonction des int\u00e9r\u00eats de l\u2019Utilisateur.<\/li>\n<li data-start=\"6454\" data-end=\"6561\"><strong data-start=\"6456\" data-end=\"6482\">Cookies de Performance<\/strong> : Collectent des informations sur l\u2019interaction de l\u2019Utilisateur avec le site.<\/li>\n<\/ul>\n<h2 data-start=\"6563\" data-end=\"6602\">12. Partage des Donn\u00e9es Personnelles<\/h2>\n<p data-start=\"6604\" data-end=\"6653\">Les Donn\u00e9es Personnelles peuvent \u00eatre partag\u00e9es :<\/p>\n<ul data-start=\"6655\" data-end=\"6947\">\n<li data-start=\"6655\" data-end=\"6707\"><strong data-start=\"6657\" data-end=\"6671\">En interne<\/strong>, avec nos d\u00e9partements commerciaux.<\/li>\n<li data-start=\"6708\" data-end=\"6793\"><strong data-start=\"6710\" data-end=\"6728\">Avec des tiers<\/strong>, pour le recrutement, la s\u00e9lection, l\u2019\u00e9mission de factures, etc.<\/li>\n<li data-start=\"6794\" data-end=\"6906\"><strong data-start=\"6796\" data-end=\"6867\">Avec les autorit\u00e9s judiciaires, administratives ou gouvernementales<\/strong>, lorsqu\u2019une obligation l\u00e9gale l\u2019exige.<\/li>\n<li data-start=\"6907\" data-end=\"6947\"><strong data-start=\"6909\" data-end=\"6946\">En cas de fusions ou acquisitions<\/strong>.<\/li>\n<\/ul>\n<p data-start=\"6949\" data-end=\"7100\">Nous ne transf\u00e9rons pas de Donn\u00e9es Personnelles \u00e0 des tiers pour des finalit\u00e9s autres que celles d\u00e9finies dans cette Politique, sauf obligation l\u00e9gale.<\/p>\n<h2 data-start=\"7102\" data-end=\"7142\">13. Stockage des Donn\u00e9es Personnelles<\/h2>\n<ul data-start=\"7144\" data-end=\"7609\">\n<li data-start=\"7144\" data-end=\"7292\"><strong data-start=\"7146\" data-end=\"7166\">Lieu de stockage<\/strong> : Les donn\u00e9es sont stock\u00e9es sur des serveurs situ\u00e9s au Br\u00e9sil ou dans le cloud, pouvant impliquer un transfert international.<\/li>\n<li data-start=\"7293\" data-end=\"7445\"><strong data-start=\"7295\" data-end=\"7320\">Dur\u00e9e de conservation<\/strong> : Les donn\u00e9es sont conserv\u00e9es uniquement pendant la dur\u00e9e n\u00e9cessaire aux finalit\u00e9s pour lesquelles elles ont \u00e9t\u00e9 collect\u00e9es.<\/li>\n<li data-start=\"7446\" data-end=\"7609\"><strong data-start=\"7448\" data-end=\"7475\">Suppression des donn\u00e9es<\/strong> : Une fois la dur\u00e9e de conservation expir\u00e9e, les donn\u00e9es sont supprim\u00e9es de mani\u00e8re s\u00e9curis\u00e9e ou anonymis\u00e9es \u00e0 des fins statistiques.<\/li>\n<\/ul>\n<h2 data-start=\"7611\" data-end=\"7641\">14. Droits de l\u2019Utilisateur<\/h2>\n<p data-start=\"7643\" data-end=\"7691\">L\u2019Utilisateur peut exercer les droits suivants :<\/p>\n<ul data-start=\"7693\" data-end=\"8297\">\n<li data-start=\"7693\" data-end=\"7778\"><strong data-start=\"7695\" data-end=\"7720\">Acc\u00e8s et Confirmation<\/strong> : Demander des informations sur ses donn\u00e9es personnelles.<\/li>\n<li data-start=\"7779\" data-end=\"7858\"><strong data-start=\"7781\" data-end=\"7795\">Correction<\/strong> : Demander la correction des donn\u00e9es incorrectes ou obsol\u00e8tes.<\/li>\n<li data-start=\"7859\" data-end=\"7972\"><strong data-start=\"7861\" data-end=\"7902\">Anonymisation, Blocage ou Suppression<\/strong> : Demander l\u2019anonymisation, le blocage ou la suppression des donn\u00e9es.<\/li>\n<li data-start=\"7973\" data-end=\"8044\"><strong data-start=\"7975\" data-end=\"8002\">Retrait du Consentement<\/strong> : R\u00e9voquer le consentement \u00e0 tout moment.<\/li>\n<li data-start=\"8045\" data-end=\"8122\"><strong data-start=\"8047\" data-end=\"8061\">Opposition<\/strong> : S\u2019opposer au traitement des donn\u00e9es en cas d\u2019usage abusif.<\/li>\n<li data-start=\"8123\" data-end=\"8203\"><strong data-start=\"8125\" data-end=\"8140\">Portabilit\u00e9<\/strong> : Demander le transfert des donn\u00e9es vers un autre fournisseur.<\/li>\n<li data-start=\"8204\" data-end=\"8297\"><strong data-start=\"8206\" data-end=\"8245\">R\u00e9vision des D\u00e9cisions Automatis\u00e9es<\/strong> : Demander une r\u00e9vision des d\u00e9cisions automatis\u00e9es.<\/li>\n<\/ul>\n<h2 data-start=\"8299\" data-end=\"8326\">15. S\u00e9curit\u00e9 des Donn\u00e9es<\/h2>\n<p data-start=\"8328\" data-end=\"8443\">FGM Dental Group suit des normes strictes de s\u00e9curit\u00e9 et de confidentialit\u00e9 pour prot\u00e9ger les Donn\u00e9es Personnelles.<\/p>\n<h2 data-start=\"8445\" data-end=\"8459\">16. Contact<\/h2>\n<ul data-start=\"8461\" data-end=\"8659\">\n<li data-start=\"8461\" data-end=\"8547\"><strong data-start=\"8463\" data-end=\"8508\">D\u00e9l\u00e9gu\u00e9 \u00e0 la Protection des Donn\u00e9es (DPO)<\/strong> : Wentz Vieira Advocacia Empresarial<\/li>\n<li data-start=\"8548\" data-end=\"8586\"><strong data-start=\"8550\" data-end=\"8559\">Email<\/strong> : <a rel=\"noopener\" data-start=\"8562\" data-end=\"8584\">dpo@fgmdentalgroup.com<\/a><\/li>\n<li data-start=\"8587\" data-end=\"8659\"><strong data-start=\"8589\" data-end=\"8600\">Adresse<\/strong> : Av. Edgar Nelson Meister, 474 \u2013 Joinville \u2013 SC, Br\u00e9sil<\/li>\n<\/ul>\n<p data-start=\"8661\" data-end=\"8700\"><em data-start=\"8661\" data-end=\"8700\">Derni\u00e8re mise \u00e0 jour : 14 avril 2023.<\/em><\/p>\n\t\t\t\t\t\t<\/div>\n\t\t\t\t<\/div>\n\t\t\t\t\t<\/div>\n\t\t\t\t<\/div>\n\t\t\t\t<\/div>\n\t\t","protected":false},"excerpt":{"rendered":"<p>Politique de Confidentialit\u00e9 1. Objectif La Politique de Confidentialit\u00e9 de FGM Dental Group (\u00ab Politique \u00bb) a \u00e9t\u00e9 cr\u00e9\u00e9e pour d\u00e9montrer notre engagement \u00e0 prot\u00e9ger la confidentialit\u00e9 et la s\u00e9curit\u00e9 des donn\u00e9es personnelles des utilisateurs (\u00ab Utilisateurs \u00bb) et pour clarifier la mani\u00e8re dont nous traitons leurs donn\u00e9es personnelles. Cette Politique s\u2019applique au site institutionnel [&hellip;]<\/p>\n","protected":false},"author":15,"featured_media":0,"parent":0,"menu_order":0,"comment_status":"closed","ping_status":"closed","template":"elementor_header_footer","meta":{"footnotes":""},"class_list":["post-361134","page","type-page","status-publish","hentry"],"_links":{"self":[{"href":"https:\/\/fgmdentalgroup.com\/fr\/wp-json\/wp\/v2\/pages\/361134"}],"collection":[{"href":"https:\/\/fgmdentalgroup.com\/fr\/wp-json\/wp\/v2\/pages"}],"about":[{"href":"https:\/\/fgmdentalgroup.com\/fr\/wp-json\/wp\/v2\/types\/page"}],"author":[{"embeddable":true,"href":"https:\/\/fgmdentalgroup.com\/fr\/wp-json\/wp\/v2\/users\/15"}],"replies":[{"embeddable":true,"href":"https:\/\/fgmdentalgroup.com\/fr\/wp-json\/wp\/v2\/comments?post=361134"}],"version-history":[{"count":2,"href":"https:\/\/fgmdentalgroup.com\/fr\/wp-json\/wp\/v2\/pages\/361134\/revisions"}],"predecessor-version":[{"id":542440,"href":"https:\/\/fgmdentalgroup.com\/fr\/wp-json\/wp\/v2\/pages\/361134\/revisions\/542440"}],"wp:attachment":[{"href":"https:\/\/fgmdentalgroup.com\/fr\/wp-json\/wp\/v2\/media?parent=361134"}],"curies":[{"name":"wp","href":"https:\/\/api.w.org\/{rel}","templated":true}]}}