{"id":567412,"date":"2025-10-24T08:41:54","date_gmt":"2025-10-24T11:41:54","guid":{"rendered":"https:\/\/fgmdentalgroup.com\/?page_id=567412"},"modified":"2025-10-24T09:51:48","modified_gmt":"2025-10-24T12:51:48","slug":"sscp","status":"publish","type":"page","link":"https:\/\/fgmdentalgroup.com\/fi\/sscp\/","title":{"rendered":"SSCP"},"content":{"rendered":"\t\t<div data-elementor-type=\"wp-page\" data-elementor-id=\"567412\" class=\"elementor elementor-567412 elementor-567376\" data-elementor-post-type=\"page\">\n\t\t\t\t<div class=\"elementor-element elementor-element-1644059 e-flex e-con-boxed e-con e-parent\" data-id=\"1644059\" data-element_type=\"container\" data-settings=\"{&quot;jet_parallax_layout_list&quot;:[]}\">\n\t\t\t\t\t<div class=\"e-con-inner\">\n\t\t<div class=\"elementor-element elementor-element-ad67f28 e-con-full e-flex e-con e-child\" data-id=\"ad67f28\" data-element_type=\"container\" data-settings=\"{&quot;background_background&quot;:&quot;gradient&quot;,&quot;jet_parallax_layout_list&quot;:[]}\">\n\t\t\t\t<div class=\"elementor-element elementor-element-1ef71f4 elementor-widget elementor-widget-heading\" data-id=\"1ef71f4\" data-element_type=\"widget\" data-widget_type=\"heading.default\">\n\t\t\t\t<div class=\"elementor-widget-container\">\n\t\t\t<h1 class=\"elementor-heading-title elementor-size-default\">SSCP<\/h1>\t\t<\/div>\n\t\t\t\t<\/div>\n\t\t\t\t<\/div>\n\t\t\t\t\t<\/div>\n\t\t\t\t<\/div>\n\t\t<div class=\"elementor-element elementor-element-c29050b e-flex e-con-boxed e-con e-parent\" data-id=\"c29050b\" data-element_type=\"container\" data-settings=\"{&quot;jet_parallax_layout_list&quot;:[]}\">\n\t\t\t\t\t<div class=\"e-con-inner\">\n\t\t\t\t<div class=\"elementor-element elementor-element-6ddd0b6 elementor-widget elementor-widget-wpml-language-switcher\" data-id=\"6ddd0b6\" data-element_type=\"widget\" data-widget_type=\"wpml-language-switcher.default\">\n\t\t\t\t<div class=\"elementor-widget-container\">\n\t\t\t<div class=\"wpml-elementor-ls\">\n<div class=\"wpml-ls-statics-shortcode_actions wpml-ls wpml-ls-legacy-dropdown-click js-wpml-ls-legacy-dropdown-click\">\n\t<ul>\n\n\t\t<li class=\"wpml-ls-slot-shortcode_actions wpml-ls-item wpml-ls-item-fi wpml-ls-current-language wpml-ls-item-legacy-dropdown-click\">\n\n\t\t\t<a href=\"#\" class=\"js-wpml-ls-item-toggle wpml-ls-item-toggle\">\n                                                    <img decoding=\"async\"\n            class=\"wpml-ls-flag\"\n            src=\"https:\/\/fgmdentalgroup.com\/wp-content\/plugins\/sitepress-multilingual-cms\/res\/flags\/fi.svg\"\n            alt=\"\"\n            width=18\n            height=12\n    \/><span class=\"wpml-ls-native\">Suomi<\/span><\/a>\n\n\t\t\t<ul class=\"js-wpml-ls-sub-menu wpml-ls-sub-menu\">\n\t\t\t\t\n\t\t\t\t\t<li class=\"wpml-ls-slot-shortcode_actions wpml-ls-item wpml-ls-item-pt-br wpml-ls-first-item\">\n\t\t\t\t\t\t<a href=\"https:\/\/fgmdentalgroup.com\/\" class=\"wpml-ls-link\">\n                                                                <img decoding=\"async\"\n            class=\"wpml-ls-flag\"\n            src=\"https:\/\/fgmdentalgroup.com\/wp-content\/uploads\/flags\/pt-br[1].png\"\n            alt=\"\"\n            width=18\n            height=12\n    \/><span class=\"wpml-ls-native\" lang=\"pt-br\">Brasil<\/span><span class=\"wpml-ls-display\"><span class=\"wpml-ls-bracket\"> (<\/span>Brasilian portugali<span class=\"wpml-ls-bracket\">)<\/span><\/span><\/a>\n\t\t\t\t\t<\/li>\n\n\t\t\t\t\n\t\t\t\t\t<li class=\"wpml-ls-slot-shortcode_actions wpml-ls-item wpml-ls-item-intl\">\n\t\t\t\t\t\t<a href=\"https:\/\/fgmdentalgroup.com\/intl\/\" class=\"wpml-ls-link\">\n                                                                <img decoding=\"async\"\n            class=\"wpml-ls-flag\"\n            src=\"https:\/\/fgmdentalgroup.com\/wp-content\/uploads\/flags\/international-fgm.png\"\n            alt=\"\"\n            width=18\n            height=12\n    \/><span class=\"wpml-ls-native\" lang=\"intl\">International<\/span><\/a>\n\t\t\t\t\t<\/li>\n\n\t\t\t\t\n\t\t\t\t\t<li class=\"wpml-ls-slot-shortcode_actions wpml-ls-item wpml-ls-item-latam\">\n\t\t\t\t\t\t<a href=\"https:\/\/fgmdentalgroup.com\/latam\/\" class=\"wpml-ls-link\">\n                                                                <img decoding=\"async\"\n            class=\"wpml-ls-flag\"\n            src=\"https:\/\/fgmdentalgroup.com\/wp-content\/uploads\/flags\/spanish-.jpg\"\n            alt=\"\"\n            width=18\n            height=12\n    \/><span class=\"wpml-ls-native\" lang=\"latam\">Esp - Latam<\/span><span class=\"wpml-ls-display\"><span class=\"wpml-ls-bracket\"> (<\/span>Latinoam\u00e9rica<span class=\"wpml-ls-bracket\">)<\/span><\/span><\/a>\n\t\t\t\t\t<\/li>\n\n\t\t\t\t\n\t\t\t\t\t<li class=\"wpml-ls-slot-shortcode_actions wpml-ls-item wpml-ls-item-fr\">\n\t\t\t\t\t\t<a href=\"https:\/\/fgmdentalgroup.com\/fr\/\" class=\"wpml-ls-link\">\n                                                                <img decoding=\"async\"\n            class=\"wpml-ls-flag\"\n            src=\"https:\/\/fgmdentalgroup.com\/wp-content\/plugins\/sitepress-multilingual-cms\/res\/flags\/fr.svg\"\n            alt=\"\"\n            width=18\n            height=12\n    \/><span class=\"wpml-ls-native\" lang=\"fr\">France<\/span><span class=\"wpml-ls-display\"><span class=\"wpml-ls-bracket\"> (<\/span>Ranska<span class=\"wpml-ls-bracket\">)<\/span><\/span><\/a>\n\t\t\t\t\t<\/li>\n\n\t\t\t\t\n\t\t\t\t\t<li class=\"wpml-ls-slot-shortcode_actions wpml-ls-item wpml-ls-item-it\">\n\t\t\t\t\t\t<a href=\"https:\/\/fgmdentalgroup.com\/it\/\" class=\"wpml-ls-link\">\n                                                                <img decoding=\"async\"\n            class=\"wpml-ls-flag\"\n            src=\"https:\/\/fgmdentalgroup.com\/wp-content\/plugins\/sitepress-multilingual-cms\/res\/flags\/it.svg\"\n            alt=\"\"\n            width=18\n            height=12\n    \/><span class=\"wpml-ls-native\" lang=\"it\">Italia<\/span><\/a>\n\t\t\t\t\t<\/li>\n\n\t\t\t\t\n\t\t\t\t\t<li class=\"wpml-ls-slot-shortcode_actions wpml-ls-item wpml-ls-item-bg\">\n\t\t\t\t\t\t<a href=\"https:\/\/fgmdentalgroup.com\/bg\/\" class=\"wpml-ls-link\">\n                                                                <img decoding=\"async\"\n            class=\"wpml-ls-flag\"\n            src=\"https:\/\/fgmdentalgroup.com\/wp-content\/plugins\/sitepress-multilingual-cms\/res\/flags\/bg.svg\"\n            alt=\"\"\n            width=18\n            height=12\n    \/><span class=\"wpml-ls-native\" lang=\"bg\">\u0411\u044a\u043b\u0433\u0430\u0440\u0438\u044f<\/span><span class=\"wpml-ls-display\"><span class=\"wpml-ls-bracket\"> (<\/span>Bulgaria<span class=\"wpml-ls-bracket\">)<\/span><\/span><\/a>\n\t\t\t\t\t<\/li>\n\n\t\t\t\t\n\t\t\t\t\t<li class=\"wpml-ls-slot-shortcode_actions wpml-ls-item wpml-ls-item-hr\">\n\t\t\t\t\t\t<a href=\"https:\/\/fgmdentalgroup.com\/hr\/\" class=\"wpml-ls-link\">\n                                                                <img decoding=\"async\"\n            class=\"wpml-ls-flag\"\n            src=\"https:\/\/fgmdentalgroup.com\/wp-content\/plugins\/sitepress-multilingual-cms\/res\/flags\/hr.svg\"\n            alt=\"\"\n            width=18\n            height=12\n    \/><span class=\"wpml-ls-native\" lang=\"hr\">Hrvatska<\/span><span class=\"wpml-ls-display\"><span class=\"wpml-ls-bracket\"> (<\/span>Kroatia<span class=\"wpml-ls-bracket\">)<\/span><\/span><\/a>\n\t\t\t\t\t<\/li>\n\n\t\t\t\t\n\t\t\t\t\t<li class=\"wpml-ls-slot-shortcode_actions wpml-ls-item wpml-ls-item-da\">\n\t\t\t\t\t\t<a href=\"https:\/\/fgmdentalgroup.com\/da\/\" class=\"wpml-ls-link\">\n                                                                <img decoding=\"async\"\n            class=\"wpml-ls-flag\"\n            src=\"https:\/\/fgmdentalgroup.com\/wp-content\/plugins\/sitepress-multilingual-cms\/res\/flags\/da.svg\"\n            alt=\"\"\n            width=18\n            height=12\n    \/><span class=\"wpml-ls-native\" lang=\"da\">Danmark<\/span><span class=\"wpml-ls-display\"><span class=\"wpml-ls-bracket\"> (<\/span>Tanska<span class=\"wpml-ls-bracket\">)<\/span><\/span><\/a>\n\t\t\t\t\t<\/li>\n\n\t\t\t\t\n\t\t\t\t\t<li class=\"wpml-ls-slot-shortcode_actions wpml-ls-item wpml-ls-item-de\">\n\t\t\t\t\t\t<a href=\"https:\/\/fgmdentalgroup.com\/de\/\" class=\"wpml-ls-link\">\n                                                                <img decoding=\"async\"\n            class=\"wpml-ls-flag\"\n            src=\"https:\/\/fgmdentalgroup.com\/wp-content\/plugins\/sitepress-multilingual-cms\/res\/flags\/de.svg\"\n            alt=\"\"\n            width=18\n            height=12\n    \/><span class=\"wpml-ls-native\" lang=\"de\">Deutschland<\/span><span class=\"wpml-ls-display\"><span class=\"wpml-ls-bracket\"> (<\/span>Saksa<span class=\"wpml-ls-bracket\">)<\/span><\/span><\/a>\n\t\t\t\t\t<\/li>\n\n\t\t\t\t\n\t\t\t\t\t<li class=\"wpml-ls-slot-shortcode_actions wpml-ls-item wpml-ls-item-el\">\n\t\t\t\t\t\t<a href=\"https:\/\/fgmdentalgroup.com\/el\/\" class=\"wpml-ls-link\">\n                                                                <img decoding=\"async\"\n            class=\"wpml-ls-flag\"\n            src=\"https:\/\/fgmdentalgroup.com\/wp-content\/plugins\/sitepress-multilingual-cms\/res\/flags\/el.svg\"\n            alt=\"\"\n            width=18\n            height=12\n    \/><span class=\"wpml-ls-native\" lang=\"el\">\u0395\u03bb\u03bb\u03ac\u03b4\u03b1<\/span><span class=\"wpml-ls-display\"><span class=\"wpml-ls-bracket\"> (<\/span>Kreikka<span class=\"wpml-ls-bracket\">)<\/span><\/span><\/a>\n\t\t\t\t\t<\/li>\n\n\t\t\t\t\n\t\t\t\t\t<li class=\"wpml-ls-slot-shortcode_actions wpml-ls-item wpml-ls-item-no\">\n\t\t\t\t\t\t<a href=\"https:\/\/fgmdentalgroup.com\/no\/\" class=\"wpml-ls-link\">\n                                                                <img decoding=\"async\"\n            class=\"wpml-ls-flag\"\n            src=\"https:\/\/fgmdentalgroup.com\/wp-content\/plugins\/sitepress-multilingual-cms\/res\/flags\/no.svg\"\n            alt=\"\"\n            width=18\n            height=12\n    \/><span class=\"wpml-ls-native\" lang=\"no\">Norge<\/span><span class=\"wpml-ls-display\"><span class=\"wpml-ls-bracket\"> (<\/span>Kirjanorja<span class=\"wpml-ls-bracket\">)<\/span><\/span><\/a>\n\t\t\t\t\t<\/li>\n\n\t\t\t\t\n\t\t\t\t\t<li class=\"wpml-ls-slot-shortcode_actions wpml-ls-item wpml-ls-item-pl\">\n\t\t\t\t\t\t<a href=\"https:\/\/fgmdentalgroup.com\/pl\/\" class=\"wpml-ls-link\">\n                                                                <img decoding=\"async\"\n            class=\"wpml-ls-flag\"\n            src=\"https:\/\/fgmdentalgroup.com\/wp-content\/plugins\/sitepress-multilingual-cms\/res\/flags\/pl.svg\"\n            alt=\"\"\n            width=18\n            height=12\n    \/><span class=\"wpml-ls-native\" lang=\"pl\">Polska<\/span><span class=\"wpml-ls-display\"><span class=\"wpml-ls-bracket\"> (<\/span>Puola<span class=\"wpml-ls-bracket\">)<\/span><\/span><\/a>\n\t\t\t\t\t<\/li>\n\n\t\t\t\t\n\t\t\t\t\t<li class=\"wpml-ls-slot-shortcode_actions wpml-ls-item wpml-ls-item-sv wpml-ls-last-item\">\n\t\t\t\t\t\t<a href=\"https:\/\/fgmdentalgroup.com\/sv\/\" class=\"wpml-ls-link\">\n                                                                <img decoding=\"async\"\n            class=\"wpml-ls-flag\"\n            src=\"https:\/\/fgmdentalgroup.com\/wp-content\/plugins\/sitepress-multilingual-cms\/res\/flags\/sv.svg\"\n            alt=\"\"\n            width=18\n            height=12\n    \/><span class=\"wpml-ls-native\" lang=\"sv\">Sverige<\/span><span class=\"wpml-ls-display\"><span class=\"wpml-ls-bracket\"> (<\/span>Ruotsi<span class=\"wpml-ls-bracket\">)<\/span><\/span><\/a>\n\t\t\t\t\t<\/li>\n\n\t\t\t\t\t\t\t<\/ul>\n\n\t\t<\/li>\n\n\t<\/ul>\n<\/div>\n<\/div>\t\t<\/div>\n\t\t\t\t<\/div>\n\t\t\t\t\t<\/div>\n\t\t\t\t<\/div>\n\t\t<div class=\"elementor-element elementor-element-65a9411 e-flex e-con-boxed e-con e-parent\" data-id=\"65a9411\" data-element_type=\"container\" data-settings=\"{&quot;jet_parallax_layout_list&quot;:[]}\">\n\t\t\t\t\t<div class=\"e-con-inner\">\n\t\t\t\t<div class=\"elementor-element elementor-element-8f1850a elementor-widget elementor-widget-heading\" data-id=\"8f1850a\" data-element_type=\"widget\" data-widget_type=\"heading.default\">\n\t\t\t\t<div class=\"elementor-widget-container\">\n\t\t\t<h3 class=\"elementor-heading-title elementor-size-default\">Euroopan unionin asiakkaille<\/h3>\t\t<\/div>\n\t\t\t\t<\/div>\n\t\t\t\t<div class=\"elementor-element elementor-element-a3ffb20 elementor-widget elementor-widget-text-editor\" data-id=\"a3ffb20\" data-element_type=\"widget\" data-widget_type=\"text-editor.default\">\n\t\t\t\t<div class=\"elementor-widget-container\">\n\t\t\t\t\t\t\t<p>Jos haluat kopion implantoitavia l\u00e4\u00e4kinn\u00e4llisi\u00e4 laitteita koskevasta turvallisuus- ja kliinisen suorituskyvyn yhteenvedosta (SSCP), pyyd\u00e4 sit\u00e4 s\u00e4hk\u00f6postitse osoitteesta <a href=\"mailto:ra@fgmdentalgroup.com\">ra@fgmdentalgroup.com<\/a> ja ilmoita haluamiesi tuotteiden koodit tai mallit.<\/p>\t\t\t\t\t\t<\/div>\n\t\t\t\t<\/div>\n\t\t\t\t<div class=\"elementor-element elementor-element-207167a elementor-align-center elementor-widget elementor-widget-button\" data-id=\"207167a\" data-element_type=\"widget\" data-widget_type=\"button.default\">\n\t\t\t\t<div class=\"elementor-widget-container\">\n\t\t\t\t\t\t\t\t<a class=\"elementor-button elementor-button-link elementor-size-sm\" href=\"https:\/\/ifu.fgm.ind.br\/ifu\" target=\"_blank\" rel=\"noopener noreferrer nofollow\">\n\t\t\t\t\t\t<span class=\"elementor-button-content-wrapper\">\n\t\t\t\t\t\t\t\t\t<span class=\"elementor-button-text\">Takaisin IFU:hun<\/span>\n\t\t\t\t\t<\/span>\n\t\t\t\t\t<\/a>\n\t\t\t\t\t\t<\/div>\n\t\t\t\t<\/div>\n\t\t\t\t\t<\/div>\n\t\t\t\t<\/div>\n\t\t\t\t<\/div>\n\t\t","protected":false},"excerpt":{"rendered":"<p>SSCP Suomi Brasil (Brasilian portugali) International Esp &#8211; Latam (Latinoam\u00e9rica) France (Ranska) Italia \u0411\u044a\u043b\u0433\u0430\u0440\u0438\u044f (Bulgaria) Hrvatska (Kroatia) Danmark (Tanska) Deutschland (Saksa) \u0395\u03bb\u03bb\u03ac\u03b4\u03b1 (Kreikka) Norge (Kirjanorja) Polska (Puola) Sverige (Ruotsi) Euroopan unionin asiakkaille Jos haluat kopion implantoitavia l\u00e4\u00e4kinn\u00e4llisi\u00e4 laitteita koskevasta turvallisuus- ja kliinisen suorituskyvyn yhteenvedosta (SSCP), pyyd\u00e4 sit\u00e4 s\u00e4hk\u00f6postitse osoitteesta ra@fgmdentalgroup.com ja ilmoita haluamiesi tuotteiden koodit [&hellip;]<\/p>\n","protected":false},"author":15,"featured_media":0,"parent":0,"menu_order":118,"comment_status":"closed","ping_status":"closed","template":"elementor_header_footer","meta":{"footnotes":""},"class_list":["post-567412","page","type-page","status-publish","hentry"],"_links":{"self":[{"href":"https:\/\/fgmdentalgroup.com\/fi\/wp-json\/wp\/v2\/pages\/567412"}],"collection":[{"href":"https:\/\/fgmdentalgroup.com\/fi\/wp-json\/wp\/v2\/pages"}],"about":[{"href":"https:\/\/fgmdentalgroup.com\/fi\/wp-json\/wp\/v2\/types\/page"}],"author":[{"embeddable":true,"href":"https:\/\/fgmdentalgroup.com\/fi\/wp-json\/wp\/v2\/users\/15"}],"replies":[{"embeddable":true,"href":"https:\/\/fgmdentalgroup.com\/fi\/wp-json\/wp\/v2\/comments?post=567412"}],"version-history":[{"count":4,"href":"https:\/\/fgmdentalgroup.com\/fi\/wp-json\/wp\/v2\/pages\/567412\/revisions"}],"predecessor-version":[{"id":567416,"href":"https:\/\/fgmdentalgroup.com\/fi\/wp-json\/wp\/v2\/pages\/567412\/revisions\/567416"}],"wp:attachment":[{"href":"https:\/\/fgmdentalgroup.com\/fi\/wp-json\/wp\/v2\/media?parent=567412"}],"curies":[{"name":"wp","href":"https:\/\/api.w.org\/{rel}","templated":true}]}}