{"id":361133,"date":"2022-11-14T11:28:28","date_gmt":"2022-11-14T14:28:28","guid":{"rendered":"https:\/\/fgmdentalgroup.com\/politica-de-privacidade\/"},"modified":"2025-02-11T17:04:11","modified_gmt":"2025-02-11T20:04:11","slug":"tietosuojaseloste","status":"publish","type":"page","link":"https:\/\/fgmdentalgroup.com\/fi\/tietosuojaseloste\/","title":{"rendered":"Tietosuojak\u00e4yt\u00e4nt\u00f6"},"content":{"rendered":"\t\t<div data-elementor-type=\"wp-page\" data-elementor-id=\"361133\" class=\"elementor elementor-361133 elementor-293566\" data-elementor-post-type=\"page\">\n\t\t\t\t<div class=\"elementor-element elementor-element-541b50e e-flex e-con-boxed e-con e-parent\" data-id=\"541b50e\" data-element_type=\"container\" data-settings=\"{&quot;jet_parallax_layout_list&quot;:[]}\">\n\t\t\t\t\t<div class=\"e-con-inner\">\n\t\t<div class=\"elementor-element elementor-element-cf54fcc e-flex e-con-boxed e-con e-child\" data-id=\"cf54fcc\" data-element_type=\"container\" data-settings=\"{&quot;background_background&quot;:&quot;gradient&quot;,&quot;jet_parallax_layout_list&quot;:[]}\">\n\t\t\t\t\t<div class=\"e-con-inner\">\n\t\t\t\t<div class=\"elementor-element elementor-element-8baa942 elementor-widget elementor-widget-heading\" data-id=\"8baa942\" data-element_type=\"widget\" data-widget_type=\"heading.default\">\n\t\t\t\t<div class=\"elementor-widget-container\">\n\t\t\t<h1 class=\"elementor-heading-title elementor-size-default\">Tietosuojak\u00e4yt\u00e4nt\u00f6<\/h1>\t\t<\/div>\n\t\t\t\t<\/div>\n\t\t\t\t\t<\/div>\n\t\t\t\t<\/div>\n\t\t\t\t\t<\/div>\n\t\t\t\t<\/div>\n\t\t<div class=\"elementor-element elementor-element-a69db8c e-flex e-con-boxed e-con e-parent\" data-id=\"a69db8c\" data-element_type=\"container\" data-settings=\"{&quot;jet_parallax_layout_list&quot;:[]}\">\n\t\t\t\t\t<div class=\"e-con-inner\">\n\t\t\t\t<div class=\"elementor-element elementor-element-b560625 elementor-widget elementor-widget-text-editor\" data-id=\"b560625\" data-element_type=\"widget\" data-widget_type=\"text-editor.default\">\n\t\t\t\t<div class=\"elementor-widget-container\">\n\t\t\t\t\t\t\t<h2 data-start=\"108\" data-end=\"123\">1. Tarkoitus<\/h2>\n<p data-start=\"125\" data-end=\"421\">FGM Dental Groupin tietosuojak\u00e4yt\u00e4nt\u00f6 (&#8221;K\u00e4yt\u00e4nt\u00f6&#8221;) on luotu osoittamaan sitoutumisemme k\u00e4ytt\u00e4jien (&#8221;K\u00e4ytt\u00e4j\u00e4t&#8221;) henkil\u00f6tietojen yksityisyyden ja suojan varmistamiseen sek\u00e4 selvent\u00e4m\u00e4\u00e4n, miten k\u00e4sittelemme heid\u00e4n henkil\u00f6tietojaan. T\u00e4m\u00e4 K\u00e4yt\u00e4nt\u00f6 koskee FGM Dental Groupin virallista verkkosivustoa.<\/p>\n<p data-start=\"423\" data-end=\"578\">Lue t\u00e4m\u00e4 K\u00e4yt\u00e4nt\u00f6 huolellisesti, ja jos sinulla on kysytt\u00e4v\u00e4\u00e4, ota rohkeasti yhteytt\u00e4 asiakaspalvelukanaviimme, jotka on lueteltu t\u00e4m\u00e4n asiakirjan lopussa.<\/p>\n<h2 data-start=\"580\" data-end=\"599\">2. Soveltamisala<\/h2>\n<p data-start=\"601\" data-end=\"668\">T\u00e4m\u00e4 asiakirja koskee FGM Dental Groupin virallista verkkosivustoa.<\/p>\n<h2 data-start=\"670\" data-end=\"684\">3. Viitteet<\/h2>\n<ul data-start=\"686\" data-end=\"747\">\n<li data-start=\"686\" data-end=\"747\">Laki 13.709\/2018 \u2013 Brasilian yleinen tietosuojalaki (LGPD).<\/li>\n<\/ul>\n<h2 data-start=\"749\" data-end=\"766\">4. M\u00e4\u00e4ritelm\u00e4t<\/h2>\n<ul data-start=\"768\" data-end=\"3097\">\n<li data-start=\"768\" data-end=\"845\"><strong data-start=\"770\" data-end=\"795\">Tietojen k\u00e4sittelij\u00e4t<\/strong>: Rekisterinpit\u00e4j\u00e4 ja henkil\u00f6tietojen k\u00e4sittelij\u00e4.<\/li>\n<li data-start=\"846\" data-end=\"994\"><strong data-start=\"848\" data-end=\"868\">Rekisterinpit\u00e4j\u00e4<\/strong>: Luonnollinen tai oikeushenkil\u00f6, julkinen tai yksityinen, joka m\u00e4\u00e4rittelee henkil\u00f6tietojen k\u00e4sittelyn tarkoitukset ja keinot.<\/li>\n<li data-start=\"995\" data-end=\"1253\"><strong data-start=\"997\" data-end=\"1019\">Ev\u00e4steet (Cookies)<\/strong>: Pienet tiedostot, jotka FGM Dental Groupin verkkosivustot l\u00e4hett\u00e4v\u00e4t ja tallentavat K\u00e4ytt\u00e4j\u00e4n laitteisiin. Ne tallentavat k\u00e4ytt\u00e4j\u00e4n asetuksia ja muita tietoja, jotta sivuston k\u00e4ytt\u00f6kokemus voidaan mukauttaa k\u00e4ytt\u00e4j\u00e4profiilin mukaan.<\/li>\n<li data-start=\"1254\" data-end=\"1455\"><strong data-start=\"1256\" data-end=\"1273\">Henkil\u00f6tiedot<\/strong>: Kaikki tiedot, jotka liittyv\u00e4t tunnistettuun tai tunnistettavissa olevaan luonnolliseen henkil\u00f6\u00f6n. Esimerkiksi nimi, osoite, verotunniste, s\u00e4hk\u00f6posti, puhelinnumero, IP-osoite jne.<\/li>\n<li data-start=\"1456\" data-end=\"1873\"><strong data-start=\"1458\" data-end=\"1490\">Arkaluonteiset henkil\u00f6tiedot<\/strong>: Henkil\u00f6tiedot, jotka liittyv\u00e4t rodulliseen tai etniseen alkuper\u00e4\u00e4n, uskonnollisiin vakaumuksiin, poliittisiin mielipiteisiin, ammattiliittojen j\u00e4senyyteen tai filosofisiin, uskonnollisiin tai poliittisiin yhdistyksiin. T\u00e4m\u00e4 sis\u00e4lt\u00e4\u00e4 my\u00f6s terveystiedot, seksuaaliseen suuntautumiseen liittyv\u00e4t tiedot sek\u00e4 geneettiset ja biometriset tiedot, kun ne liittyv\u00e4t luonnolliseen henkil\u00f6\u00f6n.<\/li>\n<li data-start=\"1874\" data-end=\"2037\"><strong data-start=\"1876\" data-end=\"1904\">Tietosuojavastaava (DPO)<\/strong>: Henkil\u00f6, joka toimii yhteyshenkil\u00f6n\u00e4 FGM Dental Groupin, K\u00e4ytt\u00e4jien ja Brasilian kansallisen tietosuojaviranomaisen (ANPD) v\u00e4lill\u00e4.<\/li>\n<li data-start=\"2038\" data-end=\"2183\"><strong data-start=\"2040\" data-end=\"2069\">Sovellettava lains\u00e4\u00e4d\u00e4nt\u00f6<\/strong>: Kaikki lait, jotka liittyv\u00e4t yksityisyyteen ja henkil\u00f6tietojen suojaan, erityisesti laki nro 13.709\/2018 (LGPD).<\/li>\n<li data-start=\"2184\" data-end=\"2263\"><strong data-start=\"2186\" data-end=\"2208\">Verkkoymp\u00e4rist\u00f6mme<\/strong>: Virallinen verkkosivusto <a href=\"https:\/\/fgmdentalgroup.com\/fi\/\" target=\"_new\" rel=\"noopener\" data-start=\"2235\" data-end=\"2262\">https:\/\/fgmdentalgroup.com\/<\/a>.<\/li>\n<li data-start=\"2264\" data-end=\"2389\"><strong data-start=\"2266\" data-end=\"2297\">Henkil\u00f6tietojen k\u00e4sittelij\u00e4<\/strong>: Luonnollinen tai oikeushenkil\u00f6, joka k\u00e4sittelee henkil\u00f6tietoja rekisterinpit\u00e4j\u00e4n puolesta.<\/li>\n<li data-start=\"2390\" data-end=\"2534\"><strong data-start=\"2392\" data-end=\"2419\">Rekister\u00f6ity \/ K\u00e4ytt\u00e4j\u00e4<\/strong>: Luonnollinen henkil\u00f6, jonka henkil\u00f6tietoja k\u00e4sitell\u00e4\u00e4n h\u00e4nen vuorovaikutuksensa kautta FGM Dental Groupin kanssa.<\/li>\n<li data-start=\"2535\" data-end=\"2736\"><strong data-start=\"2537\" data-end=\"2559\">Tietojen k\u00e4sittely<\/strong>: Kaikki toiminnot, jotka kohdistuvat henkil\u00f6tietoihin, kuten ker\u00e4\u00e4minen, tallentaminen, k\u00e4ytt\u00e4minen, siirt\u00e4minen, p\u00e4\u00e4sy, j\u00e4ljent\u00e4minen, jakaminen, muokkaaminen tai poistaminen.<\/li>\n<li data-start=\"2737\" data-end=\"2860\"><strong data-start=\"2739\" data-end=\"2773\">Kansainv\u00e4linen tietojen siirto<\/strong>: Henkil\u00f6tietojen siirto ulkomaille tai kansainv\u00e4liseen j\u00e4rjest\u00f6\u00f6n, jonka j\u00e4sen maa on.<\/li>\n<li data-start=\"2861\" data-end=\"3097\"><strong data-start=\"2863\" data-end=\"2885\">Tietojen jakaminen<\/strong>: Tietojen v\u00e4litt\u00e4minen, levitt\u00e4minen, kansainv\u00e4linen siirto, tietokantojen yhdist\u00e4minen tai yhteisk\u00e4sittely julkisten organisaatioiden v\u00e4lill\u00e4 tai julkisten ja yksityisten toimijoiden kesken erityisell\u00e4 luvalla.<\/li>\n<\/ul>\n<h2 data-start=\"3099\" data-end=\"3112\">5. Vastuut<\/h2>\n<p data-start=\"3114\" data-end=\"3133\">Ei sovellettavissa.<\/p>\n<h2 data-start=\"3135\" data-end=\"3177\">6. Henkil\u00f6tietojen ker\u00e4\u00e4minen ja k\u00e4ytt\u00f6<\/h2>\n<p data-start=\"3179\" data-end=\"3427\">FGM Dental Group tarvitsee henkil\u00f6tietoja tarjotakseen palveluita verkkoymp\u00e4rist\u00f6ss\u00e4mme ja t\u00e4ytt\u00e4\u00e4kseen lakis\u00e4\u00e4teiset velvoitteet. Jos K\u00e4ytt\u00e4j\u00e4 p\u00e4\u00e4tt\u00e4\u00e4 olla antamatta tiettyj\u00e4 henkil\u00f6tietoja, jotkin toiminnot tai palvelut eiv\u00e4t ehk\u00e4 ole saatavilla.<\/p>\n<p data-start=\"3429\" data-end=\"3558\">Voimme ker\u00e4t\u00e4 henkil\u00f6tietoja suoraan K\u00e4ytt\u00e4j\u00e4lt\u00e4 lomakkeiden kautta tai h\u00e4nen ollessaan vuorovaikutuksessa Verkkoymp\u00e4rist\u00f6ss\u00e4mme.<\/p>\n<h2 data-start=\"3560\" data-end=\"3609\">7. Tietojen p\u00e4ivitt\u00e4minen ja paikkansapit\u00e4vyys<\/h2>\n<p data-start=\"3611\" data-end=\"3915\">K\u00e4ytt\u00e4j\u00e4 on yksin vastuussa antamiensa henkil\u00f6tietojen oikeellisuudesta, ajantasaisuudesta ja totuudenmukaisuudesta. Meill\u00e4 ei ole velvollisuutta k\u00e4sitell\u00e4 henkil\u00f6tietoja, jos uskomme, ett\u00e4 k\u00e4sittely voisi rikkoa sovellettavia lakeja tai jos K\u00e4ytt\u00e4j\u00e4 k\u00e4ytt\u00e4\u00e4 Verkkoymp\u00e4rist\u00f6\u00e4mme laittomiin tarkoituksiin.<\/p>\n<h2 data-start=\"3917\" data-end=\"3933\">8. Tietokanta<\/h2>\n<p data-start=\"3935\" data-end=\"4136\">Tietokanta, joka muodostuu henkil\u00f6tietojen ker\u00e4\u00e4misest\u00e4, on meid\u00e4n omaisuuttamme ja vastuullamme. K\u00e4ytt\u00f6, p\u00e4\u00e4sy ja jakaminen tapahtuvat vain t\u00e4ss\u00e4 K\u00e4yt\u00e4nn\u00f6ss\u00e4 m\u00e4\u00e4ritellyiss\u00e4 rajoissa ja tarkoituksissa.<\/p>\n<h2 data-start=\"4138\" data-end=\"4161\">9. Sosiaalinen media<\/h2>\n<p data-start=\"4163\" data-end=\"4489\">FGM Dental Groupilla on sivuja sosiaalisessa mediassa, kuten Facebookissa, Instagramissa, LinkedIniss\u00e4, WhatsAppissa ja YouTubessa, yrityksen ja sen tuotteiden edist\u00e4miseksi sek\u00e4 vuorovaikutuksessa K\u00e4ytt\u00e4jien kanssa. N\u00e4ill\u00e4 alustoilla on omat Tietosuojak\u00e4yt\u00e4nt\u00f6ns\u00e4, jotka K\u00e4ytt\u00e4j\u00e4n tulisi tarkistaa heid\u00e4n verkkosivustoiltaan.<\/p>\n<p data-start=\"4491\" data-end=\"4610\">FGM Dental Group ei ole vastuussa kolmansien osapuolten Tietosuojak\u00e4yt\u00e4nn\u00f6ist\u00e4 eik\u00e4 muiden verkkosivustojen sis\u00e4ll\u00f6st\u00e4.<\/p>\n<h2 data-start=\"4612\" data-end=\"4647\">10. Kolmansien osapuolten linkit<\/h2>\n<p data-start=\"4649\" data-end=\"4882\">Verkkoymp\u00e4rist\u00f6mme voi ohjata K\u00e4ytt\u00e4j\u00e4n kolmansien osapuolten verkkosivustoille, esimerkiksi ty\u00f6nhakua varten tai sosiaalisen median alustoille. N\u00e4ill\u00e4 verkkosivustoilla on omat Tietosuojak\u00e4yt\u00e4nt\u00f6ns\u00e4, jotka K\u00e4ytt\u00e4j\u00e4n tulee tarkistaa.<\/p>\n<p data-start=\"4884\" data-end=\"5010\">FGM Dental Group ei ole vastuussa kolmansien osapuolten Tietosuojak\u00e4yt\u00e4nn\u00f6ist\u00e4 eik\u00e4 ulkopuolisten verkkosivustojen sis\u00e4ll\u00f6st\u00e4.<\/p>\n<h2 data-start=\"5012\" data-end=\"5036\">11. Ev\u00e4steiden k\u00e4ytt\u00f6<\/h2>\n<p data-start=\"5038\" data-end=\"5213\">Ev\u00e4steet ovat pieni\u00e4 tekstitiedostoja, jotka selain tallentaa laitteellesi ja jotka sis\u00e4lt\u00e4v\u00e4t tietoja k\u00e4ytt\u00e4j\u00e4asetuksista, kuten kielest\u00e4, sijainnista ja istuntojen m\u00e4\u00e4r\u00e4st\u00e4.<\/p>\n<p data-start=\"5215\" data-end=\"5228\">Ev\u00e4stetyypit:<\/p>\n<ul data-start=\"5230\" data-end=\"5596\">\n<li data-start=\"5230\" data-end=\"5322\"><strong data-start=\"5232\" data-end=\"5255\">Pakolliset ev\u00e4steet<\/strong>: Mahdollistavat perusnavigoinnin ja p\u00e4\u00e4syn suojattuihin alueisiin.<\/li>\n<li data-start=\"5323\" data-end=\"5411\"><strong data-start=\"5325\" data-end=\"5350\">Analyyttiset ev\u00e4steet<\/strong>: Ker\u00e4\u00e4v\u00e4t anonyymej\u00e4 tilastotietoja verkkosivuston k\u00e4yt\u00f6st\u00e4.<\/li>\n<li data-start=\"5412\" data-end=\"5505\"><strong data-start=\"5414\" data-end=\"5441\">Toiminnalliset ev\u00e4steet<\/strong>: Tallentavat k\u00e4ytt\u00e4j\u00e4n asetukset ja parantavat k\u00e4ytt\u00f6kokemusta.<\/li>\n<li data-start=\"5506\" data-end=\"5596\"><strong data-start=\"5508\" data-end=\"5526\">Mainosev\u00e4steet<\/strong>: Mukauttavat mainontaa k\u00e4ytt\u00e4j\u00e4n kiinnostuksen kohteiden perusteella.<\/li>\n<\/ul>\n<h2 data-start=\"5598\" data-end=\"5629\">12. Henkil\u00f6tietojen s\u00e4ilytys<\/h2>\n<ul data-start=\"5631\" data-end=\"6005\">\n<li data-start=\"5631\" data-end=\"5797\"><strong data-start=\"5633\" data-end=\"5651\">S\u00e4ilytyspaikka<\/strong>: Henkil\u00f6tiedot s\u00e4ilytet\u00e4\u00e4n turvallisessa ymp\u00e4rist\u00f6ss\u00e4 Brasilian palvelimilla tai pilvipalveluissa, jotka voivat sis\u00e4lt\u00e4\u00e4 kansainv\u00e4lisi\u00e4 siirtoja.<\/li>\n<li data-start=\"5798\" data-end=\"5870\"><strong data-start=\"5800\" data-end=\"5816\">S\u00e4ilytysaika<\/strong>: Tietoja s\u00e4ilytet\u00e4\u00e4n vain niin kauan kuin on tarpeen.<\/li>\n<li data-start=\"5871\" data-end=\"6005\"><strong data-start=\"5873\" data-end=\"5897\">Tietojen poistaminen<\/strong>: Kun s\u00e4ilytysaika p\u00e4\u00e4ttyy, tiedot poistetaan turvallisesti tai anonymisoidaan tilastollisiin tarkoituksiin.<\/li>\n<\/ul>\n<h2 data-start=\"6007\" data-end=\"6026\">13. Yhteystiedot<\/h2>\n<ul data-start=\"6028\" data-end=\"6212\">\n<li data-start=\"6028\" data-end=\"6096\"><strong data-start=\"6030\" data-end=\"6058\">Tietosuojavastaava (DPO)<\/strong>: Wentz Vieira Advocacia Empresarial<\/li>\n<li data-start=\"6097\" data-end=\"6139\"><strong data-start=\"6099\" data-end=\"6113\">S\u00e4hk\u00f6posti<\/strong>: <a rel=\"noopener\" data-start=\"6115\" data-end=\"6137\">dpo@fgmdentalgroup.com<\/a><\/li>\n<li data-start=\"6140\" data-end=\"6212\"><strong data-start=\"6142\" data-end=\"6152\">Osoite<\/strong>: Av. Edgar Nelson Meister, 474 \u2013 Joinville \u2013 SC, Brasilia<\/li>\n<\/ul>\n<p data-start=\"6214\" data-end=\"6256\"><em data-start=\"6214\" data-end=\"6256\">Viimeisin p\u00e4ivitys: 14. huhtikuuta 2023.<\/em><\/p>\n\t\t\t\t\t\t<\/div>\n\t\t\t\t<\/div>\n\t\t\t\t\t<\/div>\n\t\t\t\t<\/div>\n\t\t\t\t<\/div>\n\t\t","protected":false},"excerpt":{"rendered":"<p>Tietosuojak\u00e4yt\u00e4nt\u00f6 1. Tarkoitus FGM Dental Groupin tietosuojak\u00e4yt\u00e4nt\u00f6 (&#8221;K\u00e4yt\u00e4nt\u00f6&#8221;) on luotu osoittamaan sitoutumisemme k\u00e4ytt\u00e4jien (&#8221;K\u00e4ytt\u00e4j\u00e4t&#8221;) henkil\u00f6tietojen yksityisyyden ja suojan varmistamiseen sek\u00e4 selvent\u00e4m\u00e4\u00e4n, miten k\u00e4sittelemme heid\u00e4n henkil\u00f6tietojaan. T\u00e4m\u00e4 K\u00e4yt\u00e4nt\u00f6 koskee FGM Dental Groupin virallista verkkosivustoa. Lue t\u00e4m\u00e4 K\u00e4yt\u00e4nt\u00f6 huolellisesti, ja jos sinulla on kysytt\u00e4v\u00e4\u00e4, ota rohkeasti yhteytt\u00e4 asiakaspalvelukanaviimme, jotka on lueteltu t\u00e4m\u00e4n asiakirjan lopussa. 2. Soveltamisala T\u00e4m\u00e4 [&hellip;]<\/p>\n","protected":false},"author":15,"featured_media":0,"parent":0,"menu_order":0,"comment_status":"closed","ping_status":"closed","template":"elementor_header_footer","meta":{"footnotes":""},"class_list":["post-361133","page","type-page","status-publish","hentry"],"_links":{"self":[{"href":"https:\/\/fgmdentalgroup.com\/fi\/wp-json\/wp\/v2\/pages\/361133"}],"collection":[{"href":"https:\/\/fgmdentalgroup.com\/fi\/wp-json\/wp\/v2\/pages"}],"about":[{"href":"https:\/\/fgmdentalgroup.com\/fi\/wp-json\/wp\/v2\/types\/page"}],"author":[{"embeddable":true,"href":"https:\/\/fgmdentalgroup.com\/fi\/wp-json\/wp\/v2\/users\/15"}],"replies":[{"embeddable":true,"href":"https:\/\/fgmdentalgroup.com\/fi\/wp-json\/wp\/v2\/comments?post=361133"}],"version-history":[{"count":2,"href":"https:\/\/fgmdentalgroup.com\/fi\/wp-json\/wp\/v2\/pages\/361133\/revisions"}],"predecessor-version":[{"id":542450,"href":"https:\/\/fgmdentalgroup.com\/fi\/wp-json\/wp\/v2\/pages\/361133\/revisions\/542450"}],"wp:attachment":[{"href":"https:\/\/fgmdentalgroup.com\/fi\/wp-json\/wp\/v2\/media?parent=361133"}],"curies":[{"name":"wp","href":"https:\/\/api.w.org\/{rel}","templated":true}]}}