{"id":546703,"date":"2025-02-27T10:41:30","date_gmt":"2025-02-27T13:41:30","guid":{"rendered":"https:\/\/fgmdentalgroup.com\/blog\/"},"modified":"2025-02-27T10:55:16","modified_gmt":"2025-02-27T13:55:16","slug":"blog","status":"publish","type":"page","link":"https:\/\/fgmdentalgroup.com\/de\/blog\/","title":{"rendered":"Blog"},"content":{"rendered":"\t\t<div data-elementor-type=\"wp-page\" data-elementor-id=\"546703\" class=\"elementor elementor-546703 elementor-546694\" data-elementor-post-type=\"page\">\n\t\t\t\t<div class=\"elementor-element elementor-element-4b0ba1c e-flex e-con-boxed e-con e-parent\" data-id=\"4b0ba1c\" data-element_type=\"container\" data-settings=\"{&quot;jet_parallax_layout_list&quot;:[]}\">\n\t\t\t\t\t<div class=\"e-con-inner\">\n\t\t<div class=\"elementor-element elementor-element-7d3c3af e-flex e-con-boxed e-con e-child\" data-id=\"7d3c3af\" data-element_type=\"container\" data-settings=\"{&quot;background_background&quot;:&quot;gradient&quot;,&quot;jet_parallax_layout_list&quot;:[]}\">\n\t\t\t\t\t<div class=\"e-con-inner\">\n\t\t\t\t<div class=\"elementor-element elementor-element-791d369 elementor-widget elementor-widget-heading\" data-id=\"791d369\" data-element_type=\"widget\" data-widget_type=\"heading.default\">\n\t\t\t\t<div class=\"elementor-widget-container\">\n\t\t\t<h1 class=\"elementor-heading-title elementor-size-default\">Blog<\/h1>\t\t<\/div>\n\t\t\t\t<\/div>\n\t\t\t\t\t<\/div>\n\t\t\t\t<\/div>\n\t\t\t\t\t<\/div>\n\t\t\t\t<\/div>\n\t\t<div class=\"elementor-element elementor-element-5d960bf e-flex e-con-boxed e-con e-child\" data-id=\"5d960bf\" data-element_type=\"container\" data-settings=\"{&quot;jet_parallax_layout_list&quot;:[]}\">\n\t\t\t\t\t<div class=\"e-con-inner\">\n\t\t\t\t<div class=\"elementor-element elementor-element-c11d3d0 elementor-widget elementor-widget-jet-listing-grid\" data-id=\"c11d3d0\" data-element_type=\"widget\" data-settings=\"{&quot;columns&quot;:3,&quot;columns_tablet&quot;:&quot;2&quot;,&quot;columns_mobile&quot;:&quot;1&quot;}\" data-widget_type=\"jet-listing-grid.default\">\n\t\t\t\t<div class=\"elementor-widget-container\">\n\t\t\t<div class=\"jet-listing-grid jet-listing\"><div class=\"jet-listing-grid__items grid-col-desk-3 grid-col-tablet-2 grid-col-mobile-1 jet-listing-grid--290075 jet-equal-columns__wrapper\" data-queried-id=\"546703|WP_Post\" data-nav=\"{&quot;enabled&quot;:true,&quot;type&quot;:&quot;click&quot;,&quot;more_el&quot;:&quot;#load_more_blog_BG&quot;,&quot;query&quot;:{&quot;post_status&quot;:[&quot;publish&quot;],&quot;post_type&quot;:&quot;post&quot;,&quot;posts_per_page&quot;:&quot;9&quot;,&quot;paged&quot;:&quot;1&quot;,&quot;ignore_sticky_posts&quot;:&quot;1&quot;,&quot;tax_query&quot;:[{&quot;taxonomy&quot;:&quot;category&quot;,&quot;field&quot;:&quot;name&quot;,&quot;terms&quot;:[&quot;posts&quot;],&quot;operator&quot;:&quot;IN&quot;}],&quot;suppress_filters&quot;:false,&quot;jet_smart_filters&quot;:&quot;jet-engine\\\/default&quot;},&quot;widget_settings&quot;:{&quot;lisitng_id&quot;:290075,&quot;posts_num&quot;:9,&quot;columns&quot;:3,&quot;columns_tablet&quot;:2,&quot;columns_mobile&quot;:1,&quot;is_archive_template&quot;:&quot;&quot;,&quot;post_status&quot;:[&quot;publish&quot;],&quot;use_random_posts_num&quot;:&quot;&quot;,&quot;max_posts_num&quot;:9,&quot;not_found_message&quot;:&quot;No data was found&quot;,&quot;is_masonry&quot;:false,&quot;equal_columns_height&quot;:&quot;yes&quot;,&quot;use_load_more&quot;:&quot;yes&quot;,&quot;load_more_id&quot;:&quot;load_more_blog_BG&quot;,&quot;load_more_type&quot;:&quot;click&quot;,&quot;load_more_offset&quot;:{&quot;unit&quot;:&quot;px&quot;,&quot;size&quot;:0,&quot;sizes&quot;:[]},&quot;use_custom_post_types&quot;:&quot;&quot;,&quot;custom_post_types&quot;:[],&quot;hide_widget_if&quot;:&quot;empty_query&quot;,&quot;carousel_enabled&quot;:&quot;&quot;,&quot;slides_to_scroll&quot;:&quot;1&quot;,&quot;arrows&quot;:&quot;true&quot;,&quot;arrow_icon&quot;:&quot;fa fa-angle-left&quot;,&quot;dots&quot;:&quot;&quot;,&quot;autoplay&quot;:&quot;true&quot;,&quot;pause_on_hover&quot;:&quot;true&quot;,&quot;autoplay_speed&quot;:5000,&quot;infinite&quot;:&quot;true&quot;,&quot;center_mode&quot;:&quot;&quot;,&quot;effect&quot;:&quot;slide&quot;,&quot;speed&quot;:500,&quot;inject_alternative_items&quot;:&quot;&quot;,&quot;injection_items&quot;:[],&quot;scroll_slider_enabled&quot;:&quot;&quot;,&quot;scroll_slider_on&quot;:[&quot;desktop&quot;,&quot;tablet&quot;,&quot;mobile&quot;],&quot;custom_query&quot;:false,&quot;custom_query_id&quot;:&quot;&quot;,&quot;_element_id&quot;:&quot;&quot;}}\" data-page=\"1\" data-pages=\"1\" data-listing-source=\"posts\" data-listing-id=\"290075\" data-query-id=\"\"><div class=\"jet-listing-grid__item jet-listing-dynamic-post-546647 jet-equal-columns\" data-post-id=\"546647\" ><div class=\"jet-engine-listing-overlay-wrap\" data-url=\"https:\/\/fgmdentalgroup.com\/de\/blog\/posts\/whiteness-perfect-vier-jahre-in-folge-von-dental-advisor-in-den-usa-als-bestes-home-bleaching-produkt-ausgezeichnet\/\">\t\t<div data-elementor-type=\"jet-listing-items\" data-elementor-id=\"290075\" class=\"elementor elementor-290075\" data-elementor-post-type=\"jet-engine\">\n\t\t\t\t<a class=\"elementor-element elementor-element-bacac15 e-flex e-con-boxed e-con e-parent\" data-id=\"bacac15\" data-element_type=\"container\" data-settings=\"{&quot;jet_parallax_layout_list&quot;:[]}\" href=\"https:\/\/fgmdentalgroup.com\/de\/blog\/posts\/whiteness-perfect-vier-jahre-in-folge-von-dental-advisor-in-den-usa-als-bestes-home-bleaching-produkt-ausgezeichnet\/\">\n\t\t\t\t\t<div class=\"e-con-inner\">\n\t\t\t\t<div class=\"elementor-element elementor-element-d7aca6a elementor-widget__width-initial elementor-widget elementor-widget-image\" data-id=\"d7aca6a\" data-element_type=\"widget\" data-widget_type=\"image.default\">\n\t\t\t\t<div class=\"elementor-widget-container\">\n\t\t\t\t\t\t\t\t\t\t\t\t\t<img fetchpriority=\"high\" decoding=\"async\" width=\"768\" height=\"240\" src=\"https:\/\/fgmdentalgroup.com\/wp-content\/uploads\/2023\/01\/blog-perfect-selo-1.png\" class=\"attachment-medium_large size-medium_large wp-image-380501\" alt=\"\" srcset=\"https:\/\/fgmdentalgroup.com\/wp-content\/uploads\/2023\/01\/blog-perfect-selo-1.png 1920w, https:\/\/fgmdentalgroup.com\/wp-content\/uploads\/2023\/01\/blog-perfect-selo-1-300x94.png 300w\" sizes=\"(max-width: 768px) 100vw, 768px\" title=\"\">\t\t\t\t\t\t\t\t\t\t\t\t\t<\/div>\n\t\t\t\t<\/div>\n\t\t<div class=\"elementor-element elementor-element-9c08d00 e-flex e-con-boxed e-con e-child\" data-id=\"9c08d00\" data-element_type=\"container\" data-settings=\"{&quot;jet_parallax_layout_list&quot;:[]}\">\n\t\t\t\t\t<div class=\"e-con-inner\">\n\t\t\t\t<div class=\"elementor-element elementor-element-fdf4ea9 elementor-widget elementor-widget-jet-listing-dynamic-terms\" data-id=\"fdf4ea9\" data-element_type=\"widget\" data-widget_type=\"jet-listing-dynamic-terms.default\">\n\t\t\t\t<div class=\"elementor-widget-container\">\n\t\t\t<div class=\"jet-listing jet-listing-dynamic-terms\"><span class=\"jet-listing-dynamic-terms__link\">FGM News<\/span><\/div>\t\t<\/div>\n\t\t\t\t<\/div>\n\t\t\t\t<div class=\"elementor-element elementor-element-2bbd8fb elementor-widget elementor-widget-jet-listing-dynamic-terms\" data-id=\"2bbd8fb\" data-element_type=\"widget\" data-widget_type=\"jet-listing-dynamic-terms.default\">\n\t\t\t\t<div class=\"elementor-widget-container\">\n\t\t\t<div class=\"jet-listing jet-listing-dynamic-terms\"><span class=\"jet-listing-dynamic-terms__link\">zahnaufhellung<\/span><\/div>\t\t<\/div>\n\t\t\t\t<\/div>\n\t\t\t\t\t<\/div>\n\t\t\t\t<\/div>\n\t\t\t\t<div class=\"elementor-element elementor-element-5fbaa42 elementor-widget__width-inherit elementor-widget elementor-widget-jet-listing-dynamic-field\" data-id=\"5fbaa42\" data-element_type=\"widget\" data-widget_type=\"jet-listing-dynamic-field.default\">\n\t\t\t\t<div class=\"elementor-widget-container\">\n\t\t\t<div class=\"jet-listing jet-listing-dynamic-field display-inline\"><div class=\"jet-listing-dynamic-field__inline-wrap\"><h4 class=\"jet-listing-dynamic-field__content\">Whiteness Perfect: Vier Jahre in Folge von Dental Advisor in den USA als bestes Home-Bl...<\/h4><\/div><\/div>\t\t<\/div>\n\t\t\t\t<\/div>\n\t\t\t\t<div class=\"elementor-element elementor-element-c878513 elementor-widget elementor-widget-text-editor\" data-id=\"c878513\" data-element_type=\"widget\" data-widget_type=\"text-editor.default\">\n\t\t\t\t<div class=\"elementor-widget-container\">\n\t\t\t\t\t\t\t27\/01\/2023\t\t\t\t\t\t<\/div>\n\t\t\t\t<\/div>\n\t\t\t\t\t<\/div>\n\t\t\t\t<\/a>\n\t\t\t\t<\/div>\n\t\t<a href=\"https:\/\/fgmdentalgroup.com\/de\/blog\/posts\/whiteness-perfect-vier-jahre-in-folge-von-dental-advisor-in-den-usa-als-bestes-home-bleaching-produkt-ausgezeichnet\/\" class=\"jet-engine-listing-overlay-link\"><\/a><\/div><\/div><div class=\"jet-listing-grid__item jet-listing-dynamic-post-542563 jet-equal-columns\" data-post-id=\"542563\" ><div class=\"jet-engine-listing-overlay-wrap\" data-url=\"https:\/\/fgmdentalgroup.com\/de\/blog\/posts\/wie-waehle-ich-das-richtige-bleaching-produkt-fuer-meinen-patienten-aus\/\">\t\t<div data-elementor-type=\"jet-listing-items\" data-elementor-id=\"290075\" class=\"elementor elementor-290075\" data-elementor-post-type=\"jet-engine\">\n\t\t\t\t<a class=\"elementor-element elementor-element-bacac15 e-flex e-con-boxed e-con e-parent\" data-id=\"bacac15\" data-element_type=\"container\" data-settings=\"{&quot;jet_parallax_layout_list&quot;:[]}\" href=\"https:\/\/fgmdentalgroup.com\/de\/blog\/posts\/wie-waehle-ich-das-richtige-bleaching-produkt-fuer-meinen-patienten-aus\/\">\n\t\t\t\t\t<div class=\"e-con-inner\">\n\t\t\t\t<div class=\"elementor-element elementor-element-d7aca6a elementor-widget__width-initial elementor-widget elementor-widget-image\" data-id=\"d7aca6a\" data-element_type=\"widget\" data-widget_type=\"image.default\">\n\t\t\t\t<div class=\"elementor-widget-container\">\n\t\t\t\t\t\t\t\t\t\t\t\t\t<img decoding=\"async\" width=\"768\" height=\"276\" src=\"https:\/\/fgmdentalgroup.com\/wp-content\/uploads\/2022\/07\/f0h1i3dfts8-768x276.jpg\" class=\"attachment-medium_large size-medium_large wp-image-303019\" alt=\"\" srcset=\"https:\/\/fgmdentalgroup.com\/wp-content\/uploads\/2022\/07\/f0h1i3dfts8-768x276.jpg 768w, https:\/\/fgmdentalgroup.com\/wp-content\/uploads\/2022\/07\/f0h1i3dfts8-300x108.jpg 300w, https:\/\/fgmdentalgroup.com\/wp-content\/uploads\/2022\/07\/f0h1i3dfts8-1024x367.jpg 1024w, https:\/\/fgmdentalgroup.com\/wp-content\/uploads\/2022\/07\/f0h1i3dfts8-1536x551.jpg 1536w, https:\/\/fgmdentalgroup.com\/wp-content\/uploads\/2022\/07\/f0h1i3dfts8.jpg 1920w\" sizes=\"(max-width: 768px) 100vw, 768px\" title=\"\">\t\t\t\t\t\t\t\t\t\t\t\t\t<\/div>\n\t\t\t\t<\/div>\n\t\t<div class=\"elementor-element elementor-element-9c08d00 e-flex e-con-boxed e-con e-child\" data-id=\"9c08d00\" data-element_type=\"container\" data-settings=\"{&quot;jet_parallax_layout_list&quot;:[]}\">\n\t\t\t\t\t<div class=\"e-con-inner\">\n\t\t\t\t<div class=\"elementor-element elementor-element-fdf4ea9 elementor-widget elementor-widget-jet-listing-dynamic-terms\" data-id=\"fdf4ea9\" data-element_type=\"widget\" data-widget_type=\"jet-listing-dynamic-terms.default\">\n\t\t\t\t<div class=\"elementor-widget-container\">\n\t\t\t<div class=\"jet-listing jet-listing-dynamic-terms\"><span class=\"jet-listing-dynamic-terms__link\">FGM News<\/span><\/div>\t\t<\/div>\n\t\t\t\t<\/div>\n\t\t\t\t<div class=\"elementor-element elementor-element-2bbd8fb elementor-widget elementor-widget-jet-listing-dynamic-terms\" data-id=\"2bbd8fb\" data-element_type=\"widget\" data-widget_type=\"jet-listing-dynamic-terms.default\">\n\t\t\t\t<div class=\"elementor-widget-container\">\n\t\t\t<div class=\"jet-listing jet-listing-dynamic-terms\"><span class=\"jet-listing-dynamic-terms__link\">zahnaufhellung<\/span><\/div>\t\t<\/div>\n\t\t\t\t<\/div>\n\t\t\t\t\t<\/div>\n\t\t\t\t<\/div>\n\t\t\t\t<div class=\"elementor-element elementor-element-5fbaa42 elementor-widget__width-inherit elementor-widget elementor-widget-jet-listing-dynamic-field\" data-id=\"5fbaa42\" data-element_type=\"widget\" data-widget_type=\"jet-listing-dynamic-field.default\">\n\t\t\t\t<div class=\"elementor-widget-container\">\n\t\t\t<div class=\"jet-listing jet-listing-dynamic-field display-inline\"><div class=\"jet-listing-dynamic-field__inline-wrap\"><h4 class=\"jet-listing-dynamic-field__content\">Wie w\u00e4hle ich das richtige Bleaching-Produkt f\u00fcr meinen Patienten aus?<\/h4><\/div><\/div>\t\t<\/div>\n\t\t\t\t<\/div>\n\t\t\t\t<div class=\"elementor-element elementor-element-c878513 elementor-widget elementor-widget-text-editor\" data-id=\"c878513\" data-element_type=\"widget\" data-widget_type=\"text-editor.default\">\n\t\t\t\t<div class=\"elementor-widget-container\">\n\t\t\t\t\t\t\t03\/12\/2021\t\t\t\t\t\t<\/div>\n\t\t\t\t<\/div>\n\t\t\t\t\t<\/div>\n\t\t\t\t<\/a>\n\t\t\t\t<\/div>\n\t\t<a href=\"https:\/\/fgmdentalgroup.com\/de\/blog\/posts\/wie-waehle-ich-das-richtige-bleaching-produkt-fuer-meinen-patienten-aus\/\" class=\"jet-engine-listing-overlay-link\"><\/a><\/div><\/div><\/div><div class=\"jet-listing-grid__loader\"><div class=\"jet-listing-grid__loader-spinner\"><\/div><div class=\"jet-listing-grid__loader-text\">Carregando mais posts...<\/div><\/div><\/div>\t\t<\/div>\n\t\t\t\t<\/div>\n\t\t\t\t<div class=\"elementor-element elementor-element-aabf206 elementor-widget elementor-widget-button\" data-id=\"aabf206\" data-element_type=\"widget\" data-widget_type=\"button.default\">\n\t\t\t\t<div class=\"elementor-widget-container\">\n\t\t\t\t\t\t\t\t<a class=\"elementor-button elementor-button-link elementor-size-sm\" href=\"#\" id=\"load_more_blog_BG\">\n\t\t\t\t\t\t<span class=\"elementor-button-content-wrapper\">\n\t\t\t\t\t\t\t\t\t<span class=\"elementor-button-text\">Mehr Beitr\u00e4ge anzeigen<\/span>\n\t\t\t\t\t<\/span>\n\t\t\t\t\t<\/a>\n\t\t\t\t\t\t<\/div>\n\t\t\t\t<\/div>\n\t\t\t\t\t<\/div>\n\t\t\t\t<\/div>\n\t\t\t\t<\/div>\n\t\t","protected":false},"excerpt":{"rendered":"<p>Blog Casos Cl\u00ednicos Biomateriais Aumento horizontal de rebordo utilizando enxerto em bloco \u00f3sseo sint\u00e9tico FGM News Implantes Inova\u00e7\u00e3o e Versatilidade: Arcsys vs Sistemas convencionais de implantes FGM News Est\u00e9tica Sistemas de resinas compostas, suas diferentes propostas e aplicabilidades cl\u00ednicas \u200b Casos Cl\u00ednicos Est\u00e9tica Reabilita\u00e7\u00e3o com pinos de fibra de vidro de dente fragilizado FGM News [&hellip;]<\/p>\n","protected":false},"author":15,"featured_media":0,"parent":0,"menu_order":55,"comment_status":"closed","ping_status":"closed","template":"","meta":{"footnotes":""},"class_list":["post-546703","page","type-page","status-publish","hentry"],"_links":{"self":[{"href":"https:\/\/fgmdentalgroup.com\/de\/wp-json\/wp\/v2\/pages\/546703"}],"collection":[{"href":"https:\/\/fgmdentalgroup.com\/de\/wp-json\/wp\/v2\/pages"}],"about":[{"href":"https:\/\/fgmdentalgroup.com\/de\/wp-json\/wp\/v2\/types\/page"}],"author":[{"embeddable":true,"href":"https:\/\/fgmdentalgroup.com\/de\/wp-json\/wp\/v2\/users\/15"}],"replies":[{"embeddable":true,"href":"https:\/\/fgmdentalgroup.com\/de\/wp-json\/wp\/v2\/comments?post=546703"}],"version-history":[{"count":1,"href":"https:\/\/fgmdentalgroup.com\/de\/wp-json\/wp\/v2\/pages\/546703\/revisions"}],"predecessor-version":[{"id":546704,"href":"https:\/\/fgmdentalgroup.com\/de\/wp-json\/wp\/v2\/pages\/546703\/revisions\/546704"}],"wp:attachment":[{"href":"https:\/\/fgmdentalgroup.com\/de\/wp-json\/wp\/v2\/media?parent=546703"}],"curies":[{"name":"wp","href":"https:\/\/api.w.org\/{rel}","templated":true}]}}