{"id":361135,"date":"2022-11-14T11:28:28","date_gmt":"2022-11-14T14:28:28","guid":{"rendered":"https:\/\/fgmdentalgroup.com\/politica-de-privacidade\/"},"modified":"2025-02-11T17:10:50","modified_gmt":"2025-02-11T20:10:50","slug":"datenschutzrichtlinie","status":"publish","type":"page","link":"https:\/\/fgmdentalgroup.com\/de\/datenschutzrichtlinie\/","title":{"rendered":"Datenschutzrichtlinie"},"content":{"rendered":"\t\t<div data-elementor-type=\"wp-page\" data-elementor-id=\"361135\" class=\"elementor elementor-361135 elementor-293566\" data-elementor-post-type=\"page\">\n\t\t\t\t<div class=\"elementor-element elementor-element-541b50e e-flex e-con-boxed e-con e-parent\" data-id=\"541b50e\" data-element_type=\"container\" data-settings=\"{&quot;jet_parallax_layout_list&quot;:[]}\">\n\t\t\t\t\t<div class=\"e-con-inner\">\n\t\t<div class=\"elementor-element elementor-element-cf54fcc e-flex e-con-boxed e-con e-child\" data-id=\"cf54fcc\" data-element_type=\"container\" data-settings=\"{&quot;background_background&quot;:&quot;gradient&quot;,&quot;jet_parallax_layout_list&quot;:[]}\">\n\t\t\t\t\t<div class=\"e-con-inner\">\n\t\t\t\t<div class=\"elementor-element elementor-element-8baa942 elementor-widget elementor-widget-heading\" data-id=\"8baa942\" data-element_type=\"widget\" data-widget_type=\"heading.default\">\n\t\t\t\t<div class=\"elementor-widget-container\">\n\t\t\t<h1 class=\"elementor-heading-title elementor-size-default\">Datenschutzrichtlinie<\/h1>\t\t<\/div>\n\t\t\t\t<\/div>\n\t\t\t\t\t<\/div>\n\t\t\t\t<\/div>\n\t\t\t\t\t<\/div>\n\t\t\t\t<\/div>\n\t\t<div class=\"elementor-element elementor-element-a69db8c e-flex e-con-boxed e-con e-parent\" data-id=\"a69db8c\" data-element_type=\"container\" data-settings=\"{&quot;jet_parallax_layout_list&quot;:[]}\">\n\t\t\t\t\t<div class=\"e-con-inner\">\n\t\t\t\t<div class=\"elementor-element elementor-element-b560625 elementor-widget elementor-widget-text-editor\" data-id=\"b560625\" data-element_type=\"widget\" data-widget_type=\"text-editor.default\">\n\t\t\t\t<div class=\"elementor-widget-container\">\n\t\t\t\t\t\t\t<h2 data-start=\"128\" data-end=\"141\">1. Zweck<\/h2>\n<p data-start=\"143\" data-end=\"502\">Die Datenschutzrichtlinie der FGM Dental Group (\u201eRichtlinie\u201c) wurde erstellt, um unser Engagement f\u00fcr den Schutz der Privatsph\u00e4re und der Sicherheit der personenbezogenen Daten der Nutzer (\u201eNutzer\u201c) zu demonstrieren und um zu erl\u00e4utern, wie wir ihre personenbezogenen Daten verarbeiten. Diese Richtlinie gilt f\u00fcr die offizielle Website der FGM Dental Group.<\/p>\n<p data-start=\"504\" data-end=\"676\">Bitte lesen Sie diese Richtlinie sorgf\u00e4ltig durch. Falls Sie Fragen haben, k\u00f6nnen Sie uns jederzeit \u00fcber die am Ende dieses Dokuments angegebenen Kontaktkan\u00e4le erreichen.<\/p>\n<h2 data-start=\"678\" data-end=\"701\">2. Geltungsbereich<\/h2>\n<p data-start=\"703\" data-end=\"774\">Dieses Dokument gilt f\u00fcr die offizielle Website der FGM Dental Group.<\/p>\n<h2 data-start=\"776\" data-end=\"794\">3. Referenzen<\/h2>\n<ul data-start=\"796\" data-end=\"873\">\n<li data-start=\"796\" data-end=\"873\">Gesetz Nr. 13.709\/2018 \u2013 Allgemeines Datenschutzgesetz Brasiliens (LGPD).<\/li>\n<\/ul>\n<h2 data-start=\"875\" data-end=\"895\">4. Definitionen<\/h2>\n<ul data-start=\"897\" data-end=\"3484\">\n<li data-start=\"897\" data-end=\"996\"><strong data-start=\"899\" data-end=\"923\">Datenverantwortliche<\/strong>: Der Verantwortliche f\u00fcr die Verarbeitung und der Auftragsverarbeiter.<\/li>\n<li data-start=\"997\" data-end=\"1193\"><strong data-start=\"999\" data-end=\"1040\">Verantwortlicher f\u00fcr die Verarbeitung<\/strong>: Eine nat\u00fcrliche oder juristische Person, privat oder \u00f6ffentlich, die \u00fcber die Zwecke und Mittel der Verarbeitung personenbezogener Daten entscheidet.<\/li>\n<li data-start=\"1194\" data-end=\"1431\"><strong data-start=\"1196\" data-end=\"1207\">Cookies<\/strong>: Kleine Dateien, die von den Websites der FGM Dental Group gesendet und auf den Ger\u00e4ten des Nutzers gespeichert werden. Sie speichern Pr\u00e4ferenzen und andere Informationen, um die Navigation an das Nutzerprofil anzupassen.<\/li>\n<li data-start=\"1432\" data-end=\"1660\"><strong data-start=\"1434\" data-end=\"1460\">Personenbezogene Daten<\/strong>: Alle Informationen, die sich auf eine identifizierte oder identifizierbare nat\u00fcrliche Person beziehen. Beispiele: Name, Adresse, Steueridentifikationsnummer, E-Mail, Telefonnummer, IP-Adresse usw.<\/li>\n<li data-start=\"1661\" data-end=\"2137\"><strong data-start=\"1663\" data-end=\"1714\">Besonders sch\u00fctzenswerte personenbezogene Daten<\/strong>: Personenbezogene Daten, die Informationen \u00fcber die rassische oder ethnische Herkunft, religi\u00f6se \u00dcberzeugungen, politische Meinungen, Gewerkschaftszugeh\u00f6rigkeit oder Mitgliedschaft in einer religi\u00f6sen, philosophischen oder politischen Organisation enthalten. Dies umfasst auch Gesundheitsdaten, sexuelle Orientierung sowie genetische oder biometrische Daten, sofern sie mit einer nat\u00fcrlichen Person in Verbindung stehen.<\/li>\n<li data-start=\"2138\" data-end=\"2312\"><strong data-start=\"2140\" data-end=\"2173\">Datenschutzbeauftragter (DPO)<\/strong>: Die f\u00fcr die Kommunikation zwischen der FGM Dental Group, den Nutzern und der brasilianischen Datenschutzbeh\u00f6rde (ANPD) benannte Person.<\/li>\n<li data-start=\"2313\" data-end=\"2471\"><strong data-start=\"2315\" data-end=\"2342\">Anwendbare Gesetzgebung<\/strong>: Alle Gesetze, die den Schutz der Privatsph\u00e4re und personenbezogener Daten regeln, insbesondere Gesetz Nr. 13.709\/2018 (LGPD).<\/li>\n<li data-start=\"2472\" data-end=\"2548\"><strong data-start=\"2474\" data-end=\"2493\">Unsere Umgebung<\/strong>: Die offizielle Website <a href=\"https:\/\/fgmdentalgroup.com\/de\/\" target=\"_new\" rel=\"noopener\" data-start=\"2518\" data-end=\"2545\">https:\/\/fgmdentalgroup.com\/<\/a>.<\/li>\n<li data-start=\"2549\" data-end=\"2690\"><strong data-start=\"2551\" data-end=\"2574\">Auftragsverarbeiter<\/strong>: Eine nat\u00fcrliche oder juristische Person, die personenbezogene Daten im Auftrag des Verantwortlichen verarbeitet.<\/li>\n<li data-start=\"2691\" data-end=\"2847\"><strong data-start=\"2693\" data-end=\"2723\">Betroffene Person \/ Nutzer<\/strong>: Die nat\u00fcrliche Person, auf die sich die personenbezogenen Daten beziehen, wenn sie mit der FGM Dental Group interagiert.<\/li>\n<li data-start=\"2848\" data-end=\"3046\"><strong data-start=\"2850\" data-end=\"2866\">Verarbeitung<\/strong>: Jede Operation, die mit personenbezogenen Daten durchgef\u00fchrt wird, wie Erhebung, Speicherung, Nutzung, \u00dcbermittlung, Zugriff, Reproduktion, Verbreitung, \u00c4nderung oder L\u00f6schung.<\/li>\n<li data-start=\"3047\" data-end=\"3217\"><strong data-start=\"3049\" data-end=\"3084\">Internationale Daten\u00fcbertragung<\/strong>: Die \u00dcbermittlung personenbezogener Daten an ein anderes Land oder eine internationale Organisation, deren Mitglied der Staat ist.<\/li>\n<li data-start=\"3218\" data-end=\"3484\"><strong data-start=\"3220\" data-end=\"3239\">Datenweitergabe<\/strong>: Die Kommunikation, Verbreitung, internationale \u00dcbertragung, Verkn\u00fcpfung oder gemeinsame Verarbeitung von personenbezogenen Datenbanken zwischen \u00f6ffentlichen Beh\u00f6rden oder zwischen diesen und privaten Einrichtungen mit spezieller Genehmigung.<\/li>\n<\/ul>\n<h2 data-start=\"3486\" data-end=\"3514\">5. Verantwortlichkeiten<\/h2>\n<p data-start=\"3516\" data-end=\"3534\">Nicht anwendbar.<\/p>\n<h2 data-start=\"3536\" data-end=\"3588\">6. Erhebung und Nutzung personenbezogener Daten<\/h2>\n<p data-start=\"3590\" data-end=\"3915\">Die FGM Dental Group muss personenbezogene Daten erheben und verarbeiten, um die in unserer Umgebung verf\u00fcgbaren Dienste bereitzustellen und gesetzliche Vorschriften einzuhalten. Falls der Nutzer bestimmte personenbezogene Daten nicht bereitstellt, k\u00f6nnen einige Funktionen oder Dienste m\u00f6glicherweise nicht genutzt werden.<\/p>\n<p data-start=\"3917\" data-end=\"4039\">Wir k\u00f6nnen personenbezogene Daten direkt vom Nutzer \u00fcber Formulare oder durch Interaktion mit unserer Umgebung erfassen.<\/p>\n<h2 data-start=\"4041\" data-end=\"4103\">7. Aktualisierung und Richtigkeit personenbezogener Daten<\/h2>\n<p data-start=\"4105\" data-end=\"4457\">Der Nutzer ist allein f\u00fcr die Richtigkeit, Wahrheit und Aktualisierung der von ihm bereitgestellten personenbezogenen Daten verantwortlich. Wir sind nicht verpflichtet, personenbezogene Daten zu verarbeiten, wenn wir glauben, dass die Verarbeitung gegen geltendes Recht versto\u00dfen k\u00f6nnte oder wenn der Nutzer unsere Umgebung f\u00fcr illegale Zwecke nutzt.<\/p>\n<h2 data-start=\"4459\" data-end=\"4476\">8. Datenbank<\/h2>\n<p data-start=\"4478\" data-end=\"4733\">Die durch die Erhebung personenbezogener Daten erstellte Datenbank ist unser Eigentum und unterliegt unserer Kontrolle. Der Zugriff und die Weitergabe von Informationen erfolgen nur im Rahmen der in dieser Richtlinie festgelegten Bedingungen und Zwecke.<\/p>\n<h2 data-start=\"4735\" data-end=\"4760\">9. Soziale Netzwerke<\/h2>\n<p data-start=\"4762\" data-end=\"5081\">Die FGM Dental Group betreibt Seiten auf sozialen Netzwerken wie Facebook, Instagram, LinkedIn, WhatsApp und YouTube, um das Unternehmen, seine Produkte und die Interaktion mit Nutzern zu f\u00f6rdern. Diese Plattformen haben ihre eigenen Datenschutzrichtlinien, die der Nutzer auf den jeweiligen Websites einsehen sollte.<\/p>\n<p data-start=\"5083\" data-end=\"5208\">Die FGM Dental Group ist nicht f\u00fcr die Datenschutzrichtlinien Dritter oder f\u00fcr den Inhalt externer Websites verantwortlich.<\/p>\n<h2 data-start=\"5210\" data-end=\"5242\">10. Links zu Drittanbietern<\/h2>\n<p data-start=\"5244\" data-end=\"5476\">Unsere Umgebung kann den Nutzer auf Websites Dritter weiterleiten, beispielsweise f\u00fcr Bewerbungen oder den Zugriff auf soziale Medien. Diese Websites haben ihre eigenen Datenschutzrichtlinien, die der Nutzer separat pr\u00fcfen sollte.<\/p>\n<p data-start=\"5478\" data-end=\"5599\">Die FGM Dental Group ist nicht f\u00fcr die Datenschutzrichtlinien Dritter oder den Inhalt externer Websites verantwortlich.<\/p>\n<h2 data-start=\"5601\" data-end=\"5632\">11. Verwendung von Cookies<\/h2>\n<p data-start=\"5634\" data-end=\"5820\">Cookies sind kleine Textdateien, die von Ihrem Webbrowser auf Ihrem Ger\u00e4t gespeichert werden und Informationen \u00fcber Ihre Pr\u00e4ferenzen enthalten, wie Sprache, Standort und Sitzungsdauer.<\/p>\n<p data-start=\"5822\" data-end=\"5842\">Arten von Cookies:<\/p>\n<ul data-start=\"5844\" data-end=\"6347\">\n<li data-start=\"5844\" data-end=\"5964\"><strong data-start=\"5846\" data-end=\"5868\">Notwendige Cookies<\/strong>: Erm\u00f6glichen die grundlegende Navigation und den Zugriff auf gesch\u00fctzte Bereiche der Website.<\/li>\n<li data-start=\"5965\" data-end=\"6062\"><strong data-start=\"5967\" data-end=\"5990\">Analytische Cookies<\/strong>: Erfassen anonyme statistische Daten zur Analyse der Website-Nutzung.<\/li>\n<li data-start=\"6063\" data-end=\"6156\"><strong data-start=\"6065\" data-end=\"6088\">Funktionale Cookies<\/strong>: Speichern Benutzerpr\u00e4ferenzen und bieten zus\u00e4tzliche Funktionen.<\/li>\n<li data-start=\"6157\" data-end=\"6245\"><strong data-start=\"6159\" data-end=\"6176\">Werbe-Cookies<\/strong>: Personalisieren Werbung basierend auf den Interessen des Nutzers.<\/li>\n<li data-start=\"6246\" data-end=\"6347\"><strong data-start=\"6248\" data-end=\"6271\">Performance-Cookies<\/strong>: Erfassen Informationen \u00fcber die Interaktion des Nutzers mit der Website.<\/li>\n<\/ul>\n<h2 data-start=\"6349\" data-end=\"6393\">12. Speicherung personenbezogener Daten<\/h2>\n<ul data-start=\"6395\" data-end=\"6819\">\n<li data-start=\"6395\" data-end=\"6588\"><strong data-start=\"6397\" data-end=\"6412\">Speicherort<\/strong>: Personenbezogene Daten werden in einer sicheren Umgebung auf Servern in Brasilien oder in Cloud-Diensten gespeichert, was internationale Daten\u00fcbertragungen beinhalten kann.<\/li>\n<li data-start=\"6589\" data-end=\"6671\"><strong data-start=\"6591\" data-end=\"6608\">Speicherfrist<\/strong>: Daten werden nur so lange aufbewahrt, wie es notwendig ist.<\/li>\n<li data-start=\"6672\" data-end=\"6819\"><strong data-start=\"6674\" data-end=\"6696\">L\u00f6schung der Daten<\/strong>: Nach Ablauf der Speicherfrist werden personenbezogene Daten sicher gel\u00f6scht oder zu statistischen Zwecken anonymisiert.<\/li>\n<\/ul>\n<h2 data-start=\"6821\" data-end=\"6837\">13. Kontakt<\/h2>\n<ul data-start=\"6839\" data-end=\"7026\">\n<li data-start=\"6839\" data-end=\"6912\"><strong data-start=\"6841\" data-end=\"6874\">Datenschutzbeauftragter (DPO)<\/strong>: Wentz Vieira Advocacia Empresarial<\/li>\n<li data-start=\"6913\" data-end=\"6951\"><strong data-start=\"6915\" data-end=\"6925\">E-Mail<\/strong>: <a rel=\"noopener\" data-start=\"6927\" data-end=\"6949\">dpo@fgmdentalgroup.com<\/a><\/li>\n<li data-start=\"6952\" data-end=\"7026\"><strong data-start=\"6954\" data-end=\"6965\">Adresse<\/strong>: Av. Edgar Nelson Meister, 474 \u2013 Joinville \u2013 SC, Brasilien<\/li>\n<\/ul>\n<p data-start=\"7028\" data-end=\"7070\"><em data-start=\"7028\" data-end=\"7068\">Letzte Aktualisierung: 14. April 2023.<\/em><\/p>\n\t\t\t\t\t\t<\/div>\n\t\t\t\t<\/div>\n\t\t\t\t\t<\/div>\n\t\t\t\t<\/div>\n\t\t\t\t<\/div>\n\t\t","protected":false},"excerpt":{"rendered":"<p>Datenschutzrichtlinie 1. Zweck Die Datenschutzrichtlinie der FGM Dental Group (\u201eRichtlinie\u201c) wurde erstellt, um unser Engagement f\u00fcr den Schutz der Privatsph\u00e4re und der Sicherheit der personenbezogenen Daten der Nutzer (\u201eNutzer\u201c) zu demonstrieren und um zu erl\u00e4utern, wie wir ihre personenbezogenen Daten verarbeiten. Diese Richtlinie gilt f\u00fcr die offizielle Website der FGM Dental Group. Bitte lesen Sie [&hellip;]<\/p>\n","protected":false},"author":15,"featured_media":0,"parent":0,"menu_order":0,"comment_status":"closed","ping_status":"closed","template":"elementor_header_footer","meta":{"footnotes":""},"class_list":["post-361135","page","type-page","status-publish","hentry"],"_links":{"self":[{"href":"https:\/\/fgmdentalgroup.com\/de\/wp-json\/wp\/v2\/pages\/361135"}],"collection":[{"href":"https:\/\/fgmdentalgroup.com\/de\/wp-json\/wp\/v2\/pages"}],"about":[{"href":"https:\/\/fgmdentalgroup.com\/de\/wp-json\/wp\/v2\/types\/page"}],"author":[{"embeddable":true,"href":"https:\/\/fgmdentalgroup.com\/de\/wp-json\/wp\/v2\/users\/15"}],"replies":[{"embeddable":true,"href":"https:\/\/fgmdentalgroup.com\/de\/wp-json\/wp\/v2\/comments?post=361135"}],"version-history":[{"count":2,"href":"https:\/\/fgmdentalgroup.com\/de\/wp-json\/wp\/v2\/pages\/361135\/revisions"}],"predecessor-version":[{"id":542454,"href":"https:\/\/fgmdentalgroup.com\/de\/wp-json\/wp\/v2\/pages\/361135\/revisions\/542454"}],"wp:attachment":[{"href":"https:\/\/fgmdentalgroup.com\/de\/wp-json\/wp\/v2\/media?parent=361135"}],"curies":[{"name":"wp","href":"https:\/\/api.w.org\/{rel}","templated":true}]}}