{"id":352939,"date":"2022-10-24T01:32:03","date_gmt":"2022-10-24T04:32:03","guid":{"rendered":"https:\/\/fgmdentalgroup.com\/wer-wir-sind\/"},"modified":"2023-04-27T13:41:49","modified_gmt":"2023-04-27T16:41:49","slug":"wer-wir-sind","status":"publish","type":"page","link":"https:\/\/fgmdentalgroup.com\/de\/wer-wir-sind\/","title":{"rendered":"Wer Wir Sind"},"content":{"rendered":"\t\t<div data-elementor-type=\"wp-page\" data-elementor-id=\"352939\" class=\"elementor elementor-352939 elementor-13\" data-elementor-post-type=\"page\">\n\t\t\t\t<div class=\"elementor-element elementor-element-997ceb2 e-con-full e-flex e-con e-parent\" data-id=\"997ceb2\" data-element_type=\"container\" data-settings=\"{&quot;background_background&quot;:&quot;classic&quot;,&quot;jet_parallax_layout_list&quot;:[]}\">\n\t\t<div class=\"elementor-element elementor-element-a826079 e-flex e-con-boxed elementor-invisible e-con e-parent\" data-id=\"a826079\" data-element_type=\"container\" data-settings=\"{&quot;animation&quot;:&quot;fadeInUp&quot;,&quot;jet_parallax_layout_list&quot;:[]}\">\n\t\t\t\t\t<div class=\"e-con-inner\">\n\t\t\t\t<div class=\"elementor-element elementor-element-c36372a elementor-widget__width-initial elementor-widget elementor-widget-text-editor\" data-id=\"c36372a\" data-element_type=\"widget\" data-widget_type=\"text-editor.default\">\n\t\t\t\t<div class=\"elementor-widget-container\">\n\t\t\t\t\t\t\tDas Markenzeichen f\u00fcr Ihr L\u00e4cheln\t\t\t\t\t\t<\/div>\n\t\t\t\t<\/div>\n\t\t\t\t<div class=\"elementor-element elementor-element-968d51f elementor-widget__width-initial elementor-widget elementor-widget-heading\" data-id=\"968d51f\" data-element_type=\"widget\" data-widget_type=\"heading.default\">\n\t\t\t\t<div class=\"elementor-widget-container\">\n\t\t\t<h2 class=\"elementor-heading-title elementor-size-default\">FGM engagiert sich daf\u00fcr, dass Menschen auf der ganzen Welt \u00f6fter und vergn\u00fcgt l\u00e4cheln und ihre Freude unbeschwert ausdr\u00fccken k\u00f6nnen.<\/h2>\t\t<\/div>\n\t\t\t\t<\/div>\n\t\t\t\t<div class=\"elementor-element elementor-element-a94fcbf elementor-widget__width-initial elementor-widget elementor-widget-text-editor\" data-id=\"a94fcbf\" data-element_type=\"widget\" data-widget_type=\"text-editor.default\">\n\t\t\t\t<div class=\"elementor-widget-container\">\n\t\t\t\t\t\t\tDie Geschichte unseres Unternehmens begann 1996 mit der Entwicklung des ersten genuin brasilianischen Gels f\u00fcr die Zahnaufhellung, dem inzwischen weltweit namhaften \u201aWhiteness Perfect\u2018 Seither hat sich viel ver\u00e4ndert, das Wesentliche ist jedoch gleich geblieben: Wir sind das Markenzeichen f\u00fcr Ihr L\u00e4cheln.\t\t\t\t\t\t<\/div>\n\t\t\t\t<\/div>\n\t\t\t\t\t<\/div>\n\t\t\t\t<\/div>\n\t\t<div class=\"elementor-element elementor-element-c9ee9de e-con-full e-flex elementor-invisible e-con e-parent\" data-id=\"c9ee9de\" data-element_type=\"container\" data-settings=\"{&quot;animation&quot;:&quot;fadeInRight&quot;,&quot;jet_parallax_layout_list&quot;:[]}\">\n\t\t\t\t<div class=\"elementor-element elementor-element-55ddf26 elementor-widget elementor-widget-image\" data-id=\"55ddf26\" data-element_type=\"widget\" data-widget_type=\"image.default\">\n\t\t\t\t<div class=\"elementor-widget-container\">\n\t\t\t\t\t\t\t\t\t\t\t\t\t<img fetchpriority=\"high\" decoding=\"async\" width=\"1189\" height=\"1080\" src=\"https:\/\/fgmdentalgroup.com\/wp-content\/uploads\/2022\/11\/about-banner-2.jpg\" class=\"attachment-full size-full wp-image-322508\" alt=\"\" srcset=\"https:\/\/fgmdentalgroup.com\/wp-content\/uploads\/2022\/11\/about-banner-2.jpg 1189w, https:\/\/fgmdentalgroup.com\/wp-content\/uploads\/2022\/11\/about-banner-2-300x272.jpg 300w, https:\/\/fgmdentalgroup.com\/wp-content\/uploads\/2022\/11\/about-banner-2-1024x930.jpg 1024w, https:\/\/fgmdentalgroup.com\/wp-content\/uploads\/2022\/11\/about-banner-2-768x698.jpg 768w\" sizes=\"(max-width: 1189px) 100vw, 1189px\" title=\"\">\t\t\t\t\t\t\t\t\t\t\t\t\t<\/div>\n\t\t\t\t<\/div>\n\t\t\t\t<\/div>\n\t\t\t\t<\/div>\n\t\t<div class=\"elementor-element elementor-element-e82001c e-con-full e-flex e-con e-parent\" data-id=\"e82001c\" data-element_type=\"container\" data-settings=\"{&quot;background_background&quot;:&quot;gradient&quot;,&quot;jet_parallax_layout_list&quot;:[]}\">\n\t\t<div class=\"elementor-element elementor-element-cfdc7d2 e-flex e-con-boxed e-con e-parent\" data-id=\"cfdc7d2\" data-element_type=\"container\" data-settings=\"{&quot;jet_parallax_layout_list&quot;:[]}\">\n\t\t\t\t\t<div class=\"e-con-inner\">\n\t\t<div class=\"elementor-element elementor-element-9ebb95c e-con-full animated-slow e-flex elementor-invisible e-con e-parent\" data-id=\"9ebb95c\" data-element_type=\"container\" data-settings=\"{&quot;animation&quot;:&quot;fadeInUp&quot;,&quot;jet_parallax_layout_list&quot;:[]}\">\n\t\t\t\t<div class=\"elementor-element elementor-element-ea566b7 elementor-widget elementor-widget-heading\" data-id=\"ea566b7\" data-element_type=\"widget\" data-widget_type=\"heading.default\">\n\t\t\t\t<div class=\"elementor-widget-container\">\n\t\t\t<h2 class=\"elementor-heading-title elementor-size-default\">+400<\/h2>\t\t<\/div>\n\t\t\t\t<\/div>\n\t\t\t\t<div class=\"elementor-element elementor-element-5e84bdc elementor-widget elementor-widget-text-editor\" data-id=\"5e84bdc\" data-element_type=\"widget\" data-widget_type=\"text-editor.default\">\n\t\t\t\t<div class=\"elementor-widget-container\">\n\t\t\t\t\t\t\tPRODUKTE\n\t\t\t\t\t\t<\/div>\n\t\t\t\t<\/div>\n\t\t\t\t<div class=\"elementor-element elementor-element-4d17189 elementor-widget__width-initial elementor-widget elementor-widget-text-editor\" data-id=\"4d17189\" data-element_type=\"widget\" data-widget_type=\"text-editor.default\">\n\t\t\t\t<div class=\"elementor-widget-container\">\n\t\t\t\t\t\t\tDank unseres Teams von Fachleuten und Forschern kann FGM ein Gesamt-Portfolio anbieten.\t\t\t\t\t\t<\/div>\n\t\t\t\t<\/div>\n\t\t\t\t<\/div>\n\t\t<div class=\"elementor-element elementor-element-52abf68 e-con-full animated-slow e-flex elementor-invisible e-con e-parent\" data-id=\"52abf68\" data-element_type=\"container\" data-settings=\"{&quot;animation&quot;:&quot;fadeInUp&quot;,&quot;jet_parallax_layout_list&quot;:[]}\">\n\t\t\t\t<div class=\"elementor-element elementor-element-1c725c0 elementor-widget elementor-widget-heading\" data-id=\"1c725c0\" data-element_type=\"widget\" data-widget_type=\"heading.default\">\n\t\t\t\t<div class=\"elementor-widget-container\">\n\t\t\t<h2 class=\"elementor-heading-title elementor-size-default\">+100<\/h2>\t\t<\/div>\n\t\t\t\t<\/div>\n\t\t\t\t<div class=\"elementor-element elementor-element-53035a3 elementor-widget elementor-widget-text-editor\" data-id=\"53035a3\" data-element_type=\"widget\" data-widget_type=\"text-editor.default\">\n\t\t\t\t<div class=\"elementor-widget-container\">\n\t\t\t\t\t\t\tL\u00c4NDER\n\t\t\t\t\t\t<\/div>\n\t\t\t\t<\/div>\n\t\t\t\t<div class=\"elementor-element elementor-element-2add04c elementor-widget__width-initial elementor-widget elementor-widget-text-editor\" data-id=\"2add04c\" data-element_type=\"widget\" data-widget_type=\"text-editor.default\">\n\t\t\t\t<div class=\"elementor-widget-container\">\n\t\t\t\t\t\t\tFGM \u00fcberschreitet Grenzen. Das Unternehmen ist in mehr als 100 L\u00e4ndern vertreten und in einigen sogar Marktf\u00fchrer.\t\t\t\t\t\t<\/div>\n\t\t\t\t<\/div>\n\t\t\t\t<\/div>\n\t\t<div class=\"elementor-element elementor-element-d5fab55 e-con-full animated-slow e-flex elementor-invisible e-con e-parent\" data-id=\"d5fab55\" data-element_type=\"container\" data-settings=\"{&quot;animation&quot;:&quot;fadeInUp&quot;,&quot;jet_parallax_layout_list&quot;:[]}\">\n\t\t\t\t<div class=\"elementor-element elementor-element-0a6c67e elementor-widget elementor-widget-heading\" data-id=\"0a6c67e\" data-element_type=\"widget\" data-widget_type=\"heading.default\">\n\t\t\t\t<div class=\"elementor-widget-container\">\n\t\t\t<h2 class=\"elementor-heading-title elementor-size-default\">+50.000<\/h2>\t\t<\/div>\n\t\t\t\t<\/div>\n\t\t\t\t<div class=\"elementor-element elementor-element-36c7d1d elementor-widget elementor-widget-text-editor\" data-id=\"36c7d1d\" data-element_type=\"widget\" data-widget_type=\"text-editor.default\">\n\t\t\t\t<div class=\"elementor-widget-container\">\n\t\t\t\t\t\t\tFACHLEUTE\t\t\t\t\t\t<\/div>\n\t\t\t\t<\/div>\n\t\t\t\t<div class=\"elementor-element elementor-element-a0f30f3 elementor-widget__width-initial elementor-widget elementor-widget-text-editor\" data-id=\"a0f30f3\" data-element_type=\"widget\" data-widget_type=\"text-editor.default\">\n\t\t\t\t<div class=\"elementor-widget-container\">\n\t\t\t\t\t\t\tAustausch von Wissen und Erfahrungen in rund 2.000 j\u00e4hrlich von uns veranstalteten Kursen\t\t\t\t\t\t<\/div>\n\t\t\t\t<\/div>\n\t\t\t\t<\/div>\n\t\t\t\t\t<\/div>\n\t\t\t\t<\/div>\n\t\t<div class=\"elementor-element elementor-element-b63dc0b e-con-full e-flex e-con e-parent\" data-id=\"b63dc0b\" data-element_type=\"container\" data-settings=\"{&quot;jet_parallax_layout_list&quot;:[]}\">\n\t\t\t\t<div class=\"elementor-element elementor-element-7d9609d elementor-widget elementor-widget-image\" data-id=\"7d9609d\" data-element_type=\"widget\" data-widget_type=\"image.default\">\n\t\t\t\t<div class=\"elementor-widget-container\">\n\t\t\t\t\t\t\t\t\t\t\t\t\t<img decoding=\"async\" width=\"1919\" height=\"921\" src=\"https:\/\/fgmdentalgroup.com\/wp-content\/uploads\/2022\/12\/mapa-azul-en.png\" class=\"attachment-full size-full wp-image-359301\" alt=\"\" title=\"\">\t\t\t\t\t\t\t\t\t\t\t\t\t<\/div>\n\t\t\t\t<\/div>\n\t\t\t\t<div class=\"elementor-element elementor-element-8e5982a elementor-widget elementor-widget-video\" data-id=\"8e5982a\" data-element_type=\"widget\" data-settings=\"{&quot;video_type&quot;:&quot;hosted&quot;,&quot;autoplay&quot;:&quot;yes&quot;,&quot;play_on_mobile&quot;:&quot;yes&quot;,&quot;mute&quot;:&quot;yes&quot;,&quot;loop&quot;:&quot;yes&quot;}\" data-widget_type=\"video.default\">\n\t\t\t\t<div class=\"elementor-widget-container\">\n\t\t\t\t\t<div class=\"e-hosted-video elementor-wrapper elementor-open-inline\">\n\t\t\t\t\t<video class=\"elementor-video\" src=\"https:\/\/fgmdentalgroup.com\/wp-content\/uploads\/2022\/12\/mapa-paises-en.webm\" autoplay=\"\" loop=\"\" muted=\"muted\" playsinline=\"\" controlsList=\"nodownload\"><\/video>\n\t\t\t\t<\/div>\n\t\t\t\t<\/div>\n\t\t\t\t<\/div>\n\t\t\t\t<\/div>\n\t\t\t\t<\/div>\n\t\t<div class=\"elementor-element elementor-element-7637e3c e-flex e-con-boxed e-con e-parent\" data-id=\"7637e3c\" data-element_type=\"container\" data-settings=\"{&quot;background_background&quot;:&quot;classic&quot;,&quot;jet_parallax_layout_list&quot;:[]}\">\n\t\t\t\t\t<div class=\"e-con-inner\">\n\t\t<div class=\"elementor-element elementor-element-44bff0a e-con-full e-flex e-con e-parent\" data-id=\"44bff0a\" data-element_type=\"container\" data-settings=\"{&quot;jet_parallax_layout_list&quot;:[]}\">\n\t\t<div class=\"elementor-element elementor-element-3730b40 e-con-full e-flex elementor-invisible e-con e-parent\" data-id=\"3730b40\" data-element_type=\"container\" data-settings=\"{&quot;jet_parallax_layout_list&quot;:[],&quot;animation&quot;:&quot;fadeInUp&quot;}\">\n\t\t<div class=\"elementor-element elementor-element-8b6bb5f e-con-full e-flex e-con e-parent\" data-id=\"8b6bb5f\" data-element_type=\"container\" data-settings=\"{&quot;jet_parallax_layout_list&quot;:[]}\">\n\t\t\t\t<div class=\"elementor-element elementor-element-f66ea29 elementor-widget elementor-widget-heading\" data-id=\"f66ea29\" data-element_type=\"widget\" data-widget_type=\"heading.default\">\n\t\t\t\t<div class=\"elementor-widget-container\">\n\t\t\t<h3 class=\"elementor-heading-title elementor-size-default\">Mission<\/h3>\t\t<\/div>\n\t\t\t\t<\/div>\n\t\t\t\t<div class=\"elementor-element elementor-element-17a1bed elementor-widget__width-initial elementor-widget elementor-widget-text-editor\" data-id=\"17a1bed\" data-element_type=\"widget\" data-widget_type=\"text-editor.default\">\n\t\t\t\t<div class=\"elementor-widget-container\">\n\t\t\t\t\t\t\tSichere und innovative L\u00f6sungen f\u00fcr Zahn\u00e4rzte zur F\u00f6rderung von Mundgesundheit und \u00c4sthetik bei ihren Patienten\t\t\t\t\t\t<\/div>\n\t\t\t\t<\/div>\n\t\t\t\t<div class=\"elementor-element elementor-element-aa54b77 elementor-widget elementor-widget-heading\" data-id=\"aa54b77\" data-element_type=\"widget\" data-widget_type=\"heading.default\">\n\t\t\t\t<div class=\"elementor-widget-container\">\n\t\t\t<h3 class=\"elementor-heading-title elementor-size-default\">Vision<\/h3>\t\t<\/div>\n\t\t\t\t<\/div>\n\t\t\t\t<div class=\"elementor-element elementor-element-e0895e9 elementor-widget__width-initial elementor-widget elementor-widget-text-editor\" data-id=\"e0895e9\" data-element_type=\"widget\" data-widget_type=\"text-editor.default\">\n\t\t\t\t<div class=\"elementor-widget-container\">\n\t\t\t\t\t\t\tUnter den weltweit bedeutendsten Marken f\u00fcr hervorragende L\u00f6sungen f\u00fcr die Zahnmedizin zu sein\t\t\t\t\t\t<\/div>\n\t\t\t\t<\/div>\n\t\t\t\t<\/div>\n\t\t<div class=\"elementor-element elementor-element-a09db7d e-con-full e-flex e-con e-parent\" data-id=\"a09db7d\" data-element_type=\"container\" data-settings=\"{&quot;jet_parallax_layout_list&quot;:[]}\">\n\t\t\t\t<div class=\"elementor-element elementor-element-c375390 elementor-widget elementor-widget-heading\" data-id=\"c375390\" data-element_type=\"widget\" data-widget_type=\"heading.default\">\n\t\t\t\t<div class=\"elementor-widget-container\">\n\t\t\t<h3 class=\"elementor-heading-title elementor-size-default\">Werte<\/h3>\t\t<\/div>\n\t\t\t\t<\/div>\n\t\t\t\t<div class=\"elementor-element elementor-element-2190d68 elementor-widget__width-initial elementor-widget elementor-widget-text-editor\" data-id=\"2190d68\" data-element_type=\"widget\" data-widget_type=\"text-editor.default\">\n\t\t\t\t<div class=\"elementor-widget-container\">\n\t\t\t\t\t\t\t<b>Innovation:<\/b> \u00dcber die Grenzen hinausgehen;\t\t\t\t\t\t<\/div>\n\t\t\t\t<\/div>\n\t\t\t\t<div class=\"elementor-element elementor-element-1bb563f elementor-widget__width-initial elementor-widget elementor-widget-text-editor\" data-id=\"1bb563f\" data-element_type=\"widget\" data-widget_type=\"text-editor.default\">\n\t\t\t\t<div class=\"elementor-widget-container\">\n\t\t\t\t\t\t\t<b>Performance:<\/b> F\u00e4higkeit zum Erzielen herausragender Ergebnisse;\t\t\t\t\t\t<\/div>\n\t\t\t\t<\/div>\n\t\t\t\t<div class=\"elementor-element elementor-element-3537c81 elementor-widget__width-initial elementor-widget elementor-widget-text-editor\" data-id=\"3537c81\" data-element_type=\"widget\" data-widget_type=\"text-editor.default\">\n\t\t\t\t<div class=\"elementor-widget-container\">\n\t\t\t\t\t\t\t<b>Hingabe:<\/b> leidenschaftliche Menschen mit Entschlossenheit, um ein L\u00e4cheln zu ver\u00e4ndern, die sich t\u00e4glich f\u00fcr die besten Praktiken und Ergebnisse einsetzen und konstruktive Einstellungen verbreiten;\n\t\t\t\t\t\t<\/div>\n\t\t\t\t<\/div>\n\t\t\t\t<div class=\"elementor-element elementor-element-56c230f elementor-widget__width-initial elementor-widget elementor-widget-text-editor\" data-id=\"56c230f\" data-element_type=\"widget\" data-widget_type=\"text-editor.default\">\n\t\t\t\t<div class=\"elementor-widget-container\">\n\t\t\t\t\t\t\t<b>Wissenschaftliche Grundlagen:<\/b> Wissenschaftliche Studien zum Nachweis von Wirksamkeit und Sicherheit unserer Produkte;\t\t\t\t\t\t<\/div>\n\t\t\t\t<\/div>\n\t\t\t\t<div class=\"elementor-element elementor-element-c412234 elementor-widget__width-initial elementor-widget elementor-widget-text-editor\" data-id=\"c412234\" data-element_type=\"widget\" data-widget_type=\"text-editor.default\">\n\t\t\t\t<div class=\"elementor-widget-container\">\n\t\t\t\t\t\t\t<b>Agilit\u00e4t:<\/b> Eine Kultur der schnellen Reaktion auf Ver\u00e4nderungen;\t\t\t\t\t\t<\/div>\n\t\t\t\t<\/div>\n\t\t\t\t<\/div>\n\t\t\t\t<\/div>\n\t\t\t\t<\/div>\n\t\t\t\t\t<\/div>\n\t\t\t\t<\/div>\n\t\t<div class=\"elementor-element elementor-element-16ed010 e-flex e-con-boxed e-con e-parent\" data-id=\"16ed010\" data-element_type=\"container\" data-settings=\"{&quot;jet_parallax_layout_list&quot;:[]}\">\n\t\t\t\t\t<div class=\"e-con-inner\">\n\t\t<div class=\"elementor-element elementor-element-39cb55d e-con-full e-flex e-con e-parent\" data-id=\"39cb55d\" data-element_type=\"container\" data-settings=\"{&quot;jet_parallax_layout_list&quot;:[]}\">\n\t\t<div class=\"elementor-element elementor-element-3930fc2 e-con-full e-flex e-con e-parent\" data-id=\"3930fc2\" data-element_type=\"container\" data-settings=\"{&quot;jet_parallax_layout_list&quot;:[]}\">\n\t\t<div class=\"elementor-element elementor-element-ff3735f e-con-full e-flex elementor-invisible e-con e-parent\" data-id=\"ff3735f\" data-element_type=\"container\" data-settings=\"{&quot;animation&quot;:&quot;fadeInUp&quot;,&quot;jet_parallax_layout_list&quot;:[]}\">\n\t\t\t\t<div class=\"elementor-element elementor-element-9723d4a elementor-widget elementor-widget-text-editor\" data-id=\"9723d4a\" data-element_type=\"widget\" data-widget_type=\"text-editor.default\">\n\t\t\t\t<div class=\"elementor-widget-container\">\n\t\t\t\t\t\t\t<p>Qualit\u00e4tspolitik<\/p>\n\t\t\t\t\t\t<\/div>\n\t\t\t\t<\/div>\n\t\t\t\t<div class=\"elementor-element elementor-element-c8a8d14 elementor-widget elementor-widget-heading\" data-id=\"c8a8d14\" data-element_type=\"widget\" data-widget_type=\"heading.default\">\n\t\t\t\t<div class=\"elementor-widget-container\">\n\t\t\t<h3 class=\"elementor-heading-title elementor-size-default\">Arbeit auf der Suche nach globaler Wettbewerbsf\u00e4higkeit im Gesundheitsbereich, insbesondere im Bereich der Zahnheilkunde, um die Anerkennung der Marke durch Patienten und Fachleute zu gew\u00e4hrleisten.<\/h3>\t\t<\/div>\n\t\t\t\t<\/div>\n\t\t\t\t<div class=\"elementor-element elementor-element-ef55cf6 elementor-widget elementor-widget-text-editor\" data-id=\"ef55cf6\" data-element_type=\"widget\" data-widget_type=\"text-editor.default\">\n\t\t\t\t<div class=\"elementor-widget-container\">\n\t\t\t\t\t\t\t<li>Ermutigen Sie zur kontinuierlichen Verbesserung von Prozessen, um organisatorische Exzellenz zu f\u00f6rdern.<\/li>\n<li>Schaffen Sie auf nachhaltige Weise sichere und gesunde Arbeitsbedingungen und sch\u00fctzen Sie die Umwelt und die verf\u00fcgbaren nat\u00fcrlichen Ressourcen.<\/li>\n<li>Regulierungsanforderungen einhalten und die Wirksamkeit des Qualit\u00e4tsmanagementsystems aufrechterhalten.<\/li>\n<li>Gew\u00e4hrleistung der Markenbekanntheit bei Kunden und Fachleuten auf dem Zahnmedizinmarkt.<\/li>\n<\/ul>\t\t\t\t\t\t<\/div>\n\t\t\t\t<\/div>\n\t\t\t\t<div class=\"elementor-element elementor-element-f260f76 elementor-widget-divider--view-line elementor-widget elementor-widget-divider\" data-id=\"f260f76\" data-element_type=\"widget\" data-widget_type=\"divider.default\">\n\t\t\t\t<div class=\"elementor-widget-container\">\n\t\t\t\t\t<div class=\"elementor-divider\">\n\t\t\t<span class=\"elementor-divider-separator\">\n\t\t\t\t\t\t<\/span>\n\t\t<\/div>\n\t\t\t\t<\/div>\n\t\t\t\t<\/div>\n\t\t\t\t<div class=\"elementor-element elementor-element-de89da9 elementor-widget elementor-widget-text-editor\" data-id=\"de89da9\" data-element_type=\"widget\" data-widget_type=\"text-editor.default\">\n\t\t\t\t<div class=\"elementor-widget-container\">\n\t\t\t\t\t\t\t<p><strong>MQ20<\/strong><br \/><strong>Revision:<\/strong> 16<br \/><strong>Date:<\/strong> 22\/11\/2021<\/p>\n\t\t\t\t\t\t<\/div>\n\t\t\t\t<\/div>\n\t\t\t\t<\/div>\n\t\t<div class=\"elementor-element elementor-element-32f96c2 e-con-full e-flex elementor-invisible e-con e-parent\" data-id=\"32f96c2\" data-element_type=\"container\" data-settings=\"{&quot;animation&quot;:&quot;fadeInRight&quot;,&quot;jet_parallax_layout_list&quot;:[]}\">\n\t\t\t\t<div class=\"elementor-element elementor-element-a75f80f elementor-widget elementor-widget-image\" data-id=\"a75f80f\" data-element_type=\"widget\" data-widget_type=\"image.default\">\n\t\t\t\t<div class=\"elementor-widget-container\">\n\t\t\t\t\t\t\t\t\t\t\t\t\t<img decoding=\"async\" width=\"800\" height=\"737\" src=\"https:\/\/fgmdentalgroup.com\/wp-content\/uploads\/2022\/11\/policy-quality-bf39d5b107af795e0ab15d2e1fde2a28f8cde27d6e906e0c28411ef0fcef26a2-1024x943.jpg\" class=\"attachment-large size-large wp-image-322568\" alt=\"\" srcset=\"https:\/\/fgmdentalgroup.com\/wp-content\/uploads\/2022\/11\/policy-quality-bf39d5b107af795e0ab15d2e1fde2a28f8cde27d6e906e0c28411ef0fcef26a2-1024x943.jpg 1024w, https:\/\/fgmdentalgroup.com\/wp-content\/uploads\/2022\/11\/policy-quality-bf39d5b107af795e0ab15d2e1fde2a28f8cde27d6e906e0c28411ef0fcef26a2-300x276.jpg 300w, https:\/\/fgmdentalgroup.com\/wp-content\/uploads\/2022\/11\/policy-quality-bf39d5b107af795e0ab15d2e1fde2a28f8cde27d6e906e0c28411ef0fcef26a2-768x707.jpg 768w, https:\/\/fgmdentalgroup.com\/wp-content\/uploads\/2022\/11\/policy-quality-bf39d5b107af795e0ab15d2e1fde2a28f8cde27d6e906e0c28411ef0fcef26a2.jpg 1136w\" sizes=\"(max-width: 800px) 100vw, 800px\" title=\"\">\t\t\t\t\t\t\t\t\t\t\t\t\t<\/div>\n\t\t\t\t<\/div>\n\t\t\t\t<\/div>\n\t\t\t\t<\/div>\n\t\t\t\t<\/div>\n\t\t\t\t\t<\/div>\n\t\t\t\t<\/div>\n\t\t\t\t<\/div>\n\t\t","protected":false},"excerpt":{"rendered":"<p>Das Markenzeichen f\u00fcr Ihr L\u00e4cheln FGM engagiert sich daf\u00fcr, dass Menschen auf der ganzen Welt \u00f6fter und vergn\u00fcgt l\u00e4cheln und ihre Freude unbeschwert ausdr\u00fccken k\u00f6nnen. Die Geschichte unseres Unternehmens begann 1996 mit der Entwicklung des ersten genuin brasilianischen Gels f\u00fcr die Zahnaufhellung, dem inzwischen weltweit namhaften \u201aWhiteness Perfect\u2018 Seither hat sich viel ver\u00e4ndert, das Wesentliche [&hellip;]<\/p>\n","protected":false},"author":16,"featured_media":0,"parent":0,"menu_order":0,"comment_status":"closed","ping_status":"closed","template":"","meta":{"footnotes":""},"class_list":["post-352939","page","type-page","status-publish","hentry"],"_links":{"self":[{"href":"https:\/\/fgmdentalgroup.com\/de\/wp-json\/wp\/v2\/pages\/352939"}],"collection":[{"href":"https:\/\/fgmdentalgroup.com\/de\/wp-json\/wp\/v2\/pages"}],"about":[{"href":"https:\/\/fgmdentalgroup.com\/de\/wp-json\/wp\/v2\/types\/page"}],"author":[{"embeddable":true,"href":"https:\/\/fgmdentalgroup.com\/de\/wp-json\/wp\/v2\/users\/16"}],"replies":[{"embeddable":true,"href":"https:\/\/fgmdentalgroup.com\/de\/wp-json\/wp\/v2\/comments?post=352939"}],"version-history":[{"count":0,"href":"https:\/\/fgmdentalgroup.com\/de\/wp-json\/wp\/v2\/pages\/352939\/revisions"}],"wp:attachment":[{"href":"https:\/\/fgmdentalgroup.com\/de\/wp-json\/wp\/v2\/media?parent=352939"}],"curies":[{"name":"wp","href":"https:\/\/api.w.org\/{rel}","templated":true}]}}