{"id":361132,"date":"2022-11-14T11:28:28","date_gmt":"2022-11-14T14:28:28","guid":{"rendered":"https:\/\/fgmdentalgroup.com\/politica-de-privacidade\/"},"modified":"2025-02-11T17:08:19","modified_gmt":"2025-02-11T20:08:19","slug":"privatlivspolitik","status":"publish","type":"page","link":"https:\/\/fgmdentalgroup.com\/da\/privatlivspolitik\/","title":{"rendered":"Privatlivspolitik"},"content":{"rendered":"\t\t<div data-elementor-type=\"wp-page\" data-elementor-id=\"361132\" class=\"elementor elementor-361132 elementor-293566\" data-elementor-post-type=\"page\">\n\t\t\t\t<div class=\"elementor-element elementor-element-541b50e e-flex e-con-boxed e-con e-parent\" data-id=\"541b50e\" data-element_type=\"container\" data-settings=\"{&quot;jet_parallax_layout_list&quot;:[]}\">\n\t\t\t\t\t<div class=\"e-con-inner\">\n\t\t<div class=\"elementor-element elementor-element-cf54fcc e-flex e-con-boxed e-con e-child\" data-id=\"cf54fcc\" data-element_type=\"container\" data-settings=\"{&quot;background_background&quot;:&quot;gradient&quot;,&quot;jet_parallax_layout_list&quot;:[]}\">\n\t\t\t\t\t<div class=\"e-con-inner\">\n\t\t\t\t<div class=\"elementor-element elementor-element-8baa942 elementor-widget elementor-widget-heading\" data-id=\"8baa942\" data-element_type=\"widget\" data-widget_type=\"heading.default\">\n\t\t\t\t<div class=\"elementor-widget-container\">\n\t\t\t<h1 class=\"elementor-heading-title elementor-size-default\">Privatlivspolitik<\/h1>\t\t<\/div>\n\t\t\t\t<\/div>\n\t\t\t\t\t<\/div>\n\t\t\t\t<\/div>\n\t\t\t\t\t<\/div>\n\t\t\t\t<\/div>\n\t\t<div class=\"elementor-element elementor-element-a69db8c e-flex e-con-boxed e-con e-parent\" data-id=\"a69db8c\" data-element_type=\"container\" data-settings=\"{&quot;jet_parallax_layout_list&quot;:[]}\">\n\t\t\t\t\t<div class=\"e-con-inner\">\n\t\t\t\t<div class=\"elementor-element elementor-element-b560625 elementor-widget elementor-widget-text-editor\" data-id=\"b560625\" data-element_type=\"widget\" data-widget_type=\"text-editor.default\">\n\t\t\t\t<div class=\"elementor-widget-container\">\n\t\t\t\t\t\t\t<h2 data-start=\"110\" data-end=\"122\">1. Form\u00e5l<\/h2>\n<p data-start=\"124\" data-end=\"452\">FGM Dental Groups privatlivspolitik (&#8220;Politikken&#8221;) er udarbejdet for at demonstrere vores engagement i at beskytte brugernes (&#8220;Brugere&#8221;) privatliv og sikkerheden af deres personlige data samt for at tydeligg\u00f8re, hvordan vi behandler deres personlige oplysninger. Denne politik g\u00e6lder for FGM Dental Groups officielle hjemmeside.<\/p>\n<p data-start=\"454\" data-end=\"624\">L\u00e6s venligst denne politik omhyggeligt, og hvis du har sp\u00f8rgsm\u00e5l, er du velkommen til at kontakte os via de supportkanaler, der er angivet i slutningen af dette dokument.<\/p>\n<h2 data-start=\"626\" data-end=\"649\">2. Anvendelsesomr\u00e5de<\/h2>\n<p data-start=\"651\" data-end=\"717\">Dette dokument g\u00e6lder for FGM Dental Groups officielle hjemmeside.<\/p>\n<h2 data-start=\"719\" data-end=\"735\">3. Referencer<\/h2>\n<ul data-start=\"737\" data-end=\"811\">\n<li data-start=\"737\" data-end=\"811\">Lov 13.709\/2018 \u2013 Den brasilianske generelle databeskyttelseslov (LGPD).<\/li>\n<\/ul>\n<h2 data-start=\"813\" data-end=\"831\">4. Definitioner<\/h2>\n<ul data-start=\"833\" data-end=\"3043\">\n<li data-start=\"833\" data-end=\"904\"><strong data-start=\"835\" data-end=\"864\">Databehandlingsansvarlige<\/strong>: Den dataansvarlige og databehandleren.<\/li>\n<li data-start=\"905\" data-end=\"1061\"><strong data-start=\"907\" data-end=\"924\">Dataansvarlig<\/strong>: En fysisk eller juridisk person, offentlig eller privat, der bestemmer form\u00e5lene med og midlerne til behandlingen af personoplysninger.<\/li>\n<li data-start=\"1062\" data-end=\"1257\"><strong data-start=\"1064\" data-end=\"1075\">Cookies<\/strong>: Sm\u00e5 filer, der sendes af FGM Dental Groups hjemmesider og gemmes p\u00e5 Brugerens enheder. De gemmer pr\u00e6ferencer og andre oplysninger for at tilpasse navigationen til Brugerens profil.<\/li>\n<li data-start=\"1258\" data-end=\"1462\"><strong data-start=\"1260\" data-end=\"1281\">Personoplysninger<\/strong>: Enhver information, der vedr\u00f8rer en identificeret eller identificerbar fysisk person. Eksempler: navn, adresse, skatteidentifikationsnummer, e-mail, telefonnummer, IP-adresse osv.<\/li>\n<li data-start=\"1463\" data-end=\"1845\"><strong data-start=\"1465\" data-end=\"1495\">F\u00f8lsomme personoplysninger<\/strong>: Personoplysninger, der afsl\u00f8rer race eller etnisk oprindelse, religi\u00f8se overbevisninger, politiske holdninger, fagforeningsmedlemskab eller tilknytning til religi\u00f8se, filosofiske eller politiske organisationer. Dette omfatter ogs\u00e5 sundhedsoplysninger, seksuelle pr\u00e6ferencer, genetiske eller biometriske data, n\u00e5r de er knyttet til en fysisk person.<\/li>\n<li data-start=\"1846\" data-end=\"2023\"><strong data-start=\"1848\" data-end=\"1882\">Databeskyttelsesr\u00e5dgiver (DPO)<\/strong>: En person, der fungerer som kommunikationskanal mellem FGM Dental Group, Brugerne og Brasiliens nationale databeskyttelsesmyndighed (ANPD).<\/li>\n<li data-start=\"2024\" data-end=\"2162\"><strong data-start=\"2026\" data-end=\"2049\">G\u00e6ldende lovgivning<\/strong>: Enhver lovgivning relateret til privatliv og beskyttelse af personoplysninger, is\u00e6r lov nr. 13.709\/2018 (LGPD).<\/li>\n<li data-start=\"2163\" data-end=\"2236\"><strong data-start=\"2165\" data-end=\"2180\">Vores milj\u00f8<\/strong>: Den officielle hjemmeside <a href=\"https:\/\/fgmdentalgroup.com\/da\/\" target=\"_new\" rel=\"noopener\" data-start=\"2208\" data-end=\"2235\">https:\/\/fgmdentalgroup.com\/<\/a>.<\/li>\n<li data-start=\"2237\" data-end=\"2378\"><strong data-start=\"2239\" data-end=\"2256\">Databehandler<\/strong>: En fysisk eller juridisk person, offentlig eller privat, der behandler personoplysninger p\u00e5 vegne af den dataansvarlige.<\/li>\n<li data-start=\"2379\" data-end=\"2506\"><strong data-start=\"2381\" data-end=\"2405\">Registreret \/ Bruger<\/strong>: Den fysiske person, hvis personoplysninger behandles, n\u00e5r han\/hun interagerer med FGM Dental Group.<\/li>\n<li data-start=\"2507\" data-end=\"2679\"><strong data-start=\"2509\" data-end=\"2523\">Behandling<\/strong>: Enhver operation udf\u00f8rt med personoplysninger, s\u00e5som indsamling, opbevaring, brug, overf\u00f8rsel, adgang, reproduktion, distribution, \u00e6ndring eller sletning.<\/li>\n<li data-start=\"2680\" data-end=\"2829\"><strong data-start=\"2682\" data-end=\"2714\">International dataoverf\u00f8rsel<\/strong>: Overf\u00f8rsel af personoplysninger til et fremmed land eller en international organisation, som landet er medlem af.<\/li>\n<li data-start=\"2830\" data-end=\"3043\"><strong data-start=\"2832\" data-end=\"2850\">Deling af data<\/strong>: Kommunikation, spredning, international overf\u00f8rsel, samk\u00f8ring eller f\u00e6lles behandling af databaser mellem offentlige myndigheder eller mellem disse og private enheder med specifik tilladelse.<\/li>\n<\/ul>\n<h2 data-start=\"3045\" data-end=\"3057\">5. Ansvar<\/h2>\n<p data-start=\"3059\" data-end=\"3073\">Ikke relevant.<\/p>\n<h2 data-start=\"3075\" data-end=\"3120\">6. Indsamling og brug af personoplysninger<\/h2>\n<p data-start=\"3122\" data-end=\"3425\">FGM Dental Group er forpligtet til at indsamle og behandle personoplysninger for at levere de tjenester, der er tilg\u00e6ngelige i Vores milj\u00f8, samt for at overholde lovm\u00e6ssige forpligtelser. Hvis Brugeren v\u00e6lger ikke at give visse personoplysninger, kan nogle funktioner eller tjenester v\u00e6re utilg\u00e6ngelige.<\/p>\n<p data-start=\"3427\" data-end=\"3545\">Vi kan indsamle personoplysninger direkte fra Brugeren via formularer eller, n\u00e5r Brugeren interagerer med Vores milj\u00f8.<\/p>\n<h2 data-start=\"3547\" data-end=\"3599\">7. Opdatering og n\u00f8jagtighed af personoplysninger<\/h2>\n<p data-start=\"3601\" data-end=\"3914\">Brugeren er eneansvarlig for n\u00f8jagtigheden, sandheden og opdateringen af de personoplysninger, han\/hun leverer. Vi er ikke forpligtede til at behandle personoplysninger, hvis vi mener, at behandlingen kan udg\u00f8re en overtr\u00e6delse af g\u00e6ldende lovgivning, eller hvis Brugeren anvender Vores milj\u00f8 til ulovlige form\u00e5l.<\/p>\n<h2 data-start=\"3916\" data-end=\"3930\">8. Database<\/h2>\n<p data-start=\"3932\" data-end=\"4162\">Den database, der oprettes gennem indsamlingen af personoplysninger, er vores ejendom og under vores kontrol. Adgang til og deling af oplysninger vil kun finde sted inden for de gr\u00e6nser og form\u00e5l, der er beskrevet i denne politik.<\/p>\n<h2 data-start=\"4164\" data-end=\"4184\">9. Sociale medier<\/h2>\n<p data-start=\"4186\" data-end=\"4482\">FGM Dental Group har profiler p\u00e5 sociale medier s\u00e5som Facebook, Instagram, LinkedIn, WhatsApp og YouTube for at promovere virksomheden, dens produkter og for at interagere med Brugere. Disse platforme har deres egne privatlivspolitikker, som Brugeren b\u00f8r gennemg\u00e5 p\u00e5 deres respektive hjemmesider.<\/p>\n<p data-start=\"4484\" data-end=\"4600\">FGM Dental Group er ikke ansvarlig for tredjeparts privatlivspolitikker eller for indholdet af eksterne hjemmesider.<\/p>\n<h2 data-start=\"4602\" data-end=\"4639\">10. Links til tredjepartswebsteder<\/h2>\n<p data-start=\"4641\" data-end=\"4864\">Vores milj\u00f8 kan henvise Brugeren til tredjepartswebsteder, for eksempel til jobans\u00f8gninger eller adgang til sociale medieplatforme. Disse websteder har deres egne privatlivspolitikker, som Brugeren b\u00f8r gennemg\u00e5 individuelt.<\/p>\n<p data-start=\"4866\" data-end=\"4980\">FGM Dental Group er ikke ansvarlig for tredjeparts privatlivspolitikker eller for indholdet af eksterne websteder.<\/p>\n<h2 data-start=\"4982\" data-end=\"5004\">11. Brug af cookies<\/h2>\n<p data-start=\"5006\" data-end=\"5171\">Cookies er sm\u00e5 tekstfiler, der gemmes p\u00e5 din enhed af internetbrowseren og indeholder oplysninger om dine pr\u00e6ferencer, s\u00e5som sprog, placering og sessionens varighed.<\/p>\n<p data-start=\"5173\" data-end=\"5190\">Typer af cookies:<\/p>\n<ul data-start=\"5192\" data-end=\"5682\">\n<li data-start=\"5192\" data-end=\"5295\"><strong data-start=\"5194\" data-end=\"5216\">N\u00f8dvendige cookies<\/strong>: Tillader grundl\u00e6ggende navigation og adgang til sikre omr\u00e5der p\u00e5 hjemmesiden.<\/li>\n<li data-start=\"5296\" data-end=\"5394\"><strong data-start=\"5298\" data-end=\"5320\">Analytiske cookies<\/strong>: Indsamler anonyme statistiske data til analyse af brugen af hjemmesiden.<\/li>\n<li data-start=\"5395\" data-end=\"5504\"><strong data-start=\"5397\" data-end=\"5421\">Funktionelle cookies<\/strong>: Sikrer tilg\u00e6ngeligheden af yderligere funktioner og gemmer brugerens pr\u00e6ferencer.<\/li>\n<li data-start=\"5505\" data-end=\"5588\"><strong data-start=\"5507\" data-end=\"5532\">Markedsf\u00f8ringscookies<\/strong>: Tilpasser annoncering baseret p\u00e5 Brugerens interesser.<\/li>\n<li data-start=\"5589\" data-end=\"5682\"><strong data-start=\"5591\" data-end=\"5609\">Ydelsescookies<\/strong>: Indsamler oplysninger om, hvordan Brugeren interagerer med hjemmesiden.<\/li>\n<\/ul>\n<h2 data-start=\"5684\" data-end=\"5722\">12. Opbevaring af personoplysninger<\/h2>\n<ul data-start=\"5724\" data-end=\"6122\">\n<li data-start=\"5724\" data-end=\"5894\"><strong data-start=\"5726\" data-end=\"5747\">Lagringsplacering<\/strong>: Personoplysninger opbevares i et sikkert milj\u00f8 p\u00e5 servere i Brasilien eller i cloud-tjenester, hvilket kan indeb\u00e6re international dataoverf\u00f8rsel.<\/li>\n<li data-start=\"5895\" data-end=\"5975\"><strong data-start=\"5897\" data-end=\"5919\">Opbevaringsperiode<\/strong>: Oplysninger opbevares kun s\u00e5 l\u00e6nge, det er n\u00f8dvendigt.<\/li>\n<li data-start=\"5976\" data-end=\"6122\"><strong data-start=\"5978\" data-end=\"5998\">Sletning af data<\/strong>: N\u00e5r opbevaringsperioden er udl\u00f8bet, vil personoplysninger blive slettet sikkert eller anonymiseret til statistiske form\u00e5l.<\/li>\n<\/ul>\n<h2 data-start=\"6124\" data-end=\"6138\">13. Kontakt<\/h2>\n<ul data-start=\"6140\" data-end=\"6328\">\n<li data-start=\"6140\" data-end=\"6214\"><strong data-start=\"6142\" data-end=\"6176\">Databeskyttelsesr\u00e5dgiver (DPO)<\/strong>: Wentz Vieira Advocacia Empresarial<\/li>\n<li data-start=\"6215\" data-end=\"6253\"><strong data-start=\"6217\" data-end=\"6227\">E-mail<\/strong>: <a rel=\"noopener\" data-start=\"6229\" data-end=\"6251\">dpo@fgmdentalgroup.com<\/a><\/li>\n<li data-start=\"6254\" data-end=\"6328\"><strong data-start=\"6256\" data-end=\"6267\">Adresse<\/strong>: Av. Edgar Nelson Meister, 474 \u2013 Joinville \u2013 SC, Brasilien<\/li>\n<\/ul>\n<p data-start=\"6330\" data-end=\"6365\"><em data-start=\"6330\" data-end=\"6365\">Senest opdateret: 14. april 2023.<\/em><\/p>\n\t\t\t\t\t\t<\/div>\n\t\t\t\t<\/div>\n\t\t\t\t\t<\/div>\n\t\t\t\t<\/div>\n\t\t\t\t<\/div>\n\t\t","protected":false},"excerpt":{"rendered":"<p>Privatlivspolitik 1. Form\u00e5l FGM Dental Groups privatlivspolitik (&#8220;Politikken&#8221;) er udarbejdet for at demonstrere vores engagement i at beskytte brugernes (&#8220;Brugere&#8221;) privatliv og sikkerheden af deres personlige data samt for at tydeligg\u00f8re, hvordan vi behandler deres personlige oplysninger. Denne politik g\u00e6lder for FGM Dental Groups officielle hjemmeside. L\u00e6s venligst denne politik omhyggeligt, og hvis du har [&hellip;]<\/p>\n","protected":false},"author":15,"featured_media":0,"parent":0,"menu_order":0,"comment_status":"closed","ping_status":"closed","template":"elementor_header_footer","meta":{"footnotes":""},"class_list":["post-361132","page","type-page","status-publish","hentry"],"_links":{"self":[{"href":"https:\/\/fgmdentalgroup.com\/da\/wp-json\/wp\/v2\/pages\/361132"}],"collection":[{"href":"https:\/\/fgmdentalgroup.com\/da\/wp-json\/wp\/v2\/pages"}],"about":[{"href":"https:\/\/fgmdentalgroup.com\/da\/wp-json\/wp\/v2\/types\/page"}],"author":[{"embeddable":true,"href":"https:\/\/fgmdentalgroup.com\/da\/wp-json\/wp\/v2\/users\/15"}],"replies":[{"embeddable":true,"href":"https:\/\/fgmdentalgroup.com\/da\/wp-json\/wp\/v2\/comments?post=361132"}],"version-history":[{"count":2,"href":"https:\/\/fgmdentalgroup.com\/da\/wp-json\/wp\/v2\/pages\/361132\/revisions"}],"predecessor-version":[{"id":542452,"href":"https:\/\/fgmdentalgroup.com\/da\/wp-json\/wp\/v2\/pages\/361132\/revisions\/542452"}],"wp:attachment":[{"href":"https:\/\/fgmdentalgroup.com\/da\/wp-json\/wp\/v2\/media?parent=361132"}],"curies":[{"name":"wp","href":"https:\/\/api.w.org\/{rel}","templated":true}]}}