{"id":352931,"date":"2022-10-24T01:32:03","date_gmt":"2022-10-24T04:32:03","guid":{"rendered":"https:\/\/fgmdentalgroup.com\/hvem-vi-er\/"},"modified":"2023-04-27T13:40:12","modified_gmt":"2023-04-27T16:40:12","slug":"hvem-vi-er","status":"publish","type":"page","link":"https:\/\/fgmdentalgroup.com\/da\/hvem-vi-er\/","title":{"rendered":"Hvem Vi Er"},"content":{"rendered":"\t\t<div data-elementor-type=\"wp-page\" data-elementor-id=\"352931\" class=\"elementor elementor-352931 elementor-13\" data-elementor-post-type=\"page\">\n\t\t\t\t<div class=\"elementor-element elementor-element-997ceb2 e-con-full e-flex e-con e-parent\" data-id=\"997ceb2\" data-element_type=\"container\" data-settings=\"{&quot;background_background&quot;:&quot;classic&quot;,&quot;jet_parallax_layout_list&quot;:[]}\">\n\t\t<div class=\"elementor-element elementor-element-a826079 e-flex e-con-boxed elementor-invisible e-con e-parent\" data-id=\"a826079\" data-element_type=\"container\" data-settings=\"{&quot;animation&quot;:&quot;fadeInUp&quot;,&quot;jet_parallax_layout_list&quot;:[]}\">\n\t\t\t\t\t<div class=\"e-con-inner\">\n\t\t\t\t<div class=\"elementor-element elementor-element-c36372a elementor-widget__width-initial elementor-widget elementor-widget-text-editor\" data-id=\"c36372a\" data-element_type=\"widget\" data-widget_type=\"text-editor.default\">\n\t\t\t\t<div class=\"elementor-widget-container\">\n\t\t\t\t\t\t\tVarem\u00e6rket for dit smil\t\t\t\t\t\t<\/div>\n\t\t\t\t<\/div>\n\t\t\t\t<div class=\"elementor-element elementor-element-968d51f elementor-widget__width-initial elementor-widget elementor-widget-heading\" data-id=\"968d51f\" data-element_type=\"widget\" data-widget_type=\"heading.default\">\n\t\t\t\t<div class=\"elementor-widget-container\">\n\t\t\t<h2 class=\"elementor-heading-title elementor-size-default\">FGM arbejder for, at folk over hele verden kan smile mere og st\u00f8rre uden frygt for at udtrykke deres gl\u00e6de<\/h2>\t\t<\/div>\n\t\t\t\t<\/div>\n\t\t\t\t<div class=\"elementor-element elementor-element-a94fcbf elementor-widget__width-initial elementor-widget elementor-widget-text-editor\" data-id=\"a94fcbf\" data-element_type=\"widget\" data-widget_type=\"text-editor.default\">\n\t\t\t\t<div class=\"elementor-widget-container\">\n\t\t\t\t\t\t\tVirksomhedens historie begyndte i 1996 med udviklingen af den f\u00f8rste \u00e6gte brasilianske tandblegningsgel, den nu verdensber\u00f8mte Whiteness Perfect. Siden da er der sket mange \u00e6ndringer, men essensen er den samme: Vi er varem\u00e6rket for dit smil.\t\t\t\t\t\t<\/div>\n\t\t\t\t<\/div>\n\t\t\t\t\t<\/div>\n\t\t\t\t<\/div>\n\t\t<div class=\"elementor-element elementor-element-c9ee9de e-con-full e-flex elementor-invisible e-con e-parent\" data-id=\"c9ee9de\" data-element_type=\"container\" data-settings=\"{&quot;animation&quot;:&quot;fadeInRight&quot;,&quot;jet_parallax_layout_list&quot;:[]}\">\n\t\t\t\t<div class=\"elementor-element elementor-element-55ddf26 elementor-widget elementor-widget-image\" data-id=\"55ddf26\" data-element_type=\"widget\" data-widget_type=\"image.default\">\n\t\t\t\t<div class=\"elementor-widget-container\">\n\t\t\t\t\t\t\t\t\t\t\t\t\t<img fetchpriority=\"high\" decoding=\"async\" width=\"1189\" height=\"1080\" src=\"https:\/\/fgmdentalgroup.com\/wp-content\/uploads\/2022\/11\/about-banner-2.jpg\" class=\"attachment-full size-full wp-image-336921\" alt=\"\" srcset=\"https:\/\/fgmdentalgroup.com\/wp-content\/uploads\/2022\/11\/about-banner-2.jpg 1189w, https:\/\/fgmdentalgroup.com\/wp-content\/uploads\/2022\/11\/about-banner-2-300x272.jpg 300w, https:\/\/fgmdentalgroup.com\/wp-content\/uploads\/2022\/11\/about-banner-2-1024x930.jpg 1024w, https:\/\/fgmdentalgroup.com\/wp-content\/uploads\/2022\/11\/about-banner-2-768x698.jpg 768w\" sizes=\"(max-width: 1189px) 100vw, 1189px\" title=\"\">\t\t\t\t\t\t\t\t\t\t\t\t\t<\/div>\n\t\t\t\t<\/div>\n\t\t\t\t<\/div>\n\t\t\t\t<\/div>\n\t\t<div class=\"elementor-element elementor-element-e82001c e-con-full e-flex e-con e-parent\" data-id=\"e82001c\" data-element_type=\"container\" data-settings=\"{&quot;background_background&quot;:&quot;gradient&quot;,&quot;jet_parallax_layout_list&quot;:[]}\">\n\t\t<div class=\"elementor-element elementor-element-cfdc7d2 e-flex e-con-boxed e-con e-parent\" data-id=\"cfdc7d2\" data-element_type=\"container\" data-settings=\"{&quot;jet_parallax_layout_list&quot;:[]}\">\n\t\t\t\t\t<div class=\"e-con-inner\">\n\t\t<div class=\"elementor-element elementor-element-9ebb95c e-con-full animated-slow e-flex elementor-invisible e-con e-parent\" data-id=\"9ebb95c\" data-element_type=\"container\" data-settings=\"{&quot;animation&quot;:&quot;fadeInUp&quot;,&quot;jet_parallax_layout_list&quot;:[]}\">\n\t\t\t\t<div class=\"elementor-element elementor-element-ea566b7 elementor-widget elementor-widget-heading\" data-id=\"ea566b7\" data-element_type=\"widget\" data-widget_type=\"heading.default\">\n\t\t\t\t<div class=\"elementor-widget-container\">\n\t\t\t<h2 class=\"elementor-heading-title elementor-size-default\">+400<\/h2>\t\t<\/div>\n\t\t\t\t<\/div>\n\t\t\t\t<div class=\"elementor-element elementor-element-5e84bdc elementor-widget elementor-widget-text-editor\" data-id=\"5e84bdc\" data-element_type=\"widget\" data-widget_type=\"text-editor.default\">\n\t\t\t\t<div class=\"elementor-widget-container\">\n\t\t\t\t\t\t\tPRODUKTER\t\t\t\t\t\t<\/div>\n\t\t\t\t<\/div>\n\t\t\t\t<div class=\"elementor-element elementor-element-4d17189 elementor-widget__width-initial elementor-widget elementor-widget-text-editor\" data-id=\"4d17189\" data-element_type=\"widget\" data-widget_type=\"text-editor.default\">\n\t\t\t\t<div class=\"elementor-widget-container\">\n\t\t\t\t\t\t\tMed et team af fagfolk og forskere har FGM en komplet portef\u00f8lje.\t\t\t\t\t\t<\/div>\n\t\t\t\t<\/div>\n\t\t\t\t<\/div>\n\t\t<div class=\"elementor-element elementor-element-52abf68 e-con-full animated-slow e-flex elementor-invisible e-con e-parent\" data-id=\"52abf68\" data-element_type=\"container\" data-settings=\"{&quot;animation&quot;:&quot;fadeInUp&quot;,&quot;jet_parallax_layout_list&quot;:[]}\">\n\t\t\t\t<div class=\"elementor-element elementor-element-1c725c0 elementor-widget elementor-widget-heading\" data-id=\"1c725c0\" data-element_type=\"widget\" data-widget_type=\"heading.default\">\n\t\t\t\t<div class=\"elementor-widget-container\">\n\t\t\t<h2 class=\"elementor-heading-title elementor-size-default\">+100<\/h2>\t\t<\/div>\n\t\t\t\t<\/div>\n\t\t\t\t<div class=\"elementor-element elementor-element-53035a3 elementor-widget elementor-widget-text-editor\" data-id=\"53035a3\" data-element_type=\"widget\" data-widget_type=\"text-editor.default\">\n\t\t\t\t<div class=\"elementor-widget-container\">\n\t\t\t\t\t\t\tLANDE\t\t\t\t\t\t<\/div>\n\t\t\t\t<\/div>\n\t\t\t\t<div class=\"elementor-element elementor-element-2add04c elementor-widget__width-initial elementor-widget elementor-widget-text-editor\" data-id=\"2add04c\" data-element_type=\"widget\" data-widget_type=\"text-editor.default\">\n\t\t\t\t<div class=\"elementor-widget-container\">\n\t\t\t\t\t\t\tFGM str\u00e6kker sig ud over gr\u00e6nserne. Virksomheden er til stede i over 100 lande og er salgsledende i flere af dem.\t\t\t\t\t\t<\/div>\n\t\t\t\t<\/div>\n\t\t\t\t<\/div>\n\t\t<div class=\"elementor-element elementor-element-d5fab55 e-con-full animated-slow e-flex elementor-invisible e-con e-parent\" data-id=\"d5fab55\" data-element_type=\"container\" data-settings=\"{&quot;animation&quot;:&quot;fadeInUp&quot;,&quot;jet_parallax_layout_list&quot;:[]}\">\n\t\t\t\t<div class=\"elementor-element elementor-element-0a6c67e elementor-widget elementor-widget-heading\" data-id=\"0a6c67e\" data-element_type=\"widget\" data-widget_type=\"heading.default\">\n\t\t\t\t<div class=\"elementor-widget-container\">\n\t\t\t<h2 class=\"elementor-heading-title elementor-size-default\">+50.000<\/h2>\t\t<\/div>\n\t\t\t\t<\/div>\n\t\t\t\t<div class=\"elementor-element elementor-element-36c7d1d elementor-widget elementor-widget-text-editor\" data-id=\"36c7d1d\" data-element_type=\"widget\" data-widget_type=\"text-editor.default\">\n\t\t\t\t<div class=\"elementor-widget-container\">\n\t\t\t\t\t\t\tFAGFOLK\t\t\t\t\t\t<\/div>\n\t\t\t\t<\/div>\n\t\t\t\t<div class=\"elementor-element elementor-element-a0f30f3 elementor-widget__width-initial elementor-widget elementor-widget-text-editor\" data-id=\"a0f30f3\" data-element_type=\"widget\" data-widget_type=\"text-editor.default\">\n\t\t\t\t<div class=\"elementor-widget-container\">\n\t\t\t\t\t\t\tDeling af viden og erfaringer p\u00e5 ca. 2.000 kurser, der \u00e5rligt udbydes af virksomheden.\t\t\t\t\t\t<\/div>\n\t\t\t\t<\/div>\n\t\t\t\t<\/div>\n\t\t\t\t\t<\/div>\n\t\t\t\t<\/div>\n\t\t<div class=\"elementor-element elementor-element-b63dc0b e-con-full e-flex e-con e-parent\" data-id=\"b63dc0b\" data-element_type=\"container\" data-settings=\"{&quot;jet_parallax_layout_list&quot;:[]}\">\n\t\t\t\t<div class=\"elementor-element elementor-element-7d9609d elementor-widget elementor-widget-image\" data-id=\"7d9609d\" data-element_type=\"widget\" data-widget_type=\"image.default\">\n\t\t\t\t<div class=\"elementor-widget-container\">\n\t\t\t\t\t\t\t\t\t\t\t\t\t<img decoding=\"async\" width=\"1919\" height=\"921\" src=\"https:\/\/fgmdentalgroup.com\/wp-content\/uploads\/2022\/12\/mapa-azul-en.png\" class=\"attachment-full size-full wp-image-359298\" alt=\"\" title=\"\">\t\t\t\t\t\t\t\t\t\t\t\t\t<\/div>\n\t\t\t\t<\/div>\n\t\t\t\t<div class=\"elementor-element elementor-element-8e5982a elementor-widget elementor-widget-video\" data-id=\"8e5982a\" data-element_type=\"widget\" data-settings=\"{&quot;video_type&quot;:&quot;hosted&quot;,&quot;autoplay&quot;:&quot;yes&quot;,&quot;play_on_mobile&quot;:&quot;yes&quot;,&quot;mute&quot;:&quot;yes&quot;,&quot;loop&quot;:&quot;yes&quot;}\" data-widget_type=\"video.default\">\n\t\t\t\t<div class=\"elementor-widget-container\">\n\t\t\t\t\t<div class=\"e-hosted-video elementor-wrapper elementor-open-inline\">\n\t\t\t\t\t<video class=\"elementor-video\" src=\"https:\/\/fgmdentalgroup.com\/wp-content\/uploads\/2022\/12\/mapa-paises-en.webm\" autoplay=\"\" loop=\"\" muted=\"muted\" playsinline=\"\" controlsList=\"nodownload\"><\/video>\n\t\t\t\t<\/div>\n\t\t\t\t<\/div>\n\t\t\t\t<\/div>\n\t\t\t\t<\/div>\n\t\t\t\t<\/div>\n\t\t<div class=\"elementor-element elementor-element-7637e3c e-flex e-con-boxed e-con e-parent\" data-id=\"7637e3c\" data-element_type=\"container\" data-settings=\"{&quot;background_background&quot;:&quot;classic&quot;,&quot;jet_parallax_layout_list&quot;:[]}\">\n\t\t\t\t\t<div class=\"e-con-inner\">\n\t\t<div class=\"elementor-element elementor-element-44bff0a e-con-full e-flex e-con e-parent\" data-id=\"44bff0a\" data-element_type=\"container\" data-settings=\"{&quot;jet_parallax_layout_list&quot;:[]}\">\n\t\t<div class=\"elementor-element elementor-element-3730b40 e-con-full e-flex elementor-invisible e-con e-parent\" data-id=\"3730b40\" data-element_type=\"container\" data-settings=\"{&quot;jet_parallax_layout_list&quot;:[],&quot;animation&quot;:&quot;fadeInUp&quot;}\">\n\t\t<div class=\"elementor-element elementor-element-8b6bb5f e-con-full e-flex e-con e-parent\" data-id=\"8b6bb5f\" data-element_type=\"container\" data-settings=\"{&quot;jet_parallax_layout_list&quot;:[]}\">\n\t\t\t\t<div class=\"elementor-element elementor-element-f66ea29 elementor-widget elementor-widget-heading\" data-id=\"f66ea29\" data-element_type=\"widget\" data-widget_type=\"heading.default\">\n\t\t\t\t<div class=\"elementor-widget-container\">\n\t\t\t<h3 class=\"elementor-heading-title elementor-size-default\">Missionen<\/h3>\t\t<\/div>\n\t\t\t\t<\/div>\n\t\t\t\t<div class=\"elementor-element elementor-element-17a1bed elementor-widget__width-initial elementor-widget elementor-widget-text-editor\" data-id=\"17a1bed\" data-element_type=\"widget\" data-widget_type=\"text-editor.default\">\n\t\t\t\t<div class=\"elementor-widget-container\">\n\t\t\t\t\t\t\tTilbyde sikre og innovative l\u00f8sninger til tandl\u00e6ger, der fremmer forbrugernes mundsundhed og \u00e6stetik.\t\t\t\t\t\t<\/div>\n\t\t\t\t<\/div>\n\t\t\t\t<div class=\"elementor-element elementor-element-aa54b77 elementor-widget elementor-widget-heading\" data-id=\"aa54b77\" data-element_type=\"widget\" data-widget_type=\"heading.default\">\n\t\t\t\t<div class=\"elementor-widget-container\">\n\t\t\t<h3 class=\"elementor-heading-title elementor-size-default\">Vision<\/h3>\t\t<\/div>\n\t\t\t\t<\/div>\n\t\t\t\t<div class=\"elementor-element elementor-element-e0895e9 elementor-widget__width-initial elementor-widget elementor-widget-text-editor\" data-id=\"e0895e9\" data-element_type=\"widget\" data-widget_type=\"text-editor.default\">\n\t\t\t\t<div class=\"elementor-widget-container\">\n\t\t\t\t\t\t\tAt v\u00e6re blandt de f\u00f8rende verdensbrands med de bedste tandl\u00f8sninger.\t\t\t\t\t\t<\/div>\n\t\t\t\t<\/div>\n\t\t\t\t<\/div>\n\t\t<div class=\"elementor-element elementor-element-a09db7d e-con-full e-flex e-con e-parent\" data-id=\"a09db7d\" data-element_type=\"container\" data-settings=\"{&quot;jet_parallax_layout_list&quot;:[]}\">\n\t\t\t\t<div class=\"elementor-element elementor-element-c375390 elementor-widget elementor-widget-heading\" data-id=\"c375390\" data-element_type=\"widget\" data-widget_type=\"heading.default\">\n\t\t\t\t<div class=\"elementor-widget-container\">\n\t\t\t<h3 class=\"elementor-heading-title elementor-size-default\">V\u00e6rdier<\/h3>\t\t<\/div>\n\t\t\t\t<\/div>\n\t\t\t\t<div class=\"elementor-element elementor-element-2190d68 elementor-widget__width-initial elementor-widget elementor-widget-text-editor\" data-id=\"2190d68\" data-element_type=\"widget\" data-widget_type=\"text-editor.default\">\n\t\t\t\t<div class=\"elementor-widget-container\">\n\t\t\t\t\t\t\t<b>Innovation:<\/b> At g\u00e5 ud over;\t\t\t\t\t\t<\/div>\n\t\t\t\t<\/div>\n\t\t\t\t<div class=\"elementor-element elementor-element-1bb563f elementor-widget__width-initial elementor-widget elementor-widget-text-editor\" data-id=\"1bb563f\" data-element_type=\"widget\" data-widget_type=\"text-editor.default\">\n\t\t\t\t<div class=\"elementor-widget-container\">\n\t\t\t\t\t\t\t<b>Pr\u00e6station:<\/b> kapacitet til at opn\u00e5 fremragende resultater;\t\t\t\t\t\t<\/div>\n\t\t\t\t<\/div>\n\t\t\t\t<div class=\"elementor-element elementor-element-3537c81 elementor-widget__width-initial elementor-widget elementor-widget-text-editor\" data-id=\"3537c81\" data-element_type=\"widget\" data-widget_type=\"text-editor.default\">\n\t\t\t\t<div class=\"elementor-widget-container\">\n\t\t\t\t\t\t\t<b>Lidenskab:<\/b> passionerede mennesker med beslutsomhed med det form\u00e5l at transformere smil, engageret p\u00e5 daglig basis med den bedste praksis og resultater, spredes med konstruktive holdninger;\t\t\t\t\t\t<\/div>\n\t\t\t\t<\/div>\n\t\t\t\t<div class=\"elementor-element elementor-element-56c230f elementor-widget__width-initial elementor-widget elementor-widget-text-editor\" data-id=\"56c230f\" data-element_type=\"widget\" data-widget_type=\"text-editor.default\">\n\t\t\t\t<div class=\"elementor-widget-container\">\n\t\t\t\t\t\t\t<b>Videnskabelige grundprincipper:<\/b> Videnskabelige unders\u00f8gelser, der viser produkternes effektivitet og sikkerhed;\t\t\t\t\t\t<\/div>\n\t\t\t\t<\/div>\n\t\t\t\t<div class=\"elementor-element elementor-element-c412234 elementor-widget__width-initial elementor-widget elementor-widget-text-editor\" data-id=\"c412234\" data-element_type=\"widget\" data-widget_type=\"text-editor.default\">\n\t\t\t\t<div class=\"elementor-widget-container\">\n\t\t\t\t\t\t\t<b>Smidighed:<\/b> En kultur med de korteste svartider;\t\t\t\t\t\t<\/div>\n\t\t\t\t<\/div>\n\t\t\t\t<\/div>\n\t\t\t\t<\/div>\n\t\t\t\t<\/div>\n\t\t\t\t\t<\/div>\n\t\t\t\t<\/div>\n\t\t<div class=\"elementor-element elementor-element-16ed010 e-flex e-con-boxed e-con e-parent\" data-id=\"16ed010\" data-element_type=\"container\" data-settings=\"{&quot;jet_parallax_layout_list&quot;:[]}\">\n\t\t\t\t\t<div class=\"e-con-inner\">\n\t\t<div class=\"elementor-element elementor-element-39cb55d e-con-full e-flex e-con e-parent\" data-id=\"39cb55d\" data-element_type=\"container\" data-settings=\"{&quot;jet_parallax_layout_list&quot;:[]}\">\n\t\t<div class=\"elementor-element elementor-element-3930fc2 e-con-full e-flex e-con e-parent\" data-id=\"3930fc2\" data-element_type=\"container\" data-settings=\"{&quot;jet_parallax_layout_list&quot;:[]}\">\n\t\t<div class=\"elementor-element elementor-element-ff3735f e-con-full e-flex elementor-invisible e-con e-parent\" data-id=\"ff3735f\" data-element_type=\"container\" data-settings=\"{&quot;animation&quot;:&quot;fadeInUp&quot;,&quot;jet_parallax_layout_list&quot;:[]}\">\n\t\t\t\t<div class=\"elementor-element elementor-element-9723d4a elementor-widget elementor-widget-text-editor\" data-id=\"9723d4a\" data-element_type=\"widget\" data-widget_type=\"text-editor.default\">\n\t\t\t\t<div class=\"elementor-widget-container\">\n\t\t\t\t\t\t\tKvalitetspolitik\t\t\t\t\t\t<\/div>\n\t\t\t\t<\/div>\n\t\t\t\t<div class=\"elementor-element elementor-element-c8a8d14 elementor-widget elementor-widget-heading\" data-id=\"c8a8d14\" data-element_type=\"widget\" data-widget_type=\"heading.default\">\n\t\t\t\t<div class=\"elementor-widget-container\">\n\t\t\t<h3 class=\"elementor-heading-title elementor-size-default\">Vi arbejder hen imod global konkurrenceevne p\u00e5 sundhedsomr\u00e5det, s\u00e6rligt inden for odontologi, og garanterer patienternes og fagfolks anerkendelse af brandet.<\/h3>\t\t<\/div>\n\t\t\t\t<\/div>\n\t\t\t\t<div class=\"elementor-element elementor-element-ef55cf6 elementor-widget elementor-widget-text-editor\" data-id=\"ef55cf6\" data-element_type=\"widget\" data-widget_type=\"text-editor.default\">\n\t\t\t\t<div class=\"elementor-widget-container\">\n\t\t\t\t\t\t\t<ul>\n<li>Formidle teknisk og videnskabelig viden.<\/li>\n<li>Opmuntre til l\u00f8bende forbedring af processer for at fremme organisatorisk ekspertise.<\/li>\n<li>S\u00f8rg for sikre og sunde arbejdsforhold p\u00e5 en b\u00e6redygtig m\u00e5de, med beskyttelse af milj\u00f8et og tilg\u00e6ngelige naturressourcer.<\/li>\n<li>Overhold lovm\u00e6ssige krav og bevar effektiviteten af \u200b\u200bkvalitetsstyringssystemet.<\/li>\n<li>Sikre brandgenkendelse af kunder og fagfolk p\u00e5 tandl\u00e6gemarkedet.<\/li>\n<\/ul>\t\t\t\t\t\t<\/div>\n\t\t\t\t<\/div>\n\t\t\t\t<div class=\"elementor-element elementor-element-f260f76 elementor-widget-divider--view-line elementor-widget elementor-widget-divider\" data-id=\"f260f76\" data-element_type=\"widget\" data-widget_type=\"divider.default\">\n\t\t\t\t<div class=\"elementor-widget-container\">\n\t\t\t\t\t<div class=\"elementor-divider\">\n\t\t\t<span class=\"elementor-divider-separator\">\n\t\t\t\t\t\t<\/span>\n\t\t<\/div>\n\t\t\t\t<\/div>\n\t\t\t\t<\/div>\n\t\t\t\t<div class=\"elementor-element elementor-element-de89da9 elementor-widget elementor-widget-text-editor\" data-id=\"de89da9\" data-element_type=\"widget\" data-widget_type=\"text-editor.default\">\n\t\t\t\t<div class=\"elementor-widget-container\">\n\t\t\t\t\t\t\t<p><strong>MQ20<\/strong><br \/><strong>Revision:<\/strong>\u00a016<br \/><strong>Dato:<\/strong>\u00a022\/11\/2021<\/p>\n\t\t\t\t\t\t<\/div>\n\t\t\t\t<\/div>\n\t\t\t\t<\/div>\n\t\t<div class=\"elementor-element elementor-element-32f96c2 e-con-full e-flex elementor-invisible e-con e-parent\" data-id=\"32f96c2\" data-element_type=\"container\" data-settings=\"{&quot;animation&quot;:&quot;fadeInRight&quot;,&quot;jet_parallax_layout_list&quot;:[]}\">\n\t\t\t\t<div class=\"elementor-element elementor-element-a75f80f elementor-widget elementor-widget-image\" data-id=\"a75f80f\" data-element_type=\"widget\" data-widget_type=\"image.default\">\n\t\t\t\t<div class=\"elementor-widget-container\">\n\t\t\t\t\t\t\t\t\t\t\t\t\t<img decoding=\"async\" width=\"800\" height=\"737\" src=\"https:\/\/fgmdentalgroup.com\/wp-content\/uploads\/2022\/11\/policy-quality-bf39d5b107af795e0ab15d2e1fde2a28f8cde27d6e906e0c28411ef0fcef26a2-1024x943.jpg\" class=\"attachment-large size-large wp-image-336926\" alt=\"\" srcset=\"https:\/\/fgmdentalgroup.com\/wp-content\/uploads\/2022\/11\/policy-quality-bf39d5b107af795e0ab15d2e1fde2a28f8cde27d6e906e0c28411ef0fcef26a2-1024x943.jpg 1024w, https:\/\/fgmdentalgroup.com\/wp-content\/uploads\/2022\/11\/policy-quality-bf39d5b107af795e0ab15d2e1fde2a28f8cde27d6e906e0c28411ef0fcef26a2-300x276.jpg 300w, https:\/\/fgmdentalgroup.com\/wp-content\/uploads\/2022\/11\/policy-quality-bf39d5b107af795e0ab15d2e1fde2a28f8cde27d6e906e0c28411ef0fcef26a2-768x707.jpg 768w, https:\/\/fgmdentalgroup.com\/wp-content\/uploads\/2022\/11\/policy-quality-bf39d5b107af795e0ab15d2e1fde2a28f8cde27d6e906e0c28411ef0fcef26a2.jpg 1136w\" sizes=\"(max-width: 800px) 100vw, 800px\" title=\"\">\t\t\t\t\t\t\t\t\t\t\t\t\t<\/div>\n\t\t\t\t<\/div>\n\t\t\t\t<\/div>\n\t\t\t\t<\/div>\n\t\t\t\t<\/div>\n\t\t\t\t\t<\/div>\n\t\t\t\t<\/div>\n\t\t\t\t<\/div>\n\t\t","protected":false},"excerpt":{"rendered":"<p>Varem\u00e6rket for dit smil FGM arbejder for, at folk over hele verden kan smile mere og st\u00f8rre uden frygt for at udtrykke deres gl\u00e6de Virksomhedens historie begyndte i 1996 med udviklingen af den f\u00f8rste \u00e6gte brasilianske tandblegningsgel, den nu verdensber\u00f8mte Whiteness Perfect. Siden da er der sket mange \u00e6ndringer, men essensen er den samme: Vi [&hellip;]<\/p>\n","protected":false},"author":16,"featured_media":0,"parent":0,"menu_order":0,"comment_status":"closed","ping_status":"closed","template":"","meta":{"footnotes":""},"class_list":["post-352931","page","type-page","status-publish","hentry"],"_links":{"self":[{"href":"https:\/\/fgmdentalgroup.com\/da\/wp-json\/wp\/v2\/pages\/352931"}],"collection":[{"href":"https:\/\/fgmdentalgroup.com\/da\/wp-json\/wp\/v2\/pages"}],"about":[{"href":"https:\/\/fgmdentalgroup.com\/da\/wp-json\/wp\/v2\/types\/page"}],"author":[{"embeddable":true,"href":"https:\/\/fgmdentalgroup.com\/da\/wp-json\/wp\/v2\/users\/16"}],"replies":[{"embeddable":true,"href":"https:\/\/fgmdentalgroup.com\/da\/wp-json\/wp\/v2\/comments?post=352931"}],"version-history":[{"count":0,"href":"https:\/\/fgmdentalgroup.com\/da\/wp-json\/wp\/v2\/pages\/352931\/revisions"}],"wp:attachment":[{"href":"https:\/\/fgmdentalgroup.com\/da\/wp-json\/wp\/v2\/media?parent=352931"}],"curies":[{"name":"wp","href":"https:\/\/api.w.org\/{rel}","templated":true}]}}